{"id":279,"date":"2019-07-09T14:09:47","date_gmt":"2019-07-09T14:09:47","guid":{"rendered":"http:\/\/onesafesoftware.com\/software\/se\/?page_id=279"},"modified":"2019-07-10T15:15:59","modified_gmt":"2019-07-10T15:15:59","slug":"uninstall","status":"publish","type":"page","link":"https:\/\/onesafesoftware.com\/software\/se\/uninstall","title":{"rendered":"S\u00e5 h\u00e4r avinstallerar du programvaran"},"content":{"rendered":"<h2 class=\"title center lines\">Hur du enkelt raderar OneSafe PC Cleaner<\/h2>\n<h4>V\u00e5r programvara har skapats f\u00f6r att uppfylla alla v\u00e5ra kunders f\u00f6rv\u00e4ntningar. Om du d\u00e4remot inte \u00e4r n\u00f6jd med OneSafe PC Cleaner, kan du f\u00f6lja anvisningarna nedan f\u00f6r att ta bort den helt fr\u00e5n din dator<\/h4>\n<p>&nbsp;<\/p>\n<h2 class=\"blue_bg\"><strong>WINDOWS 10<\/strong><\/h2>\n<p>V\u00e4lj Start-knappen, v\u00e4lj <img loading=\"lazy\" src=\"\/software\/fr\/wp-content\/uploads\/sites\/2\/2018\/05\/icon-2.png\" alt=\"\" width=\"43\" height=\"36\" class=\"\" \/>\u00a0sedan Inst\u00e4llningar och appar. <img src=\"\/software\/fr\/wp-content\/uploads\/sites\/2\/2018\/05\/icon.png\" alt=\"\" \/><\/p>\n<p>V\u00e4lj det program du vill radera och v\u00e4lj sedan Avinstallera.<\/p>\n<p><img src=\"\/software\/wp-content\/uploads\/2018\/06\/screen-EN.png\" alt=\"\" style=\"height: 435px; border: 1px solid;\" \/><\/p>\n<p>F\u00f6lj anvisningarna p\u00e5 sk\u00e4rmen.<\/p>\n<h2 class=\"blue_bg\"><strong>WINDOWS 8<\/strong><\/h2>\n<p>Det finns tv\u00e5 s\u00e4tt att ta bort OneSafe PC Cleaner p\u00e5 i Windows 8:<\/p>\n<h2 class=\"blue_bg\"><strong>Metod <\/strong>1<\/h2>\n<p>H\u00f6gerklicka p\u00e5 OneSafe PC Cleaner p\u00e5 startsidan. Ett verktygsf\u00e4lt visas l\u00e4ngst ner p\u00e5 sk\u00e4rmen.<\/p>\n<p>Klicka p\u00e5 \u201dAvinstallera\u201d, sedan p\u00e5 \u00ab\u00a0Avinstallera\u00a0\u00bb en g\u00e5ng till f\u00f6r att bekr\u00e4fta att du vill radera OneSafe PC Cleaner.<\/p>\n<h2 class=\"blue_bg\"><strong>Metod <\/strong>2<\/h2>\n<p>\u00d6ppna startsk\u00e4rmen och skriv in \u201dKontrollpanelen\u201d. Klicka sedan p\u00e5 \u201dKontrollpanelen\u201d.<\/p>\n<p>V\u00e4lj \u201dAvinstallera ett program\u201d<\/p>\n<p>V\u00e4lj sedan OneSafe PC Cleaner f\u00f6r att ta bort det och klicka p\u00e5 \u201dAvinstallera\u201d<\/p>\n<h2><strong>Windows XP<\/strong><\/h2>\n<p>Klicka p\u00e5 \u201dStart\u201d (l\u00e4ngst ner till v\u00e4nster p\u00e5 sk\u00e4rmen), flytta till \u201dInst\u00e4llningar\u201d, klicka sedan p\u00e5 \u201dKontrollpanelen\u201d och klicka d\u00e4refter p\u00e5:<\/p>\n<p><strong><i>\u00ab L\u00e4gg till eller ta bort program \u00bb<\/i><\/strong><\/p>\n<p>Lokalisera OneSafe PC Cleaner i listan med program och klicka p\u00e5 \u201dTa bort\u201d<\/p>\n<h2><strong>Windows 7 och Windows Vista<\/strong><\/h2>\n<p>Klicka p\u00e5 \u201dStart\u201d (l\u00e4ngst ner till v\u00e4nster p\u00e5 sk\u00e4rmen), flytta till \u201dInst\u00e4llningar\u201d, klicka sedan p\u00e5 \u201dKontrollpanelen\u201d och klicka d\u00e4refter p\u00e5:<\/p>\n<p><strong><i>Klicka p\u00e5 \u201dStart\u201d (l\u00e4ngst ner till v\u00e4nster p\u00e5 sk\u00e4rmen), klicka sedan p\u00e5 \u201dKontrollpanelen\u201d och klicka d\u00e4refter p\u00e5 \u201dProgram och funktioner\u201d<\/i><\/strong><\/p>\n<p>Lokalisera OneSafe PC Cleaner i listan med program och klicka p\u00e5 \u201dAvinstallera\u201d<\/p>\n<p><img src=\"\/software\/wp-content\/uploads\/2018\/06\/w7-EN.jpg\" alt=\"\" width=\"741\" class=\"alignnone size-full wp-image-267\" \/><\/p>\n","protected":false},"excerpt":{"rendered":"<p>Hur du enkelt raderar OneSafe PC Cleaner V\u00e5r programvara har skapats f\u00f6r att uppfylla alla v\u00e5ra kunders f\u00f6rv\u00e4ntningar. Om du d\u00e4remot inte \u00e4r n\u00f6jd med OneSafe PC Cleaner, kan du f\u00f6lja anvisningarna nedan f\u00f6r att ta bort den helt fr\u00e5n din dator &nbsp; WINDOWS 10 V\u00e4lj Start-knappen, v\u00e4lj \u00a0sedan Inst\u00e4llningar och appar. V\u00e4lj det program [&hellip;]<\/p>\n","protected":false},"author":2,"featured_media":0,"parent":0,"menu_order":0,"comment_status":"closed","ping_status":"closed","template":"","meta":[],"acf":[],"yoast_head":"<!-- This site is optimized with the Yoast SEO plugin v17.7.1 - https:\/\/yoast.com\/wordpress\/plugins\/seo\/ -->\n<meta name=\"robots\" content=\"index, follow, max-snippet:-1, max-image-preview:large, max-video-preview:-1\" \/>\n<link rel=\"canonical\" href=\"https:\/\/onesafesoftware.com\/software\/se\/uninstall\" \/>\n<meta property=\"og:locale\" content=\"en_US\" \/>\n<meta property=\"og:type\" content=\"article\" \/>\n<meta property=\"og:title\" content=\"S\u00e5 h\u00e4r avinstallerar du programvaran - OneSafe Software SE\" \/>\n<meta property=\"og:description\" content=\"Hur du enkelt raderar OneSafe PC Cleaner V\u00e5r programvara har skapats f\u00f6r att uppfylla alla v\u00e5ra kunders f\u00f6rv\u00e4ntningar. Om du d\u00e4remot inte \u00e4r n\u00f6jd med OneSafe PC Cleaner, kan du f\u00f6lja anvisningarna nedan f\u00f6r att ta bort den helt fr\u00e5n din dator &nbsp; WINDOWS 10 V\u00e4lj Start-knappen, v\u00e4lj \u00a0sedan Inst\u00e4llningar och appar. V\u00e4lj det program [&hellip;]\" \/>\n<meta property=\"og:url\" content=\"https:\/\/onesafesoftware.com\/software\/se\/uninstall\" \/>\n<meta property=\"og:site_name\" content=\"OneSafe Software SE\" \/>\n<meta property=\"article:modified_time\" content=\"2019-07-10T15:15:59+00:00\" \/>\n<meta property=\"og:image\" content=\"https:\/\/onesafesoftware.com\/software\/fr\/wp-content\/uploads\/sites\/2\/2018\/05\/icon-2.png\" \/>\n<meta name=\"twitter:card\" content=\"summary_large_image\" \/>\n<meta name=\"twitter:label1\" content=\"Est. reading time\" \/>\n\t<meta name=\"twitter:data1\" content=\"1 minute\" \/>\n<script type=\"application\/ld+json\" class=\"yoast-schema-graph\">{\"@context\":\"https:\/\/schema.org\",\"@graph\":[{\"@type\":\"WebSite\",\"@id\":\"https:\/\/onesafesoftware.com\/software\/se\/#website\",\"url\":\"https:\/\/onesafesoftware.com\/software\/se\/\",\"name\":\"OneSafe Software SE\",\"description\":\"Just another OneSafe Software Sites site\",\"potentialAction\":[{\"@type\":\"SearchAction\",\"target\":{\"@type\":\"EntryPoint\",\"urlTemplate\":\"https:\/\/onesafesoftware.com\/software\/se\/?s={search_term_string}\"},\"query-input\":\"required name=search_term_string\"}],\"inLanguage\":\"en-US\"},{\"@type\":\"ImageObject\",\"@id\":\"https:\/\/onesafesoftware.com\/software\/se\/uninstall#primaryimage\",\"inLanguage\":\"en-US\",\"url\":\"\/software\/fr\/wp-content\/uploads\/sites\/2\/2018\/05\/icon-2.png\",\"contentUrl\":\"\/software\/fr\/wp-content\/uploads\/sites\/2\/2018\/05\/icon-2.png\"},{\"@type\":\"WebPage\",\"@id\":\"https:\/\/onesafesoftware.com\/software\/se\/uninstall#webpage\",\"url\":\"https:\/\/onesafesoftware.com\/software\/se\/uninstall\",\"name\":\"S\\u00e5 h\\u00e4r avinstallerar du programvaran - OneSafe Software SE\",\"isPartOf\":{\"@id\":\"https:\/\/onesafesoftware.com\/software\/se\/#website\"},\"primaryImageOfPage\":{\"@id\":\"https:\/\/onesafesoftware.com\/software\/se\/uninstall#primaryimage\"},\"datePublished\":\"2019-07-09T14:09:47+00:00\",\"dateModified\":\"2019-07-10T15:15:59+00:00\",\"breadcrumb\":{\"@id\":\"https:\/\/onesafesoftware.com\/software\/se\/uninstall#breadcrumb\"},\"inLanguage\":\"en-US\",\"potentialAction\":[{\"@type\":\"ReadAction\",\"target\":[\"https:\/\/onesafesoftware.com\/software\/se\/uninstall\"]}]},{\"@type\":\"BreadcrumbList\",\"@id\":\"https:\/\/onesafesoftware.com\/software\/se\/uninstall#breadcrumb\",\"itemListElement\":[{\"@type\":\"ListItem\",\"position\":1,\"name\":\"Home\",\"item\":\"https:\/\/onesafesoftware.com\/software\/se\/\"},{\"@type\":\"ListItem\",\"position\":2,\"name\":\"S\\u00e5 h\\u00e4r avinstallerar du programvaran\"}]}]}<\/script>\n<!-- \/ Yoast SEO plugin. -->","yoast_head_json":{"robots":{"index":"index","follow":"follow","max-snippet":"max-snippet:-1","max-image-preview":"max-image-preview:large","max-video-preview":"max-video-preview:-1"},"canonical":"https:\/\/onesafesoftware.com\/software\/se\/uninstall","og_locale":"en_US","og_type":"article","og_title":"S\u00e5 h\u00e4r avinstallerar du programvaran - OneSafe Software SE","og_description":"Hur du enkelt raderar OneSafe PC Cleaner V\u00e5r programvara har skapats f\u00f6r att uppfylla alla v\u00e5ra kunders f\u00f6rv\u00e4ntningar. Om du d\u00e4remot inte \u00e4r n\u00f6jd med OneSafe PC Cleaner, kan du f\u00f6lja anvisningarna nedan f\u00f6r att ta bort den helt fr\u00e5n din dator &nbsp; WINDOWS 10 V\u00e4lj Start-knappen, v\u00e4lj \u00a0sedan Inst\u00e4llningar och appar. V\u00e4lj det program [&hellip;]","og_url":"https:\/\/onesafesoftware.com\/software\/se\/uninstall","og_site_name":"OneSafe Software SE","article_modified_time":"2019-07-10T15:15:59+00:00","og_image":[{"url":"https:\/\/onesafesoftware.com\/software\/fr\/wp-content\/uploads\/sites\/2\/2018\/05\/icon-2.png"}],"twitter_card":"summary_large_image","twitter_misc":{"Est. reading time":"1 minute"},"schema":{"@context":"https:\/\/schema.org","@graph":[{"@type":"WebSite","@id":"https:\/\/onesafesoftware.com\/software\/se\/#website","url":"https:\/\/onesafesoftware.com\/software\/se\/","name":"OneSafe Software SE","description":"Just another OneSafe Software Sites site","potentialAction":[{"@type":"SearchAction","target":{"@type":"EntryPoint","urlTemplate":"https:\/\/onesafesoftware.com\/software\/se\/?s={search_term_string}"},"query-input":"required name=search_term_string"}],"inLanguage":"en-US"},{"@type":"ImageObject","@id":"https:\/\/onesafesoftware.com\/software\/se\/uninstall#primaryimage","inLanguage":"en-US","url":"\/software\/fr\/wp-content\/uploads\/sites\/2\/2018\/05\/icon-2.png","contentUrl":"\/software\/fr\/wp-content\/uploads\/sites\/2\/2018\/05\/icon-2.png"},{"@type":"WebPage","@id":"https:\/\/onesafesoftware.com\/software\/se\/uninstall#webpage","url":"https:\/\/onesafesoftware.com\/software\/se\/uninstall","name":"S\u00e5 h\u00e4r avinstallerar du programvaran - OneSafe Software SE","isPartOf":{"@id":"https:\/\/onesafesoftware.com\/software\/se\/#website"},"primaryImageOfPage":{"@id":"https:\/\/onesafesoftware.com\/software\/se\/uninstall#primaryimage"},"datePublished":"2019-07-09T14:09:47+00:00","dateModified":"2019-07-10T15:15:59+00:00","breadcrumb":{"@id":"https:\/\/onesafesoftware.com\/software\/se\/uninstall#breadcrumb"},"inLanguage":"en-US","potentialAction":[{"@type":"ReadAction","target":["https:\/\/onesafesoftware.com\/software\/se\/uninstall"]}]},{"@type":"BreadcrumbList","@id":"https:\/\/onesafesoftware.com\/software\/se\/uninstall#breadcrumb","itemListElement":[{"@type":"ListItem","position":1,"name":"Home","item":"https:\/\/onesafesoftware.com\/software\/se\/"},{"@type":"ListItem","position":2,"name":"S\u00e5 h\u00e4r avinstallerar du programvaran"}]}]}},"_links":{"self":[{"href":"https:\/\/onesafesoftware.com\/software\/se\/wp-json\/wp\/v2\/pages\/279"}],"collection":[{"href":"https:\/\/onesafesoftware.com\/software\/se\/wp-json\/wp\/v2\/pages"}],"about":[{"href":"https:\/\/onesafesoftware.com\/software\/se\/wp-json\/wp\/v2\/types\/page"}],"author":[{"embeddable":true,"href":"https:\/\/onesafesoftware.com\/software\/se\/wp-json\/wp\/v2\/users\/2"}],"replies":[{"embeddable":true,"href":"https:\/\/onesafesoftware.com\/software\/se\/wp-json\/wp\/v2\/comments?post=279"}],"version-history":[{"count":4,"href":"https:\/\/onesafesoftware.com\/software\/se\/wp-json\/wp\/v2\/pages\/279\/revisions"}],"predecessor-version":[{"id":284,"href":"https:\/\/onesafesoftware.com\/software\/se\/wp-json\/wp\/v2\/pages\/279\/revisions\/284"}],"wp:attachment":[{"href":"https:\/\/onesafesoftware.com\/software\/se\/wp-json\/wp\/v2\/media?parent=279"}],"curies":[{"name":"wp","href":"https:\/\/api.w.org\/{rel}","templated":true}]}}