{"id":288,"date":"2019-07-09T13:53:57","date_gmt":"2019-07-09T13:53:57","guid":{"rendered":"http:\/\/onesafesoftware.com\/software\/no\/?page_id=288"},"modified":"2019-07-10T15:11:22","modified_gmt":"2019-07-10T15:11:22","slug":"uninstall","status":"publish","type":"page","link":"https:\/\/onesafesoftware.com\/software\/no\/uninstall","title":{"rendered":"Slik avinstallerer du denne programvaren"},"content":{"rendered":"<h2 class=\"title center lines\">Slik sletter du enkelt OneSafe PC Cleaner<\/h2>\n<h4>Programvaren v\u00e5r er utformet for \u00e5 im\u00f8tekomme kundens forventninger. Men hvis du ikke er fullstendig forn\u00f8yd med OneSafe PC Cleaner, kan du f\u00f8lge instruksjonene nedenfor for \u00e5 fjerne det fullstendig fra datamaskinen din<\/h4>\n<p>&nbsp;<\/p>\n<h2 class=\"blue_bg\"><strong>WINDOWS 10<\/strong><\/h2>\n<p>Velg Start-knappen og <img src=\"\/software\/fr\/wp-content\/uploads\/sites\/2\/2018\/05\/icon.png\" alt=\"\" \/>\u00a0velg deretter Innstillinger og <img loading=\"lazy\" src=\"\/software\/fr\/wp-content\/uploads\/sites\/2\/2018\/05\/icon-2.png\" alt=\"\" width=\"43\" height=\"36\" class=\"\" \/>\u00a0apper.<\/p>\n<p>Velg programmet du \u00f8nsker \u00e5 slette og velg deretter Avinstaller.<\/p>\n<p><img src=\"\/software\/wp-content\/uploads\/2018\/06\/screen-EN.png\" alt=\"\" style=\"height: 435px; border: 1px solid;\" \/><\/p>\n<p>F\u00f8lg instruksjonene p\u00e5 skjermen.<\/p>\n<h2 class=\"blue_bg\"><strong>WINDOWS 8<\/strong><\/h2>\n<p>Det finnes to metoder for \u00e5 fjerne OneSafe PC Cleaner i Windows 8:<\/p>\n<h2 class=\"blue_bg\"><strong>METODE NR\u00b0<\/strong>1<\/h2>\n<p>H\u00f8yreklikk p\u00e5 OneSafe PC Cleaner p\u00e5 hjemmesiden. En verkt\u00f8ylinje vises nede p\u00e5 skjermen.<\/p>\n<p>Klikk p\u00e5 \u00abAvinstaller\u00bb, deretter p\u00e5 \u00abAvinstaller\u00bb en gang til for \u00e5 bekrefte at du \u00f8nsker \u00e5 slette OneSafe PC Cleaner.<\/p>\n<h2 class=\"blue_bg\"><strong>METODE NR\u00b0<\/strong>2<\/h2>\n<p>G\u00e5 til startskjermen og skriv inn \u00abKontrollpanel\u00bb. Klikk deretter p\u00e5 \u00abKontrollpanel\u00bb.<\/p>\n<p>Velg \u00abAvinstaller et program\u00bb<\/p>\n<p>Velg deretter OneSafe PC Cleaner for \u00e5 fjerne det og klikk p\u00e5 \u00abAvinstaller\u00bb<\/p>\n<h2><strong>Windows XP<\/strong><\/h2>\n<p>Klikk p\u00e5 \u00abStart\u00bb (nede til venstre p\u00e5 skjermen), g\u00e5 til \u00abInnstillinger\u00bb og klikk deretter p\u00e5 \u00abKontrollpanel\u00bb og klikk s\u00e5 p\u00e5:<\/p>\n<p><strong><em>\u00abLegge til eller fjerne program\u00bb<\/em><\/strong><\/p>\n<p>Finn OneSafe PC Cleaner p\u00e5 listen over programmer og klikk deretter p\u00e5 \u00abFjern\u00bb<\/p>\n<h2><strong>Windows 7 &amp; Windows Vista<\/strong><\/h2>\n<p>Klikk p\u00e5 \u00abStart\u00bb (nede til venstre p\u00e5 skjermen), g\u00e5 til \u00abInnstillinger\u00bb og klikk deretter p\u00e5 \u00abKontrollpanel\u00bb og klikk s\u00e5 p\u00e5:<\/p>\n<p><strong><em>Klikk p\u00e5 \u00abStart\u00bb (nederst til venstre p\u00e5 skjermen), klikk deretter p\u00e5 \u00abKontrollpanel\u00bb og s\u00e5 p\u00e5 \u00abProgrammer og funksjoner\u00bb<\/em><\/strong><\/p>\n<p>Finn OneSafe PC Cleaner p\u00e5 listen over programmer og klikk deretter p\u00e5 \u00abAvinstaller\u00bb<\/p>\n<p><img src=\"\/software\/wp-content\/uploads\/2018\/06\/w7-EN.jpg\" alt=\"\" width=\"741\" class=\"alignnone size-full wp-image-267\" \/><\/p>\n","protected":false},"excerpt":{"rendered":"<p>Slik sletter du enkelt OneSafe PC Cleaner Programvaren v\u00e5r er utformet for \u00e5 im\u00f8tekomme kundens forventninger. Men hvis du ikke er fullstendig forn\u00f8yd med OneSafe PC Cleaner, kan du f\u00f8lge instruksjonene nedenfor for \u00e5 fjerne det fullstendig fra datamaskinen din &nbsp; WINDOWS 10 Velg Start-knappen og \u00a0velg deretter Innstillinger og \u00a0apper. Velg programmet du \u00f8nsker [&hellip;]<\/p>\n","protected":false},"author":2,"featured_media":0,"parent":0,"menu_order":0,"comment_status":"closed","ping_status":"closed","template":"","meta":[],"acf":[],"yoast_head":"<!-- This site is optimized with the Yoast SEO plugin v17.7.1 - https:\/\/yoast.com\/wordpress\/plugins\/seo\/ -->\n<meta name=\"robots\" content=\"index, follow, max-snippet:-1, max-image-preview:large, max-video-preview:-1\" \/>\n<link rel=\"canonical\" href=\"https:\/\/onesafesoftware.com\/software\/no\/uninstall\" \/>\n<meta property=\"og:locale\" content=\"en_US\" \/>\n<meta property=\"og:type\" content=\"article\" \/>\n<meta property=\"og:title\" content=\"Slik avinstallerer du denne programvaren - OneSafe Software NO\" \/>\n<meta property=\"og:description\" content=\"Slik sletter du enkelt OneSafe PC Cleaner Programvaren v\u00e5r er utformet for \u00e5 im\u00f8tekomme kundens forventninger. Men hvis du ikke er fullstendig forn\u00f8yd med OneSafe PC Cleaner, kan du f\u00f8lge instruksjonene nedenfor for \u00e5 fjerne det fullstendig fra datamaskinen din &nbsp; WINDOWS 10 Velg Start-knappen og \u00a0velg deretter Innstillinger og \u00a0apper. Velg programmet du \u00f8nsker [&hellip;]\" \/>\n<meta property=\"og:url\" content=\"https:\/\/onesafesoftware.com\/software\/no\/uninstall\" \/>\n<meta property=\"og:site_name\" content=\"OneSafe Software NO\" \/>\n<meta property=\"article:modified_time\" content=\"2019-07-10T15:11:22+00:00\" \/>\n<meta property=\"og:image\" content=\"https:\/\/onesafesoftware.com\/software\/fr\/wp-content\/uploads\/sites\/2\/2018\/05\/icon.png\" \/>\n<meta name=\"twitter:card\" content=\"summary_large_image\" \/>\n<meta name=\"twitter:label1\" content=\"Est. reading time\" \/>\n\t<meta name=\"twitter:data1\" content=\"1 minute\" \/>\n<script type=\"application\/ld+json\" class=\"yoast-schema-graph\">{\"@context\":\"https:\/\/schema.org\",\"@graph\":[{\"@type\":\"WebSite\",\"@id\":\"https:\/\/onesafesoftware.com\/software\/no\/#website\",\"url\":\"https:\/\/onesafesoftware.com\/software\/no\/\",\"name\":\"OneSafe Software NO\",\"description\":\"Just another OneSafe Software Sites site\",\"potentialAction\":[{\"@type\":\"SearchAction\",\"target\":{\"@type\":\"EntryPoint\",\"urlTemplate\":\"https:\/\/onesafesoftware.com\/software\/no\/?s={search_term_string}\"},\"query-input\":\"required name=search_term_string\"}],\"inLanguage\":\"en-US\"},{\"@type\":\"ImageObject\",\"@id\":\"https:\/\/onesafesoftware.com\/software\/no\/uninstall#primaryimage\",\"inLanguage\":\"en-US\",\"url\":\"\/software\/fr\/wp-content\/uploads\/sites\/2\/2018\/05\/icon.png\",\"contentUrl\":\"\/software\/fr\/wp-content\/uploads\/sites\/2\/2018\/05\/icon.png\"},{\"@type\":\"WebPage\",\"@id\":\"https:\/\/onesafesoftware.com\/software\/no\/uninstall#webpage\",\"url\":\"https:\/\/onesafesoftware.com\/software\/no\/uninstall\",\"name\":\"Slik avinstallerer du denne programvaren - OneSafe Software NO\",\"isPartOf\":{\"@id\":\"https:\/\/onesafesoftware.com\/software\/no\/#website\"},\"primaryImageOfPage\":{\"@id\":\"https:\/\/onesafesoftware.com\/software\/no\/uninstall#primaryimage\"},\"datePublished\":\"2019-07-09T13:53:57+00:00\",\"dateModified\":\"2019-07-10T15:11:22+00:00\",\"breadcrumb\":{\"@id\":\"https:\/\/onesafesoftware.com\/software\/no\/uninstall#breadcrumb\"},\"inLanguage\":\"en-US\",\"potentialAction\":[{\"@type\":\"ReadAction\",\"target\":[\"https:\/\/onesafesoftware.com\/software\/no\/uninstall\"]}]},{\"@type\":\"BreadcrumbList\",\"@id\":\"https:\/\/onesafesoftware.com\/software\/no\/uninstall#breadcrumb\",\"itemListElement\":[{\"@type\":\"ListItem\",\"position\":1,\"name\":\"Home\",\"item\":\"https:\/\/onesafesoftware.com\/software\/no\/\"},{\"@type\":\"ListItem\",\"position\":2,\"name\":\"Slik avinstallerer du denne programvaren\"}]}]}<\/script>\n<!-- \/ Yoast SEO plugin. -->","yoast_head_json":{"robots":{"index":"index","follow":"follow","max-snippet":"max-snippet:-1","max-image-preview":"max-image-preview:large","max-video-preview":"max-video-preview:-1"},"canonical":"https:\/\/onesafesoftware.com\/software\/no\/uninstall","og_locale":"en_US","og_type":"article","og_title":"Slik avinstallerer du denne programvaren - OneSafe Software NO","og_description":"Slik sletter du enkelt OneSafe PC Cleaner Programvaren v\u00e5r er utformet for \u00e5 im\u00f8tekomme kundens forventninger. Men hvis du ikke er fullstendig forn\u00f8yd med OneSafe PC Cleaner, kan du f\u00f8lge instruksjonene nedenfor for \u00e5 fjerne det fullstendig fra datamaskinen din &nbsp; WINDOWS 10 Velg Start-knappen og \u00a0velg deretter Innstillinger og \u00a0apper. Velg programmet du \u00f8nsker [&hellip;]","og_url":"https:\/\/onesafesoftware.com\/software\/no\/uninstall","og_site_name":"OneSafe Software NO","article_modified_time":"2019-07-10T15:11:22+00:00","og_image":[{"url":"https:\/\/onesafesoftware.com\/software\/fr\/wp-content\/uploads\/sites\/2\/2018\/05\/icon.png"}],"twitter_card":"summary_large_image","twitter_misc":{"Est. reading time":"1 minute"},"schema":{"@context":"https:\/\/schema.org","@graph":[{"@type":"WebSite","@id":"https:\/\/onesafesoftware.com\/software\/no\/#website","url":"https:\/\/onesafesoftware.com\/software\/no\/","name":"OneSafe Software NO","description":"Just another OneSafe Software Sites site","potentialAction":[{"@type":"SearchAction","target":{"@type":"EntryPoint","urlTemplate":"https:\/\/onesafesoftware.com\/software\/no\/?s={search_term_string}"},"query-input":"required name=search_term_string"}],"inLanguage":"en-US"},{"@type":"ImageObject","@id":"https:\/\/onesafesoftware.com\/software\/no\/uninstall#primaryimage","inLanguage":"en-US","url":"\/software\/fr\/wp-content\/uploads\/sites\/2\/2018\/05\/icon.png","contentUrl":"\/software\/fr\/wp-content\/uploads\/sites\/2\/2018\/05\/icon.png"},{"@type":"WebPage","@id":"https:\/\/onesafesoftware.com\/software\/no\/uninstall#webpage","url":"https:\/\/onesafesoftware.com\/software\/no\/uninstall","name":"Slik avinstallerer du denne programvaren - OneSafe Software NO","isPartOf":{"@id":"https:\/\/onesafesoftware.com\/software\/no\/#website"},"primaryImageOfPage":{"@id":"https:\/\/onesafesoftware.com\/software\/no\/uninstall#primaryimage"},"datePublished":"2019-07-09T13:53:57+00:00","dateModified":"2019-07-10T15:11:22+00:00","breadcrumb":{"@id":"https:\/\/onesafesoftware.com\/software\/no\/uninstall#breadcrumb"},"inLanguage":"en-US","potentialAction":[{"@type":"ReadAction","target":["https:\/\/onesafesoftware.com\/software\/no\/uninstall"]}]},{"@type":"BreadcrumbList","@id":"https:\/\/onesafesoftware.com\/software\/no\/uninstall#breadcrumb","itemListElement":[{"@type":"ListItem","position":1,"name":"Home","item":"https:\/\/onesafesoftware.com\/software\/no\/"},{"@type":"ListItem","position":2,"name":"Slik avinstallerer du denne programvaren"}]}]}},"_links":{"self":[{"href":"https:\/\/onesafesoftware.com\/software\/no\/wp-json\/wp\/v2\/pages\/288"}],"collection":[{"href":"https:\/\/onesafesoftware.com\/software\/no\/wp-json\/wp\/v2\/pages"}],"about":[{"href":"https:\/\/onesafesoftware.com\/software\/no\/wp-json\/wp\/v2\/types\/page"}],"author":[{"embeddable":true,"href":"https:\/\/onesafesoftware.com\/software\/no\/wp-json\/wp\/v2\/users\/2"}],"replies":[{"embeddable":true,"href":"https:\/\/onesafesoftware.com\/software\/no\/wp-json\/wp\/v2\/comments?post=288"}],"version-history":[{"count":3,"href":"https:\/\/onesafesoftware.com\/software\/no\/wp-json\/wp\/v2\/pages\/288\/revisions"}],"predecessor-version":[{"id":294,"href":"https:\/\/onesafesoftware.com\/software\/no\/wp-json\/wp\/v2\/pages\/288\/revisions\/294"}],"wp:attachment":[{"href":"https:\/\/onesafesoftware.com\/software\/no\/wp-json\/wp\/v2\/media?parent=288"}],"curies":[{"name":"wp","href":"https:\/\/api.w.org\/{rel}","templated":true}]}}