{"id":410,"date":"2021-04-01T12:34:09","date_gmt":"2021-04-01T12:34:09","guid":{"rendered":"http:\/\/onesafesoftware.com\/software\/it\/?page_id=410"},"modified":"2021-04-06T09:58:28","modified_gmt":"2021-04-06T09:58:28","slug":"distruzione-di-file-e-foto","status":"publish","type":"page","link":"https:\/\/onesafesoftware.com\/software\/it\/assistenza\/pc-cleaner\/distruzione-di-file-e-foto","title":{"rendered":"Distruzione di file e foto"},"content":{"rendered":"<p>Questa funzione \u00e8 disponibile soltanto in PC Cleaner Platinum<\/p>\n<p>Per aumentare la sicurezza del PC, \u00e8 possibile distruggere le informazioni importanti che non devono poter essere recuperate dal computer. La distruzione di file, foto e altri elementi \u00e8 un\u2019operazione di sovrascrittura ripetuta un certo numero di volte dei dati contenuti nei file. Maggiore \u00e8 il numero di sovrascritture dei dati, pi\u00f9 difficile sar\u00e0 recuperare le informazioni per i programmi di recupero del software.<\/p>\n<p>Avvertenza! Un file distrutto non potr\u00e0 pi\u00f9 essere recuperato.Prima di distruggere un file, occorre avere la certezza assoluta di non averne pi\u00f9 bisogno.<\/p>\n<h3>Menu Distruggi<\/h3>\n<p>Dal menu Distruggi si accede alle seguenti opzioni:<\/p>\n<p><strong>Aggiungi file<\/strong><span>\u00a0<\/span>\u2013 selezionare nel computer un file da distruggere.<\/p>\n<p><strong>Rimuovi file<\/strong><span>\u00a0<\/span>\u2013 rimuovere un file dall\u2019elenco che era stato selezionato ma non si vuole pi\u00f9 distruggere.<\/p>\n<p><strong>Cancella tutto<\/strong><span>\u00a0<\/span>\u2013 rimuovere tutti i file selezionati dalla lista dei file da distruggere.<\/p>\n<p><strong>Cestino<\/strong><span>\u00a0<\/span>\u2013 aggiungere tutti i file del cestino nella lista dei file da distruggere.<\/p>\n<p><strong>Distruggi<\/strong><span>\u00a0<\/span>\u2013 dopo avere selezionato i file da distruggere, fare clic su Distruggi.<\/p>\n<p>Livello di distruzione \u2013 Sono disponibili tre livelli di distruzione con 1, 5 o 35 sovrascritture. 1 sovrascrittura \u00e8 generalmente sufficiente per rendere impossibile il recupero di un file. Usare le impostazioni 5 o 35 sovrascritture solo in casi estremi in cui occorre la certezza assoluta che il file non potr\u00e0 essere recuperato nemmeno con i programmi di recupero dati pi\u00f9 sofisticati.<\/p>\n","protected":false},"excerpt":{"rendered":"<p>Questa funzione \u00e8 disponibile soltanto in PC Cleaner Platinum Per aumentare la sicurezza del PC, \u00e8 possibile distruggere le informazioni importanti che non devono poter essere recuperate dal computer. La distruzione di file, foto e altri elementi \u00e8 un\u2019operazione di sovrascrittura ripetuta un certo numero di volte dei dati contenuti nei file. Maggiore \u00e8 il [&hellip;]<\/p>\n","protected":false},"author":1,"featured_media":0,"parent":359,"menu_order":0,"comment_status":"closed","ping_status":"closed","template":"","meta":[],"acf":[],"yoast_head":"<!-- This site is optimized with the Yoast SEO plugin v17.7.1 - https:\/\/yoast.com\/wordpress\/plugins\/seo\/ -->\n<meta name=\"robots\" content=\"noindex, follow\" \/>\n<meta property=\"og:locale\" content=\"en_US\" \/>\n<meta property=\"og:type\" content=\"article\" \/>\n<meta property=\"og:title\" content=\"Distruzione di file e foto - OneSafe Software IT\" \/>\n<meta property=\"og:description\" content=\"Questa funzione \u00e8 disponibile soltanto in PC Cleaner Platinum Per aumentare la sicurezza del PC, \u00e8 possibile distruggere le informazioni importanti che non devono poter essere recuperate dal computer. La distruzione di file, foto e altri elementi \u00e8 un\u2019operazione di sovrascrittura ripetuta un certo numero di volte dei dati contenuti nei file. Maggiore \u00e8 il [&hellip;]\" \/>\n<meta property=\"og:url\" content=\"https:\/\/onesafesoftware.com\/software\/it\/assistenza\/pc-cleaner\/distruzione-di-file-e-foto\" \/>\n<meta property=\"og:site_name\" content=\"OneSafe Software IT\" \/>\n<meta property=\"article:modified_time\" content=\"2021-04-06T09:58:28+00:00\" \/>\n<meta name=\"twitter:card\" content=\"summary_large_image\" \/>\n<meta name=\"twitter:label1\" content=\"Est. reading time\" \/>\n\t<meta name=\"twitter:data1\" content=\"2 minutes\" \/>\n<script type=\"application\/ld+json\" class=\"yoast-schema-graph\">{\"@context\":\"https:\/\/schema.org\",\"@graph\":[{\"@type\":\"WebSite\",\"@id\":\"https:\/\/onesafesoftware.com\/software\/it\/#website\",\"url\":\"https:\/\/onesafesoftware.com\/software\/it\/\",\"name\":\"OneSafe Software IT\",\"description\":\"Just another OneSafe Software Sites site\",\"potentialAction\":[{\"@type\":\"SearchAction\",\"target\":{\"@type\":\"EntryPoint\",\"urlTemplate\":\"https:\/\/onesafesoftware.com\/software\/it\/?s={search_term_string}\"},\"query-input\":\"required name=search_term_string\"}],\"inLanguage\":\"en-US\"},{\"@type\":\"WebPage\",\"@id\":\"https:\/\/onesafesoftware.com\/software\/it\/assistenza\/pc-cleaner\/distruzione-di-file-e-foto#webpage\",\"url\":\"https:\/\/onesafesoftware.com\/software\/it\/assistenza\/pc-cleaner\/distruzione-di-file-e-foto\",\"name\":\"Distruzione di file e foto - OneSafe Software IT\",\"isPartOf\":{\"@id\":\"https:\/\/onesafesoftware.com\/software\/it\/#website\"},\"datePublished\":\"2021-04-01T12:34:09+00:00\",\"dateModified\":\"2021-04-06T09:58:28+00:00\",\"breadcrumb\":{\"@id\":\"https:\/\/onesafesoftware.com\/software\/it\/assistenza\/pc-cleaner\/distruzione-di-file-e-foto#breadcrumb\"},\"inLanguage\":\"en-US\",\"potentialAction\":[{\"@type\":\"ReadAction\",\"target\":[\"https:\/\/onesafesoftware.com\/software\/it\/assistenza\/pc-cleaner\/distruzione-di-file-e-foto\"]}]},{\"@type\":\"BreadcrumbList\",\"@id\":\"https:\/\/onesafesoftware.com\/software\/it\/assistenza\/pc-cleaner\/distruzione-di-file-e-foto#breadcrumb\",\"itemListElement\":[{\"@type\":\"ListItem\",\"position\":1,\"name\":\"Home\",\"item\":\"https:\/\/onesafesoftware.com\/software\/it\/\"},{\"@type\":\"ListItem\",\"position\":2,\"name\":\"Assistenza\",\"item\":\"https:\/\/onesafesoftware.com\/software\/it\/assistenza\"},{\"@type\":\"ListItem\",\"position\":3,\"name\":\"PC Cleaner\",\"item\":\"https:\/\/onesafesoftware.com\/software\/it\/assistenza\/pc-cleaner\"},{\"@type\":\"ListItem\",\"position\":4,\"name\":\"Distruzione di file e foto\"}]}]}<\/script>\n<!-- \/ Yoast SEO plugin. -->","yoast_head_json":{"robots":{"index":"noindex","follow":"follow"},"og_locale":"en_US","og_type":"article","og_title":"Distruzione di file e foto - OneSafe Software IT","og_description":"Questa funzione \u00e8 disponibile soltanto in PC Cleaner Platinum Per aumentare la sicurezza del PC, \u00e8 possibile distruggere le informazioni importanti che non devono poter essere recuperate dal computer. La distruzione di file, foto e altri elementi \u00e8 un\u2019operazione di sovrascrittura ripetuta un certo numero di volte dei dati contenuti nei file. Maggiore \u00e8 il [&hellip;]","og_url":"https:\/\/onesafesoftware.com\/software\/it\/assistenza\/pc-cleaner\/distruzione-di-file-e-foto","og_site_name":"OneSafe Software IT","article_modified_time":"2021-04-06T09:58:28+00:00","twitter_card":"summary_large_image","twitter_misc":{"Est. reading time":"2 minutes"},"schema":{"@context":"https:\/\/schema.org","@graph":[{"@type":"WebSite","@id":"https:\/\/onesafesoftware.com\/software\/it\/#website","url":"https:\/\/onesafesoftware.com\/software\/it\/","name":"OneSafe Software IT","description":"Just another OneSafe Software Sites site","potentialAction":[{"@type":"SearchAction","target":{"@type":"EntryPoint","urlTemplate":"https:\/\/onesafesoftware.com\/software\/it\/?s={search_term_string}"},"query-input":"required name=search_term_string"}],"inLanguage":"en-US"},{"@type":"WebPage","@id":"https:\/\/onesafesoftware.com\/software\/it\/assistenza\/pc-cleaner\/distruzione-di-file-e-foto#webpage","url":"https:\/\/onesafesoftware.com\/software\/it\/assistenza\/pc-cleaner\/distruzione-di-file-e-foto","name":"Distruzione di file e foto - OneSafe Software IT","isPartOf":{"@id":"https:\/\/onesafesoftware.com\/software\/it\/#website"},"datePublished":"2021-04-01T12:34:09+00:00","dateModified":"2021-04-06T09:58:28+00:00","breadcrumb":{"@id":"https:\/\/onesafesoftware.com\/software\/it\/assistenza\/pc-cleaner\/distruzione-di-file-e-foto#breadcrumb"},"inLanguage":"en-US","potentialAction":[{"@type":"ReadAction","target":["https:\/\/onesafesoftware.com\/software\/it\/assistenza\/pc-cleaner\/distruzione-di-file-e-foto"]}]},{"@type":"BreadcrumbList","@id":"https:\/\/onesafesoftware.com\/software\/it\/assistenza\/pc-cleaner\/distruzione-di-file-e-foto#breadcrumb","itemListElement":[{"@type":"ListItem","position":1,"name":"Home","item":"https:\/\/onesafesoftware.com\/software\/it\/"},{"@type":"ListItem","position":2,"name":"Assistenza","item":"https:\/\/onesafesoftware.com\/software\/it\/assistenza"},{"@type":"ListItem","position":3,"name":"PC Cleaner","item":"https:\/\/onesafesoftware.com\/software\/it\/assistenza\/pc-cleaner"},{"@type":"ListItem","position":4,"name":"Distruzione di file e foto"}]}]}},"_links":{"self":[{"href":"https:\/\/onesafesoftware.com\/software\/it\/wp-json\/wp\/v2\/pages\/410"}],"collection":[{"href":"https:\/\/onesafesoftware.com\/software\/it\/wp-json\/wp\/v2\/pages"}],"about":[{"href":"https:\/\/onesafesoftware.com\/software\/it\/wp-json\/wp\/v2\/types\/page"}],"author":[{"embeddable":true,"href":"https:\/\/onesafesoftware.com\/software\/it\/wp-json\/wp\/v2\/users\/1"}],"replies":[{"embeddable":true,"href":"https:\/\/onesafesoftware.com\/software\/it\/wp-json\/wp\/v2\/comments?post=410"}],"version-history":[{"count":1,"href":"https:\/\/onesafesoftware.com\/software\/it\/wp-json\/wp\/v2\/pages\/410\/revisions"}],"predecessor-version":[{"id":411,"href":"https:\/\/onesafesoftware.com\/software\/it\/wp-json\/wp\/v2\/pages\/410\/revisions\/411"}],"up":[{"embeddable":true,"href":"https:\/\/onesafesoftware.com\/software\/it\/wp-json\/wp\/v2\/pages\/359"}],"wp:attachment":[{"href":"https:\/\/onesafesoftware.com\/software\/it\/wp-json\/wp\/v2\/media?parent=410"}],"curies":[{"name":"wp","href":"https:\/\/api.w.org\/{rel}","templated":true}]}}