{"id":371,"date":"2021-04-01T12:21:39","date_gmt":"2021-04-01T12:21:39","guid":{"rendered":"http:\/\/onesafesoftware.com\/software\/it\/?page_id=371"},"modified":"2021-04-06T09:58:33","modified_gmt":"2021-04-06T09:58:33","slug":"impostazioni","status":"publish","type":"page","link":"https:\/\/onesafesoftware.com\/software\/it\/assistenza\/pc-cleaner\/impostazioni","title":{"rendered":"Impostazioni"},"content":{"rendered":"<p><strong>Lista di esclusione<\/strong><span>\u00a0<\/span>\u2013 \u00e8 possibile selezionare di escludere dalle future scansioni alcune chiavi o file di registro.<\/p>\n<p>Esclusione delle chiavi di registro \u2013 consigliamo di agire con estrema cautela quando si escludono i percorsi di registro.Se delle chiavi di registro non valide vengono create nel percorso escluso, PC Cleaner non potr\u00e0 tenere traccia di quei registri e non potr\u00e0 perci\u00f2 pulire completamente ed ottimizzare il vostro registro.<\/p>\n<p>Esclusione di file \u2013 \u00c8 possibile che vi siano alcuni file che preferite non cancellare e che vogliate escluderli dalle future scansioni, per esempio cookie che contengono credenziali di accesso che utilizzate automaticamente quando visitate un sito di fiducia. Usate la Lista di esclusione per selezionare i file da escludere dalle future scansioni.Se si sono gi\u00e0 esclusi alcuni file durante una scansione dati sensibili, questi file saranno visualizzati, e sar\u00e0 possibile ggiungere a quell\u2019elenco o rimuovere dallo stesso eventuali file che si desidera rimuovere dalla lista di esclusione.<\/p>\n<p><strong>Log\/Annulla<\/strong><span>\u00a0<\/span>\u2013 ogni volta che si usa PC Cleaner per rimuovere gli errori di registro o i file inutili viene creato un file registro.PC Cleaner salva questi file registro in modo che sia sempre possibile, in caso di problemi, tornare indietro e ripristinare gli elementi cancellati.In questa schermata \u00e8 possibile selezionare la posizione in cui salvare questi file registro, ed \u00e8 inoltre possibile Annullare le modifiche precedentemente effettuate dal programma.<\/p>\n","protected":false},"excerpt":{"rendered":"<p>Lista di esclusione\u00a0\u2013 \u00e8 possibile selezionare di escludere dalle future scansioni alcune chiavi o file di registro. Esclusione delle chiavi di registro \u2013 consigliamo di agire con estrema cautela quando si escludono i percorsi di registro.Se delle chiavi di registro non valide vengono create nel percorso escluso, PC Cleaner non potr\u00e0 tenere traccia di quei [&hellip;]<\/p>\n","protected":false},"author":1,"featured_media":0,"parent":359,"menu_order":0,"comment_status":"closed","ping_status":"closed","template":"","meta":[],"acf":[],"yoast_head":"<!-- This site is optimized with the Yoast SEO plugin v17.7.1 - https:\/\/yoast.com\/wordpress\/plugins\/seo\/ -->\n<meta name=\"robots\" content=\"noindex, follow\" \/>\n<meta property=\"og:locale\" content=\"en_US\" \/>\n<meta property=\"og:type\" content=\"article\" \/>\n<meta property=\"og:title\" content=\"Impostazioni - OneSafe Software IT\" \/>\n<meta property=\"og:description\" content=\"Lista di esclusione\u00a0\u2013 \u00e8 possibile selezionare di escludere dalle future scansioni alcune chiavi o file di registro. Esclusione delle chiavi di registro \u2013 consigliamo di agire con estrema cautela quando si escludono i percorsi di registro.Se delle chiavi di registro non valide vengono create nel percorso escluso, PC Cleaner non potr\u00e0 tenere traccia di quei [&hellip;]\" \/>\n<meta property=\"og:url\" content=\"https:\/\/onesafesoftware.com\/software\/it\/assistenza\/pc-cleaner\/impostazioni\" \/>\n<meta property=\"og:site_name\" content=\"OneSafe Software IT\" \/>\n<meta property=\"article:modified_time\" content=\"2021-04-06T09:58:33+00:00\" \/>\n<meta name=\"twitter:card\" content=\"summary_large_image\" \/>\n<meta name=\"twitter:label1\" content=\"Est. reading time\" \/>\n\t<meta name=\"twitter:data1\" content=\"1 minute\" \/>\n<script type=\"application\/ld+json\" class=\"yoast-schema-graph\">{\"@context\":\"https:\/\/schema.org\",\"@graph\":[{\"@type\":\"WebSite\",\"@id\":\"https:\/\/onesafesoftware.com\/software\/it\/#website\",\"url\":\"https:\/\/onesafesoftware.com\/software\/it\/\",\"name\":\"OneSafe Software IT\",\"description\":\"Just another OneSafe Software Sites site\",\"potentialAction\":[{\"@type\":\"SearchAction\",\"target\":{\"@type\":\"EntryPoint\",\"urlTemplate\":\"https:\/\/onesafesoftware.com\/software\/it\/?s={search_term_string}\"},\"query-input\":\"required name=search_term_string\"}],\"inLanguage\":\"en-US\"},{\"@type\":\"WebPage\",\"@id\":\"https:\/\/onesafesoftware.com\/software\/it\/assistenza\/pc-cleaner\/impostazioni#webpage\",\"url\":\"https:\/\/onesafesoftware.com\/software\/it\/assistenza\/pc-cleaner\/impostazioni\",\"name\":\"Impostazioni - OneSafe Software IT\",\"isPartOf\":{\"@id\":\"https:\/\/onesafesoftware.com\/software\/it\/#website\"},\"datePublished\":\"2021-04-01T12:21:39+00:00\",\"dateModified\":\"2021-04-06T09:58:33+00:00\",\"breadcrumb\":{\"@id\":\"https:\/\/onesafesoftware.com\/software\/it\/assistenza\/pc-cleaner\/impostazioni#breadcrumb\"},\"inLanguage\":\"en-US\",\"potentialAction\":[{\"@type\":\"ReadAction\",\"target\":[\"https:\/\/onesafesoftware.com\/software\/it\/assistenza\/pc-cleaner\/impostazioni\"]}]},{\"@type\":\"BreadcrumbList\",\"@id\":\"https:\/\/onesafesoftware.com\/software\/it\/assistenza\/pc-cleaner\/impostazioni#breadcrumb\",\"itemListElement\":[{\"@type\":\"ListItem\",\"position\":1,\"name\":\"Home\",\"item\":\"https:\/\/onesafesoftware.com\/software\/it\/\"},{\"@type\":\"ListItem\",\"position\":2,\"name\":\"Assistenza\",\"item\":\"https:\/\/onesafesoftware.com\/software\/it\/assistenza\"},{\"@type\":\"ListItem\",\"position\":3,\"name\":\"PC Cleaner\",\"item\":\"https:\/\/onesafesoftware.com\/software\/it\/assistenza\/pc-cleaner\"},{\"@type\":\"ListItem\",\"position\":4,\"name\":\"Impostazioni\"}]}]}<\/script>\n<!-- \/ Yoast SEO plugin. -->","yoast_head_json":{"robots":{"index":"noindex","follow":"follow"},"og_locale":"en_US","og_type":"article","og_title":"Impostazioni - OneSafe Software IT","og_description":"Lista di esclusione\u00a0\u2013 \u00e8 possibile selezionare di escludere dalle future scansioni alcune chiavi o file di registro. Esclusione delle chiavi di registro \u2013 consigliamo di agire con estrema cautela quando si escludono i percorsi di registro.Se delle chiavi di registro non valide vengono create nel percorso escluso, PC Cleaner non potr\u00e0 tenere traccia di quei [&hellip;]","og_url":"https:\/\/onesafesoftware.com\/software\/it\/assistenza\/pc-cleaner\/impostazioni","og_site_name":"OneSafe Software IT","article_modified_time":"2021-04-06T09:58:33+00:00","twitter_card":"summary_large_image","twitter_misc":{"Est. reading time":"1 minute"},"schema":{"@context":"https:\/\/schema.org","@graph":[{"@type":"WebSite","@id":"https:\/\/onesafesoftware.com\/software\/it\/#website","url":"https:\/\/onesafesoftware.com\/software\/it\/","name":"OneSafe Software IT","description":"Just another OneSafe Software Sites site","potentialAction":[{"@type":"SearchAction","target":{"@type":"EntryPoint","urlTemplate":"https:\/\/onesafesoftware.com\/software\/it\/?s={search_term_string}"},"query-input":"required name=search_term_string"}],"inLanguage":"en-US"},{"@type":"WebPage","@id":"https:\/\/onesafesoftware.com\/software\/it\/assistenza\/pc-cleaner\/impostazioni#webpage","url":"https:\/\/onesafesoftware.com\/software\/it\/assistenza\/pc-cleaner\/impostazioni","name":"Impostazioni - OneSafe Software IT","isPartOf":{"@id":"https:\/\/onesafesoftware.com\/software\/it\/#website"},"datePublished":"2021-04-01T12:21:39+00:00","dateModified":"2021-04-06T09:58:33+00:00","breadcrumb":{"@id":"https:\/\/onesafesoftware.com\/software\/it\/assistenza\/pc-cleaner\/impostazioni#breadcrumb"},"inLanguage":"en-US","potentialAction":[{"@type":"ReadAction","target":["https:\/\/onesafesoftware.com\/software\/it\/assistenza\/pc-cleaner\/impostazioni"]}]},{"@type":"BreadcrumbList","@id":"https:\/\/onesafesoftware.com\/software\/it\/assistenza\/pc-cleaner\/impostazioni#breadcrumb","itemListElement":[{"@type":"ListItem","position":1,"name":"Home","item":"https:\/\/onesafesoftware.com\/software\/it\/"},{"@type":"ListItem","position":2,"name":"Assistenza","item":"https:\/\/onesafesoftware.com\/software\/it\/assistenza"},{"@type":"ListItem","position":3,"name":"PC Cleaner","item":"https:\/\/onesafesoftware.com\/software\/it\/assistenza\/pc-cleaner"},{"@type":"ListItem","position":4,"name":"Impostazioni"}]}]}},"_links":{"self":[{"href":"https:\/\/onesafesoftware.com\/software\/it\/wp-json\/wp\/v2\/pages\/371"}],"collection":[{"href":"https:\/\/onesafesoftware.com\/software\/it\/wp-json\/wp\/v2\/pages"}],"about":[{"href":"https:\/\/onesafesoftware.com\/software\/it\/wp-json\/wp\/v2\/types\/page"}],"author":[{"embeddable":true,"href":"https:\/\/onesafesoftware.com\/software\/it\/wp-json\/wp\/v2\/users\/1"}],"replies":[{"embeddable":true,"href":"https:\/\/onesafesoftware.com\/software\/it\/wp-json\/wp\/v2\/comments?post=371"}],"version-history":[{"count":1,"href":"https:\/\/onesafesoftware.com\/software\/it\/wp-json\/wp\/v2\/pages\/371\/revisions"}],"predecessor-version":[{"id":372,"href":"https:\/\/onesafesoftware.com\/software\/it\/wp-json\/wp\/v2\/pages\/371\/revisions\/372"}],"up":[{"embeddable":true,"href":"https:\/\/onesafesoftware.com\/software\/it\/wp-json\/wp\/v2\/pages\/359"}],"wp:attachment":[{"href":"https:\/\/onesafesoftware.com\/software\/it\/wp-json\/wp\/v2\/media?parent=371"}],"curies":[{"name":"wp","href":"https:\/\/api.w.org\/{rel}","templated":true}]}}