{"id":369,"date":"2021-04-01T12:21:24","date_gmt":"2021-04-01T12:21:24","guid":{"rendered":"http:\/\/onesafesoftware.com\/software\/it\/?page_id=369"},"modified":"2021-04-06T09:58:54","modified_gmt":"2021-04-06T09:58:54","slug":"recupero","status":"publish","type":"page","link":"https:\/\/onesafesoftware.com\/software\/it\/assistenza\/pc-cleaner\/recupero","title":{"rendered":"Recupero"},"content":{"rendered":"<p>Questa funzione \u00e8 disponibile soltanto in PC Cleaner Platinum<\/p>\n<p>Usare la scansione di recupero per cercare nel computer, su unit\u00e0 esterne o schede di memoria file o foto mancanti o eliminati.Alcuni file possono essere stati danneggiati o sovrascritti. La funzione di recupero fa del suo meglio per trovare i file mancanti ma non c\u2019\u00e8 nessuna garanzia che tutti i file potranno essere completamente recuperati.<\/p>\n<h3>Recupero di uno dei seguenti tipi di file:<\/h3>\n<h4>Documenti:<\/h4>\n<ul>\n<li>Documenti Word<\/li>\n<li>Documenti Excel<\/li>\n<li>Documenti Powerpoint<\/li>\n<li>Documenti di testo<\/li>\n<li>Documenti PDF<\/li>\n<\/ul>\n<h4>Foto\/immagini:<\/h4>\n<ul>\n<li>JPG<\/li>\n<li>GIF<\/li>\n<li>PNG<\/li>\n<li>BMP<\/li>\n<li>ICO<\/li>\n<\/ul>\n<h4>Archivi:<\/h4>\n<ul>\n<li>ZIP<\/li>\n<li>RAR<\/li>\n<li>7Z<\/li>\n<\/ul>\n<h3>Menu Recupero<\/h3>\n<p>Selezionare l\u2019unit\u00e0 da analizzare per trovare file mancanti o eliminati.L\u2019impostazione predefinita per la scansione \u00e8 l\u2019unit\u00e0 C: Per analizzare un\u2019unit\u00e0 esterna o una scheda di memoria, connettere semplicemente il dispositivo al PC e usare la freccia verso il basso per selezionare l\u2019unit\u00e0 desiderata.<\/p>\n<p>Selezionare il tipo di file mancante da trovare.Per impostazione predefinita vengono selezionate le 4 categorie.Deselezionare la casella accanto alle categorie da escludere dalla scansione.<\/p>\n<p>Fare clic su \u201cAvvio scansione\u201d per iniziare a cercare nel computer file mancanti o eliminati.<\/p>\n<p><strong>Ricerca di file recuperabili<\/strong><span>\u00a0<\/span>\u2013 La ricerca di file recuperabili pu\u00f2 richiedere diversi minuti. La barra di avanzamento mostra lo stato della scansione.Durante la scansione viene visualizzato il numero di file trovati.<\/p>\n<p><strong>Annulla una scansione<\/strong><span>\u00a0<\/span>\u2013 \u00c8 possibile annullare una scansione in corso facendo clic sul pulsante \u201cAnnulla\u201d. Si avr\u00e0 la possibilit\u00e0 di recuperare i file eliminati gi\u00e0 individuati dalla scansione prima dell\u2019annullamento.<\/p>\n<h3>Recupero di file<\/h3>\n<p>Dopo una scansione, i risultati vengono visualizzati nella finestra Recupero dati. I file recuperati sono suddivisi per categorie.<\/p>\n<h3>Fasi per il recupero di file<\/h3>\n<ol>\n<li>Selezionare il gruppo di file desiderati<\/li>\n<li>Dopo la selezione di un gruppo, vengono visualizzate sulla destra della finestra informazioni sui singoli elementi del gruppo.Tra queste informazioni figurano il nome, il percorso, la data e le dimensioni. Selezionare i file da recuperare.<\/li>\n<li>Fare clic sull\u2019anteprima per verificare che si tratta del file giusto.L\u2019anteprima non \u00e8 disponibile per tutti i tipi di file.<\/li>\n<li>Fare clic su Recupera per recuperare i file.<\/li>\n<\/ol>\n<p>Tra le altre opzioni della pagina figurano:<\/p>\n<p><strong>Trova<\/strong><span>\u00a0<\/span>\u2013 Usare la casella di ricerca nei risultati per cercare un determinato file.Immettere il nome del file desiderato per intero o solo in parte e fare clic sulla lente per lanciare la ricerca.<\/p>\n<p><strong>Annulla<\/strong><span>\u00a0<\/span>\u2013 Annula la selezione attuale e torna al menu Recupera.<\/p>\n<p><strong>Seleziona tutto<\/strong><span>\u00a0<\/span>\u2013 Seleziona tutti gli elementi del gruppo.<\/p>\n<p><strong>Deseleziona tutto<\/strong><span>\u00a0<\/span>\u2013 Deseleziona tutti gli elementi del gruppo.<\/p>\n","protected":false},"excerpt":{"rendered":"<p>Questa funzione \u00e8 disponibile soltanto in PC Cleaner Platinum Usare la scansione di recupero per cercare nel computer, su unit\u00e0 esterne o schede di memoria file o foto mancanti o eliminati.Alcuni file possono essere stati danneggiati o sovrascritti. La funzione di recupero fa del suo meglio per trovare i file mancanti ma non c\u2019\u00e8 nessuna [&hellip;]<\/p>\n","protected":false},"author":1,"featured_media":0,"parent":359,"menu_order":0,"comment_status":"closed","ping_status":"closed","template":"","meta":[],"acf":[],"yoast_head":"<!-- This site is optimized with the Yoast SEO plugin v17.7.1 - https:\/\/yoast.com\/wordpress\/plugins\/seo\/ -->\n<meta name=\"robots\" content=\"noindex, follow\" \/>\n<meta property=\"og:locale\" content=\"en_US\" \/>\n<meta property=\"og:type\" content=\"article\" \/>\n<meta property=\"og:title\" content=\"Recupero - OneSafe Software IT\" \/>\n<meta property=\"og:description\" content=\"Questa funzione \u00e8 disponibile soltanto in PC Cleaner Platinum Usare la scansione di recupero per cercare nel computer, su unit\u00e0 esterne o schede di memoria file o foto mancanti o eliminati.Alcuni file possono essere stati danneggiati o sovrascritti. La funzione di recupero fa del suo meglio per trovare i file mancanti ma non c\u2019\u00e8 nessuna [&hellip;]\" \/>\n<meta property=\"og:url\" content=\"https:\/\/onesafesoftware.com\/software\/it\/assistenza\/pc-cleaner\/recupero\" \/>\n<meta property=\"og:site_name\" content=\"OneSafe Software IT\" \/>\n<meta property=\"article:modified_time\" content=\"2021-04-06T09:58:54+00:00\" \/>\n<meta name=\"twitter:card\" content=\"summary_large_image\" \/>\n<meta name=\"twitter:label1\" content=\"Est. reading time\" \/>\n\t<meta name=\"twitter:data1\" content=\"2 minutes\" \/>\n<script type=\"application\/ld+json\" class=\"yoast-schema-graph\">{\"@context\":\"https:\/\/schema.org\",\"@graph\":[{\"@type\":\"WebSite\",\"@id\":\"https:\/\/onesafesoftware.com\/software\/it\/#website\",\"url\":\"https:\/\/onesafesoftware.com\/software\/it\/\",\"name\":\"OneSafe Software IT\",\"description\":\"Just another OneSafe Software Sites site\",\"potentialAction\":[{\"@type\":\"SearchAction\",\"target\":{\"@type\":\"EntryPoint\",\"urlTemplate\":\"https:\/\/onesafesoftware.com\/software\/it\/?s={search_term_string}\"},\"query-input\":\"required name=search_term_string\"}],\"inLanguage\":\"en-US\"},{\"@type\":\"WebPage\",\"@id\":\"https:\/\/onesafesoftware.com\/software\/it\/assistenza\/pc-cleaner\/recupero#webpage\",\"url\":\"https:\/\/onesafesoftware.com\/software\/it\/assistenza\/pc-cleaner\/recupero\",\"name\":\"Recupero - OneSafe Software IT\",\"isPartOf\":{\"@id\":\"https:\/\/onesafesoftware.com\/software\/it\/#website\"},\"datePublished\":\"2021-04-01T12:21:24+00:00\",\"dateModified\":\"2021-04-06T09:58:54+00:00\",\"breadcrumb\":{\"@id\":\"https:\/\/onesafesoftware.com\/software\/it\/assistenza\/pc-cleaner\/recupero#breadcrumb\"},\"inLanguage\":\"en-US\",\"potentialAction\":[{\"@type\":\"ReadAction\",\"target\":[\"https:\/\/onesafesoftware.com\/software\/it\/assistenza\/pc-cleaner\/recupero\"]}]},{\"@type\":\"BreadcrumbList\",\"@id\":\"https:\/\/onesafesoftware.com\/software\/it\/assistenza\/pc-cleaner\/recupero#breadcrumb\",\"itemListElement\":[{\"@type\":\"ListItem\",\"position\":1,\"name\":\"Home\",\"item\":\"https:\/\/onesafesoftware.com\/software\/it\/\"},{\"@type\":\"ListItem\",\"position\":2,\"name\":\"Assistenza\",\"item\":\"https:\/\/onesafesoftware.com\/software\/it\/assistenza\"},{\"@type\":\"ListItem\",\"position\":3,\"name\":\"PC Cleaner\",\"item\":\"https:\/\/onesafesoftware.com\/software\/it\/assistenza\/pc-cleaner\"},{\"@type\":\"ListItem\",\"position\":4,\"name\":\"Recupero\"}]}]}<\/script>\n<!-- \/ Yoast SEO plugin. -->","yoast_head_json":{"robots":{"index":"noindex","follow":"follow"},"og_locale":"en_US","og_type":"article","og_title":"Recupero - OneSafe Software IT","og_description":"Questa funzione \u00e8 disponibile soltanto in PC Cleaner Platinum Usare la scansione di recupero per cercare nel computer, su unit\u00e0 esterne o schede di memoria file o foto mancanti o eliminati.Alcuni file possono essere stati danneggiati o sovrascritti. La funzione di recupero fa del suo meglio per trovare i file mancanti ma non c\u2019\u00e8 nessuna [&hellip;]","og_url":"https:\/\/onesafesoftware.com\/software\/it\/assistenza\/pc-cleaner\/recupero","og_site_name":"OneSafe Software IT","article_modified_time":"2021-04-06T09:58:54+00:00","twitter_card":"summary_large_image","twitter_misc":{"Est. reading time":"2 minutes"},"schema":{"@context":"https:\/\/schema.org","@graph":[{"@type":"WebSite","@id":"https:\/\/onesafesoftware.com\/software\/it\/#website","url":"https:\/\/onesafesoftware.com\/software\/it\/","name":"OneSafe Software IT","description":"Just another OneSafe Software Sites site","potentialAction":[{"@type":"SearchAction","target":{"@type":"EntryPoint","urlTemplate":"https:\/\/onesafesoftware.com\/software\/it\/?s={search_term_string}"},"query-input":"required name=search_term_string"}],"inLanguage":"en-US"},{"@type":"WebPage","@id":"https:\/\/onesafesoftware.com\/software\/it\/assistenza\/pc-cleaner\/recupero#webpage","url":"https:\/\/onesafesoftware.com\/software\/it\/assistenza\/pc-cleaner\/recupero","name":"Recupero - OneSafe Software IT","isPartOf":{"@id":"https:\/\/onesafesoftware.com\/software\/it\/#website"},"datePublished":"2021-04-01T12:21:24+00:00","dateModified":"2021-04-06T09:58:54+00:00","breadcrumb":{"@id":"https:\/\/onesafesoftware.com\/software\/it\/assistenza\/pc-cleaner\/recupero#breadcrumb"},"inLanguage":"en-US","potentialAction":[{"@type":"ReadAction","target":["https:\/\/onesafesoftware.com\/software\/it\/assistenza\/pc-cleaner\/recupero"]}]},{"@type":"BreadcrumbList","@id":"https:\/\/onesafesoftware.com\/software\/it\/assistenza\/pc-cleaner\/recupero#breadcrumb","itemListElement":[{"@type":"ListItem","position":1,"name":"Home","item":"https:\/\/onesafesoftware.com\/software\/it\/"},{"@type":"ListItem","position":2,"name":"Assistenza","item":"https:\/\/onesafesoftware.com\/software\/it\/assistenza"},{"@type":"ListItem","position":3,"name":"PC Cleaner","item":"https:\/\/onesafesoftware.com\/software\/it\/assistenza\/pc-cleaner"},{"@type":"ListItem","position":4,"name":"Recupero"}]}]}},"_links":{"self":[{"href":"https:\/\/onesafesoftware.com\/software\/it\/wp-json\/wp\/v2\/pages\/369"}],"collection":[{"href":"https:\/\/onesafesoftware.com\/software\/it\/wp-json\/wp\/v2\/pages"}],"about":[{"href":"https:\/\/onesafesoftware.com\/software\/it\/wp-json\/wp\/v2\/types\/page"}],"author":[{"embeddable":true,"href":"https:\/\/onesafesoftware.com\/software\/it\/wp-json\/wp\/v2\/users\/1"}],"replies":[{"embeddable":true,"href":"https:\/\/onesafesoftware.com\/software\/it\/wp-json\/wp\/v2\/comments?post=369"}],"version-history":[{"count":1,"href":"https:\/\/onesafesoftware.com\/software\/it\/wp-json\/wp\/v2\/pages\/369\/revisions"}],"predecessor-version":[{"id":370,"href":"https:\/\/onesafesoftware.com\/software\/it\/wp-json\/wp\/v2\/pages\/369\/revisions\/370"}],"up":[{"embeddable":true,"href":"https:\/\/onesafesoftware.com\/software\/it\/wp-json\/wp\/v2\/pages\/359"}],"wp:attachment":[{"href":"https:\/\/onesafesoftware.com\/software\/it\/wp-json\/wp\/v2\/media?parent=369"}],"curies":[{"name":"wp","href":"https:\/\/api.w.org\/{rel}","templated":true}]}}