{"id":685,"date":"2021-04-01T12:01:21","date_gmt":"2021-04-01T12:01:21","guid":{"rendered":"http:\/\/onesafesoftware.com\/software\/fr\/?page_id=685"},"modified":"2021-04-06T09:40:36","modified_gmt":"2021-04-06T09:40:36","slug":"enregistrement","status":"publish","type":"page","link":"https:\/\/onesafesoftware.com\/software\/fr\/assistance\/pc-cleaner\/enregistrement","title":{"rendered":"Enregistrement"},"content":{"rendered":"<h3>Pour enregistrer PC Cleaner:<\/h3>\n<ol>\n<li>\n<ol>\n<li>Acc\u00e9dez \u00e0 l\u2019onglet Param\u00e8tres et s\u00e9lectionnez Enregistrer.<\/li>\n<li>Si vous n\u2019avez pas votre cl\u00e9 de licence, cliquez sur Enregistrez-vous maintenant pour acc\u00e9der \u00e0 la page Web permettant d\u2019obtenir la cl\u00e9 de licence.<\/li>\n<li>Apr\u00e8s vous \u00eatre procur\u00e9 la cl\u00e9 de licence, entrez votre nom (ou le nom de votre soci\u00e9t\u00e9) et la cl\u00e9 de licence, puis cliquez sur le bouton Enregistrer.<\/li>\n<\/ol>\n<\/li>\n<\/ol>\n<p>En cas de probl\u00e8me, contactez le support technique \u00e0 l\u2019adresse<span>\u00a0<\/span><a href=\"mailto:support@onesafesoftware.com\">support@onesafesoftware.com<\/a><\/p>\n","protected":false},"excerpt":{"rendered":"<p>Pour enregistrer PC Cleaner: Acc\u00e9dez \u00e0 l\u2019onglet Param\u00e8tres et s\u00e9lectionnez Enregistrer. Si vous n\u2019avez pas votre cl\u00e9 de licence, cliquez sur Enregistrez-vous maintenant pour acc\u00e9der \u00e0 la page Web permettant d\u2019obtenir la cl\u00e9 de licence. Apr\u00e8s vous \u00eatre procur\u00e9 la cl\u00e9 de licence, entrez votre nom (ou le nom de votre soci\u00e9t\u00e9) et la cl\u00e9 [&hellip;]<\/p>\n","protected":false},"author":1,"featured_media":0,"parent":670,"menu_order":0,"comment_status":"closed","ping_status":"closed","template":"","meta":[],"acf":[],"yoast_head":"<!-- This site is optimized with the Yoast SEO plugin v17.7.1 - https:\/\/yoast.com\/wordpress\/plugins\/seo\/ -->\n<meta name=\"robots\" content=\"noindex, follow\" \/>\n<meta property=\"og:locale\" content=\"en_US\" \/>\n<meta property=\"og:type\" content=\"article\" \/>\n<meta property=\"og:title\" content=\"Enregistrement - OneSafe Software FR\" \/>\n<meta property=\"og:description\" content=\"Pour enregistrer PC Cleaner: Acc\u00e9dez \u00e0 l\u2019onglet Param\u00e8tres et s\u00e9lectionnez Enregistrer. Si vous n\u2019avez pas votre cl\u00e9 de licence, cliquez sur Enregistrez-vous maintenant pour acc\u00e9der \u00e0 la page Web permettant d\u2019obtenir la cl\u00e9 de licence. Apr\u00e8s vous \u00eatre procur\u00e9 la cl\u00e9 de licence, entrez votre nom (ou le nom de votre soci\u00e9t\u00e9) et la cl\u00e9 [&hellip;]\" \/>\n<meta property=\"og:url\" content=\"https:\/\/onesafesoftware.com\/software\/fr\/assistance\/pc-cleaner\/enregistrement\" \/>\n<meta property=\"og:site_name\" content=\"OneSafe Software FR\" \/>\n<meta property=\"article:modified_time\" content=\"2021-04-06T09:40:36+00:00\" \/>\n<meta name=\"twitter:card\" content=\"summary_large_image\" \/>\n<meta name=\"twitter:label1\" content=\"Est. reading time\" \/>\n\t<meta name=\"twitter:data1\" content=\"1 minute\" \/>\n<script type=\"application\/ld+json\" class=\"yoast-schema-graph\">{\"@context\":\"https:\/\/schema.org\",\"@graph\":[{\"@type\":\"WebSite\",\"@id\":\"https:\/\/onesafesoftware.com\/software\/fr\/#website\",\"url\":\"https:\/\/onesafesoftware.com\/software\/fr\/\",\"name\":\"OneSafe Software FR\",\"description\":\"Just another OneSafe Software Sites site\",\"potentialAction\":[{\"@type\":\"SearchAction\",\"target\":{\"@type\":\"EntryPoint\",\"urlTemplate\":\"https:\/\/onesafesoftware.com\/software\/fr\/?s={search_term_string}\"},\"query-input\":\"required name=search_term_string\"}],\"inLanguage\":\"en-US\"},{\"@type\":\"WebPage\",\"@id\":\"https:\/\/onesafesoftware.com\/software\/fr\/assistance\/pc-cleaner\/enregistrement#webpage\",\"url\":\"https:\/\/onesafesoftware.com\/software\/fr\/assistance\/pc-cleaner\/enregistrement\",\"name\":\"Enregistrement - OneSafe Software FR\",\"isPartOf\":{\"@id\":\"https:\/\/onesafesoftware.com\/software\/fr\/#website\"},\"datePublished\":\"2021-04-01T12:01:21+00:00\",\"dateModified\":\"2021-04-06T09:40:36+00:00\",\"breadcrumb\":{\"@id\":\"https:\/\/onesafesoftware.com\/software\/fr\/assistance\/pc-cleaner\/enregistrement#breadcrumb\"},\"inLanguage\":\"en-US\",\"potentialAction\":[{\"@type\":\"ReadAction\",\"target\":[\"https:\/\/onesafesoftware.com\/software\/fr\/assistance\/pc-cleaner\/enregistrement\"]}]},{\"@type\":\"BreadcrumbList\",\"@id\":\"https:\/\/onesafesoftware.com\/software\/fr\/assistance\/pc-cleaner\/enregistrement#breadcrumb\",\"itemListElement\":[{\"@type\":\"ListItem\",\"position\":1,\"name\":\"Home\",\"item\":\"https:\/\/onesafesoftware.com\/software\/fr\/\"},{\"@type\":\"ListItem\",\"position\":2,\"name\":\"Assistance\",\"item\":\"https:\/\/onesafesoftware.com\/software\/fr\/assistance\"},{\"@type\":\"ListItem\",\"position\":3,\"name\":\"PC Cleaner\",\"item\":\"https:\/\/onesafesoftware.com\/software\/fr\/assistance\/pc-cleaner\"},{\"@type\":\"ListItem\",\"position\":4,\"name\":\"Enregistrement\"}]}]}<\/script>\n<!-- \/ Yoast SEO plugin. -->","yoast_head_json":{"robots":{"index":"noindex","follow":"follow"},"og_locale":"en_US","og_type":"article","og_title":"Enregistrement - OneSafe Software FR","og_description":"Pour enregistrer PC Cleaner: Acc\u00e9dez \u00e0 l\u2019onglet Param\u00e8tres et s\u00e9lectionnez Enregistrer. Si vous n\u2019avez pas votre cl\u00e9 de licence, cliquez sur Enregistrez-vous maintenant pour acc\u00e9der \u00e0 la page Web permettant d\u2019obtenir la cl\u00e9 de licence. Apr\u00e8s vous \u00eatre procur\u00e9 la cl\u00e9 de licence, entrez votre nom (ou le nom de votre soci\u00e9t\u00e9) et la cl\u00e9 [&hellip;]","og_url":"https:\/\/onesafesoftware.com\/software\/fr\/assistance\/pc-cleaner\/enregistrement","og_site_name":"OneSafe Software FR","article_modified_time":"2021-04-06T09:40:36+00:00","twitter_card":"summary_large_image","twitter_misc":{"Est. reading time":"1 minute"},"schema":{"@context":"https:\/\/schema.org","@graph":[{"@type":"WebSite","@id":"https:\/\/onesafesoftware.com\/software\/fr\/#website","url":"https:\/\/onesafesoftware.com\/software\/fr\/","name":"OneSafe Software FR","description":"Just another OneSafe Software Sites site","potentialAction":[{"@type":"SearchAction","target":{"@type":"EntryPoint","urlTemplate":"https:\/\/onesafesoftware.com\/software\/fr\/?s={search_term_string}"},"query-input":"required name=search_term_string"}],"inLanguage":"en-US"},{"@type":"WebPage","@id":"https:\/\/onesafesoftware.com\/software\/fr\/assistance\/pc-cleaner\/enregistrement#webpage","url":"https:\/\/onesafesoftware.com\/software\/fr\/assistance\/pc-cleaner\/enregistrement","name":"Enregistrement - OneSafe Software FR","isPartOf":{"@id":"https:\/\/onesafesoftware.com\/software\/fr\/#website"},"datePublished":"2021-04-01T12:01:21+00:00","dateModified":"2021-04-06T09:40:36+00:00","breadcrumb":{"@id":"https:\/\/onesafesoftware.com\/software\/fr\/assistance\/pc-cleaner\/enregistrement#breadcrumb"},"inLanguage":"en-US","potentialAction":[{"@type":"ReadAction","target":["https:\/\/onesafesoftware.com\/software\/fr\/assistance\/pc-cleaner\/enregistrement"]}]},{"@type":"BreadcrumbList","@id":"https:\/\/onesafesoftware.com\/software\/fr\/assistance\/pc-cleaner\/enregistrement#breadcrumb","itemListElement":[{"@type":"ListItem","position":1,"name":"Home","item":"https:\/\/onesafesoftware.com\/software\/fr\/"},{"@type":"ListItem","position":2,"name":"Assistance","item":"https:\/\/onesafesoftware.com\/software\/fr\/assistance"},{"@type":"ListItem","position":3,"name":"PC Cleaner","item":"https:\/\/onesafesoftware.com\/software\/fr\/assistance\/pc-cleaner"},{"@type":"ListItem","position":4,"name":"Enregistrement"}]}]}},"_links":{"self":[{"href":"https:\/\/onesafesoftware.com\/software\/fr\/wp-json\/wp\/v2\/pages\/685"}],"collection":[{"href":"https:\/\/onesafesoftware.com\/software\/fr\/wp-json\/wp\/v2\/pages"}],"about":[{"href":"https:\/\/onesafesoftware.com\/software\/fr\/wp-json\/wp\/v2\/types\/page"}],"author":[{"embeddable":true,"href":"https:\/\/onesafesoftware.com\/software\/fr\/wp-json\/wp\/v2\/users\/1"}],"replies":[{"embeddable":true,"href":"https:\/\/onesafesoftware.com\/software\/fr\/wp-json\/wp\/v2\/comments?post=685"}],"version-history":[{"count":1,"href":"https:\/\/onesafesoftware.com\/software\/fr\/wp-json\/wp\/v2\/pages\/685\/revisions"}],"predecessor-version":[{"id":686,"href":"https:\/\/onesafesoftware.com\/software\/fr\/wp-json\/wp\/v2\/pages\/685\/revisions\/686"}],"up":[{"embeddable":true,"href":"https:\/\/onesafesoftware.com\/software\/fr\/wp-json\/wp\/v2\/pages\/670"}],"wp:attachment":[{"href":"https:\/\/onesafesoftware.com\/software\/fr\/wp-json\/wp\/v2\/media?parent=685"}],"curies":[{"name":"wp","href":"https:\/\/api.w.org\/{rel}","templated":true}]}}