{"id":670,"date":"2021-04-01T11:58:42","date_gmt":"2021-04-01T11:58:42","guid":{"rendered":"http:\/\/onesafesoftware.com\/software\/fr\/?page_id=670"},"modified":"2021-04-06T09:40:12","modified_gmt":"2021-04-06T09:40:12","slug":"pc-cleaner","status":"publish","type":"page","link":"https:\/\/onesafesoftware.com\/software\/fr\/assistance\/pc-cleaner","title":{"rendered":"PC Cleaner"},"content":{"rendered":"<p>Gr\u00e2ce \u00e0 PC Cleaner, votre ordinateur reste performant comme au premier jour et la confidentialit\u00e9 de vos donn\u00e9es est pr\u00e9serv\u00e9e. PC Cleaner est un outil simple et puissant, dot\u00e9 d\u2019une s\u00e9rie de fonctions faciles \u00e0 utiliser :<\/p>\n<ul>\n<li>Optimisation automatique des param\u00e8tres de votre registre pour \u00e9viter les pannes et acc\u00e9l\u00e9rer votre ordinateur.<\/li>\n<li>Suppression des fichiers de confidentialit\u00e9 et des fichiers temporaires pour prot\u00e9ger vos donn\u00e9es.<\/li>\n<li>Suppression des fichiers r\u00e9siduels pour lib\u00e9rer de l\u2019espace disque et am\u00e9liorer les performances.<\/li>\n<li>Suppression des raccourcis invalides.<\/li>\n<li>R\u00e9glage de divers param\u00e8tres du syst\u00e8me et de Windows pour des performances optimales.<\/li>\n<li>Suppression des programmes inutiles de la liste de d\u00e9marrage pour acc\u00e9l\u00e9rer le d\u00e9marrage de Windows, lib\u00e9rer de la m\u00e9moire et am\u00e9liorer les performances.<\/li>\n<li>V\u00e9rifier les param\u00e8tres de s\u00e9curit\u00e9 afin de garantir une protection active de votre ordinateur<\/li>\n<\/ul>\n<p>PC Cleaner est rapide, simple et s\u00fbr ! Le programme est con\u00e7u de sorte que m\u00eame des utilisateurs d\u00e9butants puissent optimiser le fonctionnement de leur ordinateur comme au premier jour.<\/p>\n<h2>Analyse de votre PC<\/h2>\n<p>Dans l\u2019onglet<span>\u00a0<\/span><strong>Accueil<\/strong>, choisissez le bouton<span>\u00a0<\/span><strong>Lancer analyse<\/strong><span>\u00a0<\/span>pour effectuer une analyse rapide de l\u2019ordinateur.<\/p>\n<p><img loading=\"lazy\" class=\"alignnone size-full wp-image-272\" src=\"https:\/\/www.pchelpsoft.com\/fr\/wp-content\/uploads\/sites\/2\/2021\/02\/startscan.jpg\" alt=\"\" width=\"249\" height=\"75\" \/><\/p>\n<p>Cette analyse entra\u00eene l\u2019affichage de l\u2019\u00e9cran<span>\u00a0<\/span><a href=\"https:\/\/www.pchelpsoft.com\/fr\/assistance\/pc-cleaner\/resultats-de-lanalyse\/\">R\u00e9sultats de l\u2019analyse<\/a>, qui vous donne un aper\u00e7u rapide de l\u2019\u00e9tat de l\u2019ordinateur.<\/p>\n","protected":false},"excerpt":{"rendered":"<p>Gr\u00e2ce \u00e0 PC Cleaner, votre ordinateur reste performant comme au premier jour et la confidentialit\u00e9 de vos donn\u00e9es est pr\u00e9serv\u00e9e. PC Cleaner est un outil simple et puissant, dot\u00e9 d\u2019une s\u00e9rie de fonctions faciles \u00e0 utiliser : Optimisation automatique des param\u00e8tres de votre registre pour \u00e9viter les pannes et acc\u00e9l\u00e9rer votre ordinateur. Suppression des fichiers [&hellip;]<\/p>\n","protected":false},"author":1,"featured_media":0,"parent":657,"menu_order":0,"comment_status":"closed","ping_status":"closed","template":"","meta":[],"acf":[],"yoast_head":"<!-- This site is optimized with the Yoast SEO plugin v17.7.1 - https:\/\/yoast.com\/wordpress\/plugins\/seo\/ -->\n<meta name=\"robots\" content=\"noindex, follow\" \/>\n<meta property=\"og:locale\" content=\"en_US\" \/>\n<meta property=\"og:type\" content=\"article\" \/>\n<meta property=\"og:title\" content=\"PC Cleaner - OneSafe Software FR\" \/>\n<meta property=\"og:description\" content=\"Gr\u00e2ce \u00e0 PC Cleaner, votre ordinateur reste performant comme au premier jour et la confidentialit\u00e9 de vos donn\u00e9es est pr\u00e9serv\u00e9e. PC Cleaner est un outil simple et puissant, dot\u00e9 d\u2019une s\u00e9rie de fonctions faciles \u00e0 utiliser : Optimisation automatique des param\u00e8tres de votre registre pour \u00e9viter les pannes et acc\u00e9l\u00e9rer votre ordinateur. Suppression des fichiers [&hellip;]\" \/>\n<meta property=\"og:url\" content=\"https:\/\/onesafesoftware.com\/software\/fr\/assistance\/pc-cleaner\" \/>\n<meta property=\"og:site_name\" content=\"OneSafe Software FR\" \/>\n<meta property=\"article:modified_time\" content=\"2021-04-06T09:40:12+00:00\" \/>\n<meta property=\"og:image\" content=\"https:\/\/www.pchelpsoft.com\/fr\/wp-content\/uploads\/sites\/2\/2021\/02\/startscan.jpg\" \/>\n<meta name=\"twitter:card\" content=\"summary_large_image\" \/>\n<meta name=\"twitter:label1\" content=\"Est. reading time\" \/>\n\t<meta name=\"twitter:data1\" content=\"2 minutes\" \/>\n<script type=\"application\/ld+json\" class=\"yoast-schema-graph\">{\"@context\":\"https:\/\/schema.org\",\"@graph\":[{\"@type\":\"WebSite\",\"@id\":\"https:\/\/onesafesoftware.com\/software\/fr\/#website\",\"url\":\"https:\/\/onesafesoftware.com\/software\/fr\/\",\"name\":\"OneSafe Software FR\",\"description\":\"Just another OneSafe Software Sites site\",\"potentialAction\":[{\"@type\":\"SearchAction\",\"target\":{\"@type\":\"EntryPoint\",\"urlTemplate\":\"https:\/\/onesafesoftware.com\/software\/fr\/?s={search_term_string}\"},\"query-input\":\"required name=search_term_string\"}],\"inLanguage\":\"en-US\"},{\"@type\":\"ImageObject\",\"@id\":\"https:\/\/onesafesoftware.com\/software\/fr\/assistance\/pc-cleaner#primaryimage\",\"inLanguage\":\"en-US\",\"url\":\"https:\/\/www.pchelpsoft.com\/fr\/wp-content\/uploads\/sites\/2\/2021\/02\/startscan.jpg\",\"contentUrl\":\"https:\/\/www.pchelpsoft.com\/fr\/wp-content\/uploads\/sites\/2\/2021\/02\/startscan.jpg\"},{\"@type\":\"WebPage\",\"@id\":\"https:\/\/onesafesoftware.com\/software\/fr\/assistance\/pc-cleaner#webpage\",\"url\":\"https:\/\/onesafesoftware.com\/software\/fr\/assistance\/pc-cleaner\",\"name\":\"PC Cleaner - OneSafe Software FR\",\"isPartOf\":{\"@id\":\"https:\/\/onesafesoftware.com\/software\/fr\/#website\"},\"primaryImageOfPage\":{\"@id\":\"https:\/\/onesafesoftware.com\/software\/fr\/assistance\/pc-cleaner#primaryimage\"},\"datePublished\":\"2021-04-01T11:58:42+00:00\",\"dateModified\":\"2021-04-06T09:40:12+00:00\",\"breadcrumb\":{\"@id\":\"https:\/\/onesafesoftware.com\/software\/fr\/assistance\/pc-cleaner#breadcrumb\"},\"inLanguage\":\"en-US\",\"potentialAction\":[{\"@type\":\"ReadAction\",\"target\":[\"https:\/\/onesafesoftware.com\/software\/fr\/assistance\/pc-cleaner\"]}]},{\"@type\":\"BreadcrumbList\",\"@id\":\"https:\/\/onesafesoftware.com\/software\/fr\/assistance\/pc-cleaner#breadcrumb\",\"itemListElement\":[{\"@type\":\"ListItem\",\"position\":1,\"name\":\"Home\",\"item\":\"https:\/\/onesafesoftware.com\/software\/fr\/\"},{\"@type\":\"ListItem\",\"position\":2,\"name\":\"Assistance\",\"item\":\"https:\/\/onesafesoftware.com\/software\/fr\/assistance\"},{\"@type\":\"ListItem\",\"position\":3,\"name\":\"PC Cleaner\"}]}]}<\/script>\n<!-- \/ Yoast SEO plugin. -->","yoast_head_json":{"robots":{"index":"noindex","follow":"follow"},"og_locale":"en_US","og_type":"article","og_title":"PC Cleaner - OneSafe Software FR","og_description":"Gr\u00e2ce \u00e0 PC Cleaner, votre ordinateur reste performant comme au premier jour et la confidentialit\u00e9 de vos donn\u00e9es est pr\u00e9serv\u00e9e. PC Cleaner est un outil simple et puissant, dot\u00e9 d\u2019une s\u00e9rie de fonctions faciles \u00e0 utiliser : Optimisation automatique des param\u00e8tres de votre registre pour \u00e9viter les pannes et acc\u00e9l\u00e9rer votre ordinateur. Suppression des fichiers [&hellip;]","og_url":"https:\/\/onesafesoftware.com\/software\/fr\/assistance\/pc-cleaner","og_site_name":"OneSafe Software FR","article_modified_time":"2021-04-06T09:40:12+00:00","og_image":[{"url":"https:\/\/www.pchelpsoft.com\/fr\/wp-content\/uploads\/sites\/2\/2021\/02\/startscan.jpg"}],"twitter_card":"summary_large_image","twitter_misc":{"Est. reading time":"2 minutes"},"schema":{"@context":"https:\/\/schema.org","@graph":[{"@type":"WebSite","@id":"https:\/\/onesafesoftware.com\/software\/fr\/#website","url":"https:\/\/onesafesoftware.com\/software\/fr\/","name":"OneSafe Software FR","description":"Just another OneSafe Software Sites site","potentialAction":[{"@type":"SearchAction","target":{"@type":"EntryPoint","urlTemplate":"https:\/\/onesafesoftware.com\/software\/fr\/?s={search_term_string}"},"query-input":"required name=search_term_string"}],"inLanguage":"en-US"},{"@type":"ImageObject","@id":"https:\/\/onesafesoftware.com\/software\/fr\/assistance\/pc-cleaner#primaryimage","inLanguage":"en-US","url":"https:\/\/www.pchelpsoft.com\/fr\/wp-content\/uploads\/sites\/2\/2021\/02\/startscan.jpg","contentUrl":"https:\/\/www.pchelpsoft.com\/fr\/wp-content\/uploads\/sites\/2\/2021\/02\/startscan.jpg"},{"@type":"WebPage","@id":"https:\/\/onesafesoftware.com\/software\/fr\/assistance\/pc-cleaner#webpage","url":"https:\/\/onesafesoftware.com\/software\/fr\/assistance\/pc-cleaner","name":"PC Cleaner - OneSafe Software FR","isPartOf":{"@id":"https:\/\/onesafesoftware.com\/software\/fr\/#website"},"primaryImageOfPage":{"@id":"https:\/\/onesafesoftware.com\/software\/fr\/assistance\/pc-cleaner#primaryimage"},"datePublished":"2021-04-01T11:58:42+00:00","dateModified":"2021-04-06T09:40:12+00:00","breadcrumb":{"@id":"https:\/\/onesafesoftware.com\/software\/fr\/assistance\/pc-cleaner#breadcrumb"},"inLanguage":"en-US","potentialAction":[{"@type":"ReadAction","target":["https:\/\/onesafesoftware.com\/software\/fr\/assistance\/pc-cleaner"]}]},{"@type":"BreadcrumbList","@id":"https:\/\/onesafesoftware.com\/software\/fr\/assistance\/pc-cleaner#breadcrumb","itemListElement":[{"@type":"ListItem","position":1,"name":"Home","item":"https:\/\/onesafesoftware.com\/software\/fr\/"},{"@type":"ListItem","position":2,"name":"Assistance","item":"https:\/\/onesafesoftware.com\/software\/fr\/assistance"},{"@type":"ListItem","position":3,"name":"PC Cleaner"}]}]}},"_links":{"self":[{"href":"https:\/\/onesafesoftware.com\/software\/fr\/wp-json\/wp\/v2\/pages\/670"}],"collection":[{"href":"https:\/\/onesafesoftware.com\/software\/fr\/wp-json\/wp\/v2\/pages"}],"about":[{"href":"https:\/\/onesafesoftware.com\/software\/fr\/wp-json\/wp\/v2\/types\/page"}],"author":[{"embeddable":true,"href":"https:\/\/onesafesoftware.com\/software\/fr\/wp-json\/wp\/v2\/users\/1"}],"replies":[{"embeddable":true,"href":"https:\/\/onesafesoftware.com\/software\/fr\/wp-json\/wp\/v2\/comments?post=670"}],"version-history":[{"count":1,"href":"https:\/\/onesafesoftware.com\/software\/fr\/wp-json\/wp\/v2\/pages\/670\/revisions"}],"predecessor-version":[{"id":671,"href":"https:\/\/onesafesoftware.com\/software\/fr\/wp-json\/wp\/v2\/pages\/670\/revisions\/671"}],"up":[{"embeddable":true,"href":"https:\/\/onesafesoftware.com\/software\/fr\/wp-json\/wp\/v2\/pages\/657"}],"wp:attachment":[{"href":"https:\/\/onesafesoftware.com\/software\/fr\/wp-json\/wp\/v2\/media?parent=670"}],"curies":[{"name":"wp","href":"https:\/\/api.w.org\/{rel}","templated":true}]}}