{"id":265,"date":"2017-12-13T16:29:02","date_gmt":"2017-12-13T16:29:02","guid":{"rendered":"http:\/\/onesafesoftware-test.com\/software\/fr\/?page_id=265"},"modified":"2019-06-21T12:23:43","modified_gmt":"2019-06-21T12:23:43","slug":"uninstall","status":"publish","type":"page","link":"https:\/\/onesafesoftware.com\/software\/fr\/uninstall","title":{"rendered":"Comment d\u00e9sinstaller ce logiciel"},"content":{"rendered":"<h2 class=\"title center lines\">Comment supprimer facilement OneSafe PC Cleaner ?<\/h2>\n<h4>Nous mettons tout en \u0153uvre pour que nos logiciels r\u00e9pondent \u00e0 vos attentes. Si n\u00e9anmoins OneSafe PC Cleaner ne vous apporte pas satisfaction, vous trouverez ci-dessous les instructions pour le retirer facilement de votre PC.<\/h4>\n<p>&nbsp;<\/p>\n<h2 class=\"blue_bg\"><strong>WINDOWS 10<\/strong><\/h2>\n<p>Acc\u00e9dez aux <img src=\"\/software\/fr\/wp-content\/uploads\/sites\/2\/2018\/05\/icon.png\" alt=\"\" \/> <i><strong>\u00ab Param\u00e8tres \u00bb<\/strong><\/i> en cliquant sur le <img loading=\"lazy\" src=\"\/software\/fr\/wp-content\/uploads\/sites\/2\/2018\/05\/icon-2.png\" alt=\"\" width=\"43\" height=\"36\" class=\"\" \/> menu <i><strong>\u00ab D\u00e9marrer \u00bb<\/strong><\/i><br \/>\nS\u00e9lectionnez <i><strong>\u00ab Applications \u00bb<\/strong><\/i><br \/>\nCliquez sur le programme puis sur <i><strong>\u00ab D\u00e9sinstaller \u00bb.<\/strong><\/i><\/p>\n<p><img src=\"\/software\/fr\/wp-content\/uploads\/sites\/2\/2018\/05\/screen-1.png\" alt=\"\" style=\"height: 435px; border: 1px solid;\" \/><\/p>\n<p>Suivez les instructions \u00e0 l&#8217;\u00e9cran.<\/p>\n<h2 class=\"blue_bg\"><strong>WINDOWS 8<\/strong><\/h2>\n<p>Il existe deux m\u00e9thodes pour supprimer OneSafe PC Cleaner sur Windows 8. L\u2019outil <i><strong>\u00ab Ajout\/Suppression de programmes \u00bb<\/strong><\/i> existe toujours sur Windows 8 mais son acc\u00e8s est diff\u00e9rent des versions pr\u00e9c\u00e9dentes :<\/p>\n<h2 class=\"blue_bg\">M\u00c9THODE N\u00b01<\/h2>\n<p>En faisant clic droit sur le OneSafe PC Cleaner, une barre de menu apparait en bas de votre \u00e9cran.<\/p>\n<p>Cliquez alors sur <strong>\u00ab<\/strong>\u00a0<strong><em>D\u00e9sinstaller\u00a0\u00bb<\/em><\/strong> puis une nouvelle fois sur <strong>\u00ab<\/strong>\u00a0<strong><em>D\u00e9sinstaller\u00a0\u00bb<\/em><\/strong> afin de confirmer la suppression de Onesafe PC Cleaner.<\/p>\n<h2 class=\"blue_bg\">M\u00c9THODE N\u00b02<\/h2>\n<p>Tapez <strong><em>\u00ab<\/em><\/strong>\u00a0<strong><em>programmes<\/em><\/strong>\u00a0<strong><em>\u00bb<\/em><\/strong> dans la barre de recherche de l\u2019\u00e9cran d\u2019accueil<\/p>\n<p>Choisissez <strong><em>\u00ab<\/em><\/strong>\u00a0<strong><em>Param\u00e8tres\u00a0\u00bb<\/em><\/strong> puis <strong><em>\u00ab<\/em><\/strong>\u00a0<strong><em>Ajouter et supprimer des programmes\u00a0\u00bb<\/em><\/strong><\/p>\n<p>La fen\u00eatre des \u00ab\u00a0<strong><em>Programmes et fonctionnalit\u00e9s<\/em><\/strong>\u00a0\u00bb s\u2019ouvre alors avec la liste de tous les programmes install\u00e9s sur l\u2019ordinateur.<\/p>\n<p>S\u00e9lectionner OneSafe PC Cleaner puis cliquez sur <strong><em>\u00ab<\/em><\/strong>\u00a0<strong><em>D\u00e9sinstaller\u00a0\u00bb<\/em><\/strong><\/p>\n<h2><strong>Windows XP<\/strong><\/h2>\n<p>Acc\u00e9dez au panneau de configuration de Windows puis cliquez sur:<\/p>\n<p><strong><em>\u00ab Ajouter\/supprimer un programme \u00bb<\/em><\/strong><\/p>\n<p>S\u00e9lectionnez ensuite simplement le programme OneSafe PC Cleaner pour le retirer de votre syst\u00e8me.<\/p>\n<h2><strong>Windows 7 et Vista<\/strong><\/h2>\n<p>Acc\u00e9dez au panneau de configuration de Windows puis cliquez sur:<\/p>\n<p><strong><em>\u00ab Programme \u00bb puis \u00ab D\u00e9sinstaller un programme \u00bb<\/em><\/strong><\/p>\n<p>S\u00e9lectionnez ensuite simplement le programme OneSafe PC Cleaner pour le supprimer imm\u00e9diatement.<\/p>\n<p><img loading=\"lazy\" src=\"\/software\/fr\/wp-content\/uploads\/sites\/2\/2017\/12\/Visuel_2_FR.jpg\" alt=\"\" width=\"741\" height=\"238\" class=\"alignnone size-full wp-image-267\" srcset=\"https:\/\/onesafesoftware.com\/software\/fr\/wp-content\/uploads\/sites\/2\/2017\/12\/Visuel_2_FR.jpg 741w, https:\/\/onesafesoftware.com\/software\/fr\/wp-content\/uploads\/sites\/2\/2017\/12\/Visuel_2_FR-300x96.jpg 300w\" sizes=\"(max-width: 741px) 100vw, 741px\" \/><\/p>\n","protected":false},"excerpt":{"rendered":"<p>Comment supprimer facilement OneSafe PC Cleaner ? Nous mettons tout en \u0153uvre pour que nos logiciels r\u00e9pondent \u00e0 vos attentes. Si n\u00e9anmoins OneSafe PC Cleaner ne vous apporte pas satisfaction, vous trouverez ci-dessous les instructions pour le retirer facilement de votre PC. &nbsp; WINDOWS 10 Acc\u00e9dez aux \u00ab Param\u00e8tres \u00bb en cliquant sur le menu [&hellip;]<\/p>\n","protected":false},"author":1,"featured_media":0,"parent":0,"menu_order":0,"comment_status":"closed","ping_status":"closed","template":"","meta":[],"acf":[],"yoast_head":"<!-- This site is optimized with the Yoast SEO plugin v17.7.1 - https:\/\/yoast.com\/wordpress\/plugins\/seo\/ -->\n<meta name=\"robots\" content=\"index, follow, max-snippet:-1, max-image-preview:large, max-video-preview:-1\" \/>\n<link rel=\"canonical\" href=\"https:\/\/onesafesoftware.com\/software\/fr\/uninstall\" \/>\n<meta property=\"og:locale\" content=\"en_US\" \/>\n<meta property=\"og:type\" content=\"article\" \/>\n<meta property=\"og:title\" content=\"Comment d\u00e9sinstaller ce logiciel - OneSafe Software FR\" \/>\n<meta property=\"og:description\" content=\"Comment supprimer facilement OneSafe PC Cleaner ? Nous mettons tout en \u0153uvre pour que nos logiciels r\u00e9pondent \u00e0 vos attentes. Si n\u00e9anmoins OneSafe PC Cleaner ne vous apporte pas satisfaction, vous trouverez ci-dessous les instructions pour le retirer facilement de votre PC. &nbsp; WINDOWS 10 Acc\u00e9dez aux \u00ab Param\u00e8tres \u00bb en cliquant sur le menu [&hellip;]\" \/>\n<meta property=\"og:url\" content=\"https:\/\/onesafesoftware.com\/software\/fr\/uninstall\" \/>\n<meta property=\"og:site_name\" content=\"OneSafe Software FR\" \/>\n<meta property=\"article:modified_time\" content=\"2019-06-21T12:23:43+00:00\" \/>\n<meta property=\"og:image\" content=\"https:\/\/onesafesoftware.com\/software\/fr\/wp-content\/uploads\/sites\/2\/2018\/05\/icon.png\" \/>\n<meta name=\"twitter:card\" content=\"summary_large_image\" \/>\n<meta name=\"twitter:label1\" content=\"Est. reading time\" \/>\n\t<meta name=\"twitter:data1\" content=\"1 minute\" \/>\n<script type=\"application\/ld+json\" class=\"yoast-schema-graph\">{\"@context\":\"https:\/\/schema.org\",\"@graph\":[{\"@type\":\"WebSite\",\"@id\":\"https:\/\/onesafesoftware.com\/software\/fr\/#website\",\"url\":\"https:\/\/onesafesoftware.com\/software\/fr\/\",\"name\":\"OneSafe Software FR\",\"description\":\"Just another OneSafe Software Sites site\",\"potentialAction\":[{\"@type\":\"SearchAction\",\"target\":{\"@type\":\"EntryPoint\",\"urlTemplate\":\"https:\/\/onesafesoftware.com\/software\/fr\/?s={search_term_string}\"},\"query-input\":\"required name=search_term_string\"}],\"inLanguage\":\"en-US\"},{\"@type\":\"ImageObject\",\"@id\":\"https:\/\/onesafesoftware.com\/software\/fr\/uninstall#primaryimage\",\"inLanguage\":\"en-US\",\"url\":\"\/software\/fr\/wp-content\/uploads\/sites\/2\/2018\/05\/icon.png\",\"contentUrl\":\"\/software\/fr\/wp-content\/uploads\/sites\/2\/2018\/05\/icon.png\"},{\"@type\":\"WebPage\",\"@id\":\"https:\/\/onesafesoftware.com\/software\/fr\/uninstall#webpage\",\"url\":\"https:\/\/onesafesoftware.com\/software\/fr\/uninstall\",\"name\":\"Comment d\\u00e9sinstaller ce logiciel - OneSafe Software FR\",\"isPartOf\":{\"@id\":\"https:\/\/onesafesoftware.com\/software\/fr\/#website\"},\"primaryImageOfPage\":{\"@id\":\"https:\/\/onesafesoftware.com\/software\/fr\/uninstall#primaryimage\"},\"datePublished\":\"2017-12-13T16:29:02+00:00\",\"dateModified\":\"2019-06-21T12:23:43+00:00\",\"breadcrumb\":{\"@id\":\"https:\/\/onesafesoftware.com\/software\/fr\/uninstall#breadcrumb\"},\"inLanguage\":\"en-US\",\"potentialAction\":[{\"@type\":\"ReadAction\",\"target\":[\"https:\/\/onesafesoftware.com\/software\/fr\/uninstall\"]}]},{\"@type\":\"BreadcrumbList\",\"@id\":\"https:\/\/onesafesoftware.com\/software\/fr\/uninstall#breadcrumb\",\"itemListElement\":[{\"@type\":\"ListItem\",\"position\":1,\"name\":\"Home\",\"item\":\"https:\/\/onesafesoftware.com\/software\/fr\/\"},{\"@type\":\"ListItem\",\"position\":2,\"name\":\"Comment d\\u00e9sinstaller ce logiciel\"}]}]}<\/script>\n<!-- \/ Yoast SEO plugin. -->","yoast_head_json":{"robots":{"index":"index","follow":"follow","max-snippet":"max-snippet:-1","max-image-preview":"max-image-preview:large","max-video-preview":"max-video-preview:-1"},"canonical":"https:\/\/onesafesoftware.com\/software\/fr\/uninstall","og_locale":"en_US","og_type":"article","og_title":"Comment d\u00e9sinstaller ce logiciel - OneSafe Software FR","og_description":"Comment supprimer facilement OneSafe PC Cleaner ? Nous mettons tout en \u0153uvre pour que nos logiciels r\u00e9pondent \u00e0 vos attentes. Si n\u00e9anmoins OneSafe PC Cleaner ne vous apporte pas satisfaction, vous trouverez ci-dessous les instructions pour le retirer facilement de votre PC. &nbsp; WINDOWS 10 Acc\u00e9dez aux \u00ab Param\u00e8tres \u00bb en cliquant sur le menu [&hellip;]","og_url":"https:\/\/onesafesoftware.com\/software\/fr\/uninstall","og_site_name":"OneSafe Software FR","article_modified_time":"2019-06-21T12:23:43+00:00","og_image":[{"url":"https:\/\/onesafesoftware.com\/software\/fr\/wp-content\/uploads\/sites\/2\/2018\/05\/icon.png"}],"twitter_card":"summary_large_image","twitter_misc":{"Est. reading time":"1 minute"},"schema":{"@context":"https:\/\/schema.org","@graph":[{"@type":"WebSite","@id":"https:\/\/onesafesoftware.com\/software\/fr\/#website","url":"https:\/\/onesafesoftware.com\/software\/fr\/","name":"OneSafe Software FR","description":"Just another OneSafe Software Sites site","potentialAction":[{"@type":"SearchAction","target":{"@type":"EntryPoint","urlTemplate":"https:\/\/onesafesoftware.com\/software\/fr\/?s={search_term_string}"},"query-input":"required name=search_term_string"}],"inLanguage":"en-US"},{"@type":"ImageObject","@id":"https:\/\/onesafesoftware.com\/software\/fr\/uninstall#primaryimage","inLanguage":"en-US","url":"\/software\/fr\/wp-content\/uploads\/sites\/2\/2018\/05\/icon.png","contentUrl":"\/software\/fr\/wp-content\/uploads\/sites\/2\/2018\/05\/icon.png"},{"@type":"WebPage","@id":"https:\/\/onesafesoftware.com\/software\/fr\/uninstall#webpage","url":"https:\/\/onesafesoftware.com\/software\/fr\/uninstall","name":"Comment d\u00e9sinstaller ce logiciel - OneSafe Software FR","isPartOf":{"@id":"https:\/\/onesafesoftware.com\/software\/fr\/#website"},"primaryImageOfPage":{"@id":"https:\/\/onesafesoftware.com\/software\/fr\/uninstall#primaryimage"},"datePublished":"2017-12-13T16:29:02+00:00","dateModified":"2019-06-21T12:23:43+00:00","breadcrumb":{"@id":"https:\/\/onesafesoftware.com\/software\/fr\/uninstall#breadcrumb"},"inLanguage":"en-US","potentialAction":[{"@type":"ReadAction","target":["https:\/\/onesafesoftware.com\/software\/fr\/uninstall"]}]},{"@type":"BreadcrumbList","@id":"https:\/\/onesafesoftware.com\/software\/fr\/uninstall#breadcrumb","itemListElement":[{"@type":"ListItem","position":1,"name":"Home","item":"https:\/\/onesafesoftware.com\/software\/fr\/"},{"@type":"ListItem","position":2,"name":"Comment d\u00e9sinstaller ce logiciel"}]}]}},"_links":{"self":[{"href":"https:\/\/onesafesoftware.com\/software\/fr\/wp-json\/wp\/v2\/pages\/265"}],"collection":[{"href":"https:\/\/onesafesoftware.com\/software\/fr\/wp-json\/wp\/v2\/pages"}],"about":[{"href":"https:\/\/onesafesoftware.com\/software\/fr\/wp-json\/wp\/v2\/types\/page"}],"author":[{"embeddable":true,"href":"https:\/\/onesafesoftware.com\/software\/fr\/wp-json\/wp\/v2\/users\/1"}],"replies":[{"embeddable":true,"href":"https:\/\/onesafesoftware.com\/software\/fr\/wp-json\/wp\/v2\/comments?post=265"}],"version-history":[{"count":17,"href":"https:\/\/onesafesoftware.com\/software\/fr\/wp-json\/wp\/v2\/pages\/265\/revisions"}],"predecessor-version":[{"id":615,"href":"https:\/\/onesafesoftware.com\/software\/fr\/wp-json\/wp\/v2\/pages\/265\/revisions\/615"}],"wp:attachment":[{"href":"https:\/\/onesafesoftware.com\/software\/fr\/wp-json\/wp\/v2\/media?parent=265"}],"curies":[{"name":"wp","href":"https:\/\/api.w.org\/{rel}","templated":true}]}}