{"id":2,"date":"2017-12-12T13:20:48","date_gmt":"2017-12-12T13:20:48","guid":{"rendered":"http:\/\/onesafesoftware-test.com\/software\/fr\/?page_id=2"},"modified":"2026-02-19T12:47:12","modified_gmt":"2026-02-19T12:47:12","slug":"home","status":"publish","type":"page","link":"https:\/\/onesafesoftware.com\/software\/fr\/","title":{"rendered":"Home"},"content":{"rendered":"","protected":false},"excerpt":{"rendered":"","protected":false},"author":1,"featured_media":0,"parent":0,"menu_order":0,"comment_status":"closed","ping_status":"closed","template":"","meta":[],"acf":[],"yoast_head":"<!-- This site is optimized with the Yoast SEO plugin v17.7.1 - https:\/\/yoast.com\/wordpress\/plugins\/seo\/ -->\n<meta name=\"description\" content=\"Site officiel des logiciels utilitaires OneSafe Software. T\u00e9l\u00e9chargez OneSafe PC Cleaner et OneSafe Driver Manager pour nettoyer votre PC et mettre \u00e0 jour automatiquement les pilotes de votre PC.\" \/>\n<meta name=\"robots\" content=\"index, follow, max-snippet:-1, max-image-preview:large, max-video-preview:-1\" \/>\n<link rel=\"canonical\" href=\"https:\/\/onesafesoftware.com\/software\/fr\/\" \/>\n<meta property=\"og:locale\" content=\"en_US\" \/>\n<meta property=\"og:type\" content=\"article\" \/>\n<meta property=\"og:title\" content=\"OneSafe Software \u2013 Site Officiel \u2013 Logiciels utilitaires pour PC\" \/>\n<meta property=\"og:description\" content=\"Site officiel des logiciels utilitaires OneSafe Software. T\u00e9l\u00e9chargez OneSafe PC Cleaner et OneSafe Driver Manager pour nettoyer votre PC et mettre \u00e0 jour automatiquement les pilotes de votre PC.\" \/>\n<meta property=\"og:url\" content=\"https:\/\/onesafesoftware.com\/software\/fr\/\" \/>\n<meta property=\"og:site_name\" content=\"OneSafe Software FR\" \/>\n<meta property=\"article:modified_time\" content=\"2026-02-19T12:47:12+00:00\" \/>\n<meta name=\"twitter:card\" content=\"summary_large_image\" \/>\n<script type=\"application\/ld+json\" class=\"yoast-schema-graph\">{\"@context\":\"https:\/\/schema.org\",\"@graph\":[{\"@type\":\"WebSite\",\"@id\":\"https:\/\/onesafesoftware.com\/software\/fr\/#website\",\"url\":\"https:\/\/onesafesoftware.com\/software\/fr\/\",\"name\":\"OneSafe Software FR\",\"description\":\"Just another OneSafe Software Sites site\",\"potentialAction\":[{\"@type\":\"SearchAction\",\"target\":{\"@type\":\"EntryPoint\",\"urlTemplate\":\"https:\/\/onesafesoftware.com\/software\/fr\/?s={search_term_string}\"},\"query-input\":\"required name=search_term_string\"}],\"inLanguage\":\"en-US\"},{\"@type\":\"WebPage\",\"@id\":\"https:\/\/onesafesoftware.com\/software\/fr\/#webpage\",\"url\":\"https:\/\/onesafesoftware.com\/software\/fr\/\",\"name\":\"OneSafe Software \\u2013 Site Officiel \\u2013 Logiciels utilitaires pour PC\",\"isPartOf\":{\"@id\":\"https:\/\/onesafesoftware.com\/software\/fr\/#website\"},\"datePublished\":\"2017-12-12T13:20:48+00:00\",\"dateModified\":\"2026-02-19T12:47:12+00:00\",\"description\":\"Site officiel des logiciels utilitaires OneSafe Software. T\\u00e9l\\u00e9chargez OneSafe PC Cleaner et OneSafe Driver Manager pour nettoyer votre PC et mettre \\u00e0 jour automatiquement les pilotes de votre PC.\",\"breadcrumb\":{\"@id\":\"https:\/\/onesafesoftware.com\/software\/fr\/#breadcrumb\"},\"inLanguage\":\"en-US\",\"potentialAction\":[{\"@type\":\"ReadAction\",\"target\":[\"https:\/\/onesafesoftware.com\/software\/fr\/\"]}]},{\"@type\":\"BreadcrumbList\",\"@id\":\"https:\/\/onesafesoftware.com\/software\/fr\/#breadcrumb\",\"itemListElement\":[{\"@type\":\"ListItem\",\"position\":1,\"name\":\"Home\",\"item\":\"https:\/\/onesafesoftware.com\/software\/fr\/\"},{\"@type\":\"ListItem\",\"position\":2,\"name\":\"Home\"}]}]}<\/script>\n<!-- \/ Yoast SEO plugin. -->","yoast_head_json":{"description":"Site officiel des logiciels utilitaires OneSafe Software. T\u00e9l\u00e9chargez OneSafe PC Cleaner et OneSafe Driver Manager pour nettoyer votre PC et mettre \u00e0 jour automatiquement les pilotes de votre PC.","robots":{"index":"index","follow":"follow","max-snippet":"max-snippet:-1","max-image-preview":"max-image-preview:large","max-video-preview":"max-video-preview:-1"},"canonical":"https:\/\/onesafesoftware.com\/software\/fr\/","og_locale":"en_US","og_type":"article","og_title":"OneSafe Software \u2013 Site Officiel \u2013 Logiciels utilitaires pour PC","og_description":"Site officiel des logiciels utilitaires OneSafe Software. T\u00e9l\u00e9chargez OneSafe PC Cleaner et OneSafe Driver Manager pour nettoyer votre PC et mettre \u00e0 jour automatiquement les pilotes de votre PC.","og_url":"https:\/\/onesafesoftware.com\/software\/fr\/","og_site_name":"OneSafe Software FR","article_modified_time":"2026-02-19T12:47:12+00:00","twitter_card":"summary_large_image","schema":{"@context":"https:\/\/schema.org","@graph":[{"@type":"WebSite","@id":"https:\/\/onesafesoftware.com\/software\/fr\/#website","url":"https:\/\/onesafesoftware.com\/software\/fr\/","name":"OneSafe Software FR","description":"Just another OneSafe Software Sites site","potentialAction":[{"@type":"SearchAction","target":{"@type":"EntryPoint","urlTemplate":"https:\/\/onesafesoftware.com\/software\/fr\/?s={search_term_string}"},"query-input":"required name=search_term_string"}],"inLanguage":"en-US"},{"@type":"WebPage","@id":"https:\/\/onesafesoftware.com\/software\/fr\/#webpage","url":"https:\/\/onesafesoftware.com\/software\/fr\/","name":"OneSafe Software \u2013 Site Officiel \u2013 Logiciels utilitaires pour PC","isPartOf":{"@id":"https:\/\/onesafesoftware.com\/software\/fr\/#website"},"datePublished":"2017-12-12T13:20:48+00:00","dateModified":"2026-02-19T12:47:12+00:00","description":"Site officiel des logiciels utilitaires OneSafe Software. T\u00e9l\u00e9chargez OneSafe PC Cleaner et OneSafe Driver Manager pour nettoyer votre PC et mettre \u00e0 jour automatiquement les pilotes de votre PC.","breadcrumb":{"@id":"https:\/\/onesafesoftware.com\/software\/fr\/#breadcrumb"},"inLanguage":"en-US","potentialAction":[{"@type":"ReadAction","target":["https:\/\/onesafesoftware.com\/software\/fr\/"]}]},{"@type":"BreadcrumbList","@id":"https:\/\/onesafesoftware.com\/software\/fr\/#breadcrumb","itemListElement":[{"@type":"ListItem","position":1,"name":"Home","item":"https:\/\/onesafesoftware.com\/software\/fr\/"},{"@type":"ListItem","position":2,"name":"Home"}]}]}},"_links":{"self":[{"href":"https:\/\/onesafesoftware.com\/software\/fr\/wp-json\/wp\/v2\/pages\/2"}],"collection":[{"href":"https:\/\/onesafesoftware.com\/software\/fr\/wp-json\/wp\/v2\/pages"}],"about":[{"href":"https:\/\/onesafesoftware.com\/software\/fr\/wp-json\/wp\/v2\/types\/page"}],"author":[{"embeddable":true,"href":"https:\/\/onesafesoftware.com\/software\/fr\/wp-json\/wp\/v2\/users\/1"}],"replies":[{"embeddable":true,"href":"https:\/\/onesafesoftware.com\/software\/fr\/wp-json\/wp\/v2\/comments?post=2"}],"version-history":[{"count":16,"href":"https:\/\/onesafesoftware.com\/software\/fr\/wp-json\/wp\/v2\/pages\/2\/revisions"}],"predecessor-version":[{"id":773,"href":"https:\/\/onesafesoftware.com\/software\/fr\/wp-json\/wp\/v2\/pages\/2\/revisions\/773"}],"wp:attachment":[{"href":"https:\/\/onesafesoftware.com\/software\/fr\/wp-json\/wp\/v2\/media?parent=2"}],"curies":[{"name":"wp","href":"https:\/\/api.w.org\/{rel}","templated":true}]}}