{"id":284,"date":"2019-07-09T13:25:18","date_gmt":"2019-07-09T13:25:18","guid":{"rendered":"http:\/\/onesafesoftware.com\/software\/fi\/?page_id=284"},"modified":"2019-07-09T14:17:58","modified_gmt":"2019-07-09T14:17:58","slug":"uninstall","status":"publish","type":"page","link":"https:\/\/onesafesoftware.com\/software\/fi\/uninstall","title":{"rendered":"Ohjelmiston asennuksen poisto"},"content":{"rendered":"<h2>Miten poistaa OneSafe Cleaner helposti<\/h2>\n<h4>Ohjelmistomme on tehty t\u00e4ytt\u00e4m\u00e4\u00e4n kaikki asiakkaan odotukset. Jos kuitenkaan et ole t\u00e4ysin tyytyv\u00e4inen OneSafe PC Cleaneriin, voit poistaa sen t\u00e4ysin tietokoneeltasi seuraamalla alla olevia ohjeita.<\/h4>\n<h2 class=\"blue_bg\"><strong>WINDOWS 10<\/strong><\/h2>\n<p>Valitse K\u00e4ynnist\u00e4- <img src=\"\/software\/fr\/wp-content\/uploads\/sites\/2\/2018\/05\/icon.png\" alt=\"\" \/>\u00a0painike ja sitten Asetukset ja <img loading=\"lazy\" src=\"\/software\/fr\/wp-content\/uploads\/sites\/2\/2018\/05\/icon-2.png\" alt=\"\" width=\"43\" height=\"36\" class=\"\" \/>\u00a0Sovellukset.<\/p>\n<p>Valitse ohjelma, jonka haluat poistaa, ja sitten Poista asennus.<\/p>\n<p><img src=\"\/software\/wp-content\/uploads\/2018\/06\/screen-EN.png\" alt=\"\" style=\"height: 435px; border: 1px solid;\" \/><\/p>\n<p>Noudata ruudulla n\u00e4kyvi\u00e4 ohjeita.<\/p>\n<h2 class=\"blue_bg\"><strong>WINDOWS 8<\/strong><\/h2>\n<p>OneSafe PC Cleanerin poistamiseen on kaksi tapaa Windows 8 :<\/p>\n<h2 class=\"blue_bg\"><strong>Menetelm\u00e4 <\/strong>1<\/h2>\n<p>Napsauta hiiren oikealla painikkeella OneSafe PC Cleaneria aloitussivulla. Ruudun alaosaan tulee esiin ty\u00f6kalupalkki.<\/p>\n<p>Napsauta &#8220;Poista asennus&#8221;, sitten &#8220;Poista asennus&#8221; uudestaan vahvistamaan, ett\u00e4 haluat poistaa OneSafe PC Cleanerin.<\/p>\n<h2 class=\"blue_bg\"><strong>Menetelm\u00e4 <\/strong>2<\/h2>\n<p>Siirry aloitusruutuun ja n\u00e4pp\u00e4ile &#8220;Ohjauspaneeli&#8221;. Napsauta sitten &#8220;ohjauspaneelia&#8221;.<\/p>\n<p>Valitse &#8220;poista ohjelman asennus&#8221;.<\/p>\n<p>Valitse sitten OneSafe PC Cleaner poistettavaksi ja napsauta &#8220;Poista asennus&#8221;.<\/p>\n<h2><strong>Windows XP<\/strong><\/h2>\n<p>Napsauta &#8220;K\u00e4ynnist\u00e4&#8221; (ruudun vasemmassa alanurkassa), siirry kohtaan &#8220;Asetukset&#8221; ja napsauta &#8220;Ohjauspaneeli&#8221;, napsauta seuraavaksi:<\/p>\n<p><strong><i>&#8220;Lis\u00e4\u00e4 tai poista ohjelmia&#8221;<\/i><\/strong><\/p>\n<p>Etsi OneSafe PC Cleaner ohjelmaluettelosta ja napsauta &#8220;Poista&#8221;.<\/p>\n<h2><strong>Windows 7 ja Windows Vista<\/strong><\/h2>\n<p>Napsauta &#8220;K\u00e4ynnist\u00e4&#8221; (ruudun vasemmassa alanurkassa), siirry kohtaan &#8220;Asetukset&#8221; ja napsauta &#8220;Ohjauspaneeli&#8221;, napsauta seuraavaksi:<\/p>\n<p><strong><i>Napsauta &#8220;K\u00e4ynnist\u00e4&#8221; (ruudun vasemmassa alanurkassa), napsauta sitten &#8220;Ohjauspaneeli&#8221; ja seuraavaksi &#8220;Ohjelmat ja toiminnot&#8221;.<\/i><\/strong><\/p>\n<p>Etsi OneSafe PC Cleaner ohjelmaluettelosta ja napsauta &#8220;Poista asennus&#8221;.<\/p>\n<p><img src=\"\/software\/wp-content\/uploads\/2018\/06\/w7-EN.jpg\" alt=\"\" width=\"741\" class=\"alignnone size-full wp-image-267\" \/><\/p>\n","protected":false},"excerpt":{"rendered":"<p>Miten poistaa OneSafe Cleaner helposti Ohjelmistomme on tehty t\u00e4ytt\u00e4m\u00e4\u00e4n kaikki asiakkaan odotukset. Jos kuitenkaan et ole t\u00e4ysin tyytyv\u00e4inen OneSafe PC Cleaneriin, voit poistaa sen t\u00e4ysin tietokoneeltasi seuraamalla alla olevia ohjeita. WINDOWS 10 Valitse K\u00e4ynnist\u00e4- \u00a0painike ja sitten Asetukset ja \u00a0Sovellukset. Valitse ohjelma, jonka haluat poistaa, ja sitten Poista asennus. Noudata ruudulla n\u00e4kyvi\u00e4 ohjeita. WINDOWS 8 [&hellip;]<\/p>\n","protected":false},"author":2,"featured_media":0,"parent":0,"menu_order":0,"comment_status":"closed","ping_status":"closed","template":"","meta":[],"acf":[],"yoast_head":"<!-- This site is optimized with the Yoast SEO plugin v17.7.1 - https:\/\/yoast.com\/wordpress\/plugins\/seo\/ -->\n<meta name=\"robots\" content=\"index, follow, max-snippet:-1, max-image-preview:large, max-video-preview:-1\" \/>\n<link rel=\"canonical\" href=\"https:\/\/onesafesoftware.com\/software\/fi\/uninstall\" \/>\n<meta property=\"og:locale\" content=\"en_US\" \/>\n<meta property=\"og:type\" content=\"article\" \/>\n<meta property=\"og:title\" content=\"Ohjelmiston asennuksen poisto - OneSafe Software FI\" \/>\n<meta property=\"og:description\" content=\"Miten poistaa OneSafe Cleaner helposti Ohjelmistomme on tehty t\u00e4ytt\u00e4m\u00e4\u00e4n kaikki asiakkaan odotukset. Jos kuitenkaan et ole t\u00e4ysin tyytyv\u00e4inen OneSafe PC Cleaneriin, voit poistaa sen t\u00e4ysin tietokoneeltasi seuraamalla alla olevia ohjeita. WINDOWS 10 Valitse K\u00e4ynnist\u00e4- \u00a0painike ja sitten Asetukset ja \u00a0Sovellukset. Valitse ohjelma, jonka haluat poistaa, ja sitten Poista asennus. Noudata ruudulla n\u00e4kyvi\u00e4 ohjeita. WINDOWS 8 [&hellip;]\" \/>\n<meta property=\"og:url\" content=\"https:\/\/onesafesoftware.com\/software\/fi\/uninstall\" \/>\n<meta property=\"og:site_name\" content=\"OneSafe Software FI\" \/>\n<meta property=\"article:modified_time\" content=\"2019-07-09T14:17:58+00:00\" \/>\n<meta property=\"og:image\" content=\"https:\/\/onesafesoftware.com\/software\/fr\/wp-content\/uploads\/sites\/2\/2018\/05\/icon.png\" \/>\n<meta name=\"twitter:card\" content=\"summary_large_image\" \/>\n<meta name=\"twitter:label1\" content=\"Est. reading time\" \/>\n\t<meta name=\"twitter:data1\" content=\"1 minute\" \/>\n<script type=\"application\/ld+json\" class=\"yoast-schema-graph\">{\"@context\":\"https:\/\/schema.org\",\"@graph\":[{\"@type\":\"WebSite\",\"@id\":\"https:\/\/onesafesoftware.com\/software\/fi\/#website\",\"url\":\"https:\/\/onesafesoftware.com\/software\/fi\/\",\"name\":\"OneSafe Software FI\",\"description\":\"Just another OneSafe Software Sites site\",\"potentialAction\":[{\"@type\":\"SearchAction\",\"target\":{\"@type\":\"EntryPoint\",\"urlTemplate\":\"https:\/\/onesafesoftware.com\/software\/fi\/?s={search_term_string}\"},\"query-input\":\"required name=search_term_string\"}],\"inLanguage\":\"en-US\"},{\"@type\":\"ImageObject\",\"@id\":\"https:\/\/onesafesoftware.com\/software\/fi\/uninstall#primaryimage\",\"inLanguage\":\"en-US\",\"url\":\"\/software\/fr\/wp-content\/uploads\/sites\/2\/2018\/05\/icon.png\",\"contentUrl\":\"\/software\/fr\/wp-content\/uploads\/sites\/2\/2018\/05\/icon.png\"},{\"@type\":\"WebPage\",\"@id\":\"https:\/\/onesafesoftware.com\/software\/fi\/uninstall#webpage\",\"url\":\"https:\/\/onesafesoftware.com\/software\/fi\/uninstall\",\"name\":\"Ohjelmiston asennuksen poisto - OneSafe Software FI\",\"isPartOf\":{\"@id\":\"https:\/\/onesafesoftware.com\/software\/fi\/#website\"},\"primaryImageOfPage\":{\"@id\":\"https:\/\/onesafesoftware.com\/software\/fi\/uninstall#primaryimage\"},\"datePublished\":\"2019-07-09T13:25:18+00:00\",\"dateModified\":\"2019-07-09T14:17:58+00:00\",\"breadcrumb\":{\"@id\":\"https:\/\/onesafesoftware.com\/software\/fi\/uninstall#breadcrumb\"},\"inLanguage\":\"en-US\",\"potentialAction\":[{\"@type\":\"ReadAction\",\"target\":[\"https:\/\/onesafesoftware.com\/software\/fi\/uninstall\"]}]},{\"@type\":\"BreadcrumbList\",\"@id\":\"https:\/\/onesafesoftware.com\/software\/fi\/uninstall#breadcrumb\",\"itemListElement\":[{\"@type\":\"ListItem\",\"position\":1,\"name\":\"Home\",\"item\":\"https:\/\/onesafesoftware.com\/software\/fi\/\"},{\"@type\":\"ListItem\",\"position\":2,\"name\":\"Ohjelmiston asennuksen poisto\"}]}]}<\/script>\n<!-- \/ Yoast SEO plugin. -->","yoast_head_json":{"robots":{"index":"index","follow":"follow","max-snippet":"max-snippet:-1","max-image-preview":"max-image-preview:large","max-video-preview":"max-video-preview:-1"},"canonical":"https:\/\/onesafesoftware.com\/software\/fi\/uninstall","og_locale":"en_US","og_type":"article","og_title":"Ohjelmiston asennuksen poisto - OneSafe Software FI","og_description":"Miten poistaa OneSafe Cleaner helposti Ohjelmistomme on tehty t\u00e4ytt\u00e4m\u00e4\u00e4n kaikki asiakkaan odotukset. Jos kuitenkaan et ole t\u00e4ysin tyytyv\u00e4inen OneSafe PC Cleaneriin, voit poistaa sen t\u00e4ysin tietokoneeltasi seuraamalla alla olevia ohjeita. WINDOWS 10 Valitse K\u00e4ynnist\u00e4- \u00a0painike ja sitten Asetukset ja \u00a0Sovellukset. Valitse ohjelma, jonka haluat poistaa, ja sitten Poista asennus. Noudata ruudulla n\u00e4kyvi\u00e4 ohjeita. WINDOWS 8 [&hellip;]","og_url":"https:\/\/onesafesoftware.com\/software\/fi\/uninstall","og_site_name":"OneSafe Software FI","article_modified_time":"2019-07-09T14:17:58+00:00","og_image":[{"url":"https:\/\/onesafesoftware.com\/software\/fr\/wp-content\/uploads\/sites\/2\/2018\/05\/icon.png"}],"twitter_card":"summary_large_image","twitter_misc":{"Est. reading time":"1 minute"},"schema":{"@context":"https:\/\/schema.org","@graph":[{"@type":"WebSite","@id":"https:\/\/onesafesoftware.com\/software\/fi\/#website","url":"https:\/\/onesafesoftware.com\/software\/fi\/","name":"OneSafe Software FI","description":"Just another OneSafe Software Sites site","potentialAction":[{"@type":"SearchAction","target":{"@type":"EntryPoint","urlTemplate":"https:\/\/onesafesoftware.com\/software\/fi\/?s={search_term_string}"},"query-input":"required name=search_term_string"}],"inLanguage":"en-US"},{"@type":"ImageObject","@id":"https:\/\/onesafesoftware.com\/software\/fi\/uninstall#primaryimage","inLanguage":"en-US","url":"\/software\/fr\/wp-content\/uploads\/sites\/2\/2018\/05\/icon.png","contentUrl":"\/software\/fr\/wp-content\/uploads\/sites\/2\/2018\/05\/icon.png"},{"@type":"WebPage","@id":"https:\/\/onesafesoftware.com\/software\/fi\/uninstall#webpage","url":"https:\/\/onesafesoftware.com\/software\/fi\/uninstall","name":"Ohjelmiston asennuksen poisto - OneSafe Software FI","isPartOf":{"@id":"https:\/\/onesafesoftware.com\/software\/fi\/#website"},"primaryImageOfPage":{"@id":"https:\/\/onesafesoftware.com\/software\/fi\/uninstall#primaryimage"},"datePublished":"2019-07-09T13:25:18+00:00","dateModified":"2019-07-09T14:17:58+00:00","breadcrumb":{"@id":"https:\/\/onesafesoftware.com\/software\/fi\/uninstall#breadcrumb"},"inLanguage":"en-US","potentialAction":[{"@type":"ReadAction","target":["https:\/\/onesafesoftware.com\/software\/fi\/uninstall"]}]},{"@type":"BreadcrumbList","@id":"https:\/\/onesafesoftware.com\/software\/fi\/uninstall#breadcrumb","itemListElement":[{"@type":"ListItem","position":1,"name":"Home","item":"https:\/\/onesafesoftware.com\/software\/fi\/"},{"@type":"ListItem","position":2,"name":"Ohjelmiston asennuksen poisto"}]}]}},"_links":{"self":[{"href":"https:\/\/onesafesoftware.com\/software\/fi\/wp-json\/wp\/v2\/pages\/284"}],"collection":[{"href":"https:\/\/onesafesoftware.com\/software\/fi\/wp-json\/wp\/v2\/pages"}],"about":[{"href":"https:\/\/onesafesoftware.com\/software\/fi\/wp-json\/wp\/v2\/types\/page"}],"author":[{"embeddable":true,"href":"https:\/\/onesafesoftware.com\/software\/fi\/wp-json\/wp\/v2\/users\/2"}],"replies":[{"embeddable":true,"href":"https:\/\/onesafesoftware.com\/software\/fi\/wp-json\/wp\/v2\/comments?post=284"}],"version-history":[{"count":3,"href":"https:\/\/onesafesoftware.com\/software\/fi\/wp-json\/wp\/v2\/pages\/284\/revisions"}],"predecessor-version":[{"id":290,"href":"https:\/\/onesafesoftware.com\/software\/fi\/wp-json\/wp\/v2\/pages\/284\/revisions\/290"}],"wp:attachment":[{"href":"https:\/\/onesafesoftware.com\/software\/fi\/wp-json\/wp\/v2\/media?parent=284"}],"curies":[{"name":"wp","href":"https:\/\/api.w.org\/{rel}","templated":true}]}}