{"id":462,"date":"2021-04-01T12:15:39","date_gmt":"2021-04-01T12:15:39","guid":{"rendered":"http:\/\/onesafesoftware.com\/software\/es\/?page_id=462"},"modified":"2021-04-06T09:53:21","modified_gmt":"2021-04-06T09:53:21","slug":"como-desinstalar","status":"publish","type":"page","link":"https:\/\/onesafesoftware.com\/software\/es\/asistencia\/pc-cleaner\/como-desinstalar","title":{"rendered":"C\u00f3mo desinstalar"},"content":{"rendered":"<p>Windows 10<br \/>\nHaga clic en el icono Inicio en la esquina inferior izquierda para abrir el men\u00fa Inicio. En la lista de aplicaciones instaladas, localice PC Cleaner. A continuaci\u00f3n, seleccione Desinstalar y siga las instrucciones que aparecen.<\/p>\n<p>Windows 8.1<br \/>\nHaga clic con el bot\u00f3n derecho en el icono Inicio en la esquina inferior izquierda para abrir el Men\u00fa contextual de inicio. Seleccione Programas y Funciones. Seleccione PC Cleaner y haga clic en Desinstalar en la parte superior para eliminarlo.<\/p>\n<p>Windows 8<br \/>\nPase el cursor por la esquina inferior izquierda de la pantalla hasta que aparezca una imagen peque\u00f1a de la Pantalla de inicio y haga clic en el icono para abrir el Men\u00fa contextual de inicio. Seleccione Programas y Funciones. Seleccione PC Cleaner y haga clic en Desinstalar en la parte superior para eliminarlo.<\/p>\n<p>Windows 7<br \/>\nHaga clic en el icono de Windows en la esquina inferior izquierda. En el panel derecho, haga clic en el Panel de control. En Programas, haga clic en Desinstalar un programa. Seleccione PC Cleaner y haga clic en Desinstalar en la parte superior para eliminarlo.<\/p>\n","protected":false},"excerpt":{"rendered":"<p>Windows 10 Haga clic en el icono Inicio en la esquina inferior izquierda para abrir el men\u00fa Inicio. En la lista de aplicaciones instaladas, localice PC Cleaner. A continuaci\u00f3n, seleccione Desinstalar y siga las instrucciones que aparecen. Windows 8.1 Haga clic con el bot\u00f3n derecho en el icono Inicio en la esquina inferior izquierda para [&hellip;]<\/p>\n","protected":false},"author":1,"featured_media":0,"parent":446,"menu_order":0,"comment_status":"closed","ping_status":"closed","template":"","meta":[],"acf":[],"yoast_head":"<!-- This site is optimized with the Yoast SEO plugin v17.7.1 - https:\/\/yoast.com\/wordpress\/plugins\/seo\/ -->\n<meta name=\"robots\" content=\"noindex, follow\" \/>\n<meta property=\"og:locale\" content=\"en_US\" \/>\n<meta property=\"og:type\" content=\"article\" \/>\n<meta property=\"og:title\" content=\"C\u00f3mo desinstalar - OneSafe Software ES\" \/>\n<meta property=\"og:description\" content=\"Windows 10 Haga clic en el icono Inicio en la esquina inferior izquierda para abrir el men\u00fa Inicio. En la lista de aplicaciones instaladas, localice PC Cleaner. A continuaci\u00f3n, seleccione Desinstalar y siga las instrucciones que aparecen. Windows 8.1 Haga clic con el bot\u00f3n derecho en el icono Inicio en la esquina inferior izquierda para [&hellip;]\" \/>\n<meta property=\"og:url\" content=\"https:\/\/onesafesoftware.com\/software\/es\/asistencia\/pc-cleaner\/como-desinstalar\" \/>\n<meta property=\"og:site_name\" content=\"OneSafe Software ES\" \/>\n<meta property=\"article:modified_time\" content=\"2021-04-06T09:53:21+00:00\" \/>\n<meta name=\"twitter:card\" content=\"summary_large_image\" \/>\n<meta name=\"twitter:label1\" content=\"Est. reading time\" \/>\n\t<meta name=\"twitter:data1\" content=\"1 minute\" \/>\n<script type=\"application\/ld+json\" class=\"yoast-schema-graph\">{\"@context\":\"https:\/\/schema.org\",\"@graph\":[{\"@type\":\"WebSite\",\"@id\":\"https:\/\/onesafesoftware.com\/software\/es\/#website\",\"url\":\"https:\/\/onesafesoftware.com\/software\/es\/\",\"name\":\"OneSafe Software ES\",\"description\":\"Just another OneSafe Software Sites site\",\"potentialAction\":[{\"@type\":\"SearchAction\",\"target\":{\"@type\":\"EntryPoint\",\"urlTemplate\":\"https:\/\/onesafesoftware.com\/software\/es\/?s={search_term_string}\"},\"query-input\":\"required name=search_term_string\"}],\"inLanguage\":\"en-US\"},{\"@type\":\"WebPage\",\"@id\":\"https:\/\/onesafesoftware.com\/software\/es\/asistencia\/pc-cleaner\/como-desinstalar#webpage\",\"url\":\"https:\/\/onesafesoftware.com\/software\/es\/asistencia\/pc-cleaner\/como-desinstalar\",\"name\":\"C\\u00f3mo desinstalar - OneSafe Software ES\",\"isPartOf\":{\"@id\":\"https:\/\/onesafesoftware.com\/software\/es\/#website\"},\"datePublished\":\"2021-04-01T12:15:39+00:00\",\"dateModified\":\"2021-04-06T09:53:21+00:00\",\"breadcrumb\":{\"@id\":\"https:\/\/onesafesoftware.com\/software\/es\/asistencia\/pc-cleaner\/como-desinstalar#breadcrumb\"},\"inLanguage\":\"en-US\",\"potentialAction\":[{\"@type\":\"ReadAction\",\"target\":[\"https:\/\/onesafesoftware.com\/software\/es\/asistencia\/pc-cleaner\/como-desinstalar\"]}]},{\"@type\":\"BreadcrumbList\",\"@id\":\"https:\/\/onesafesoftware.com\/software\/es\/asistencia\/pc-cleaner\/como-desinstalar#breadcrumb\",\"itemListElement\":[{\"@type\":\"ListItem\",\"position\":1,\"name\":\"Home\",\"item\":\"https:\/\/onesafesoftware.com\/software\/es\/\"},{\"@type\":\"ListItem\",\"position\":2,\"name\":\"Asistencia\",\"item\":\"https:\/\/onesafesoftware.com\/software\/es\/asistencia\"},{\"@type\":\"ListItem\",\"position\":3,\"name\":\"PC Cleaner\",\"item\":\"https:\/\/onesafesoftware.com\/software\/es\/asistencia\/pc-cleaner\"},{\"@type\":\"ListItem\",\"position\":4,\"name\":\"C\\u00f3mo desinstalar\"}]}]}<\/script>\n<!-- \/ Yoast SEO plugin. -->","yoast_head_json":{"robots":{"index":"noindex","follow":"follow"},"og_locale":"en_US","og_type":"article","og_title":"C\u00f3mo desinstalar - OneSafe Software ES","og_description":"Windows 10 Haga clic en el icono Inicio en la esquina inferior izquierda para abrir el men\u00fa Inicio. En la lista de aplicaciones instaladas, localice PC Cleaner. A continuaci\u00f3n, seleccione Desinstalar y siga las instrucciones que aparecen. Windows 8.1 Haga clic con el bot\u00f3n derecho en el icono Inicio en la esquina inferior izquierda para [&hellip;]","og_url":"https:\/\/onesafesoftware.com\/software\/es\/asistencia\/pc-cleaner\/como-desinstalar","og_site_name":"OneSafe Software ES","article_modified_time":"2021-04-06T09:53:21+00:00","twitter_card":"summary_large_image","twitter_misc":{"Est. reading time":"1 minute"},"schema":{"@context":"https:\/\/schema.org","@graph":[{"@type":"WebSite","@id":"https:\/\/onesafesoftware.com\/software\/es\/#website","url":"https:\/\/onesafesoftware.com\/software\/es\/","name":"OneSafe Software ES","description":"Just another OneSafe Software Sites site","potentialAction":[{"@type":"SearchAction","target":{"@type":"EntryPoint","urlTemplate":"https:\/\/onesafesoftware.com\/software\/es\/?s={search_term_string}"},"query-input":"required name=search_term_string"}],"inLanguage":"en-US"},{"@type":"WebPage","@id":"https:\/\/onesafesoftware.com\/software\/es\/asistencia\/pc-cleaner\/como-desinstalar#webpage","url":"https:\/\/onesafesoftware.com\/software\/es\/asistencia\/pc-cleaner\/como-desinstalar","name":"C\u00f3mo desinstalar - OneSafe Software ES","isPartOf":{"@id":"https:\/\/onesafesoftware.com\/software\/es\/#website"},"datePublished":"2021-04-01T12:15:39+00:00","dateModified":"2021-04-06T09:53:21+00:00","breadcrumb":{"@id":"https:\/\/onesafesoftware.com\/software\/es\/asistencia\/pc-cleaner\/como-desinstalar#breadcrumb"},"inLanguage":"en-US","potentialAction":[{"@type":"ReadAction","target":["https:\/\/onesafesoftware.com\/software\/es\/asistencia\/pc-cleaner\/como-desinstalar"]}]},{"@type":"BreadcrumbList","@id":"https:\/\/onesafesoftware.com\/software\/es\/asistencia\/pc-cleaner\/como-desinstalar#breadcrumb","itemListElement":[{"@type":"ListItem","position":1,"name":"Home","item":"https:\/\/onesafesoftware.com\/software\/es\/"},{"@type":"ListItem","position":2,"name":"Asistencia","item":"https:\/\/onesafesoftware.com\/software\/es\/asistencia"},{"@type":"ListItem","position":3,"name":"PC Cleaner","item":"https:\/\/onesafesoftware.com\/software\/es\/asistencia\/pc-cleaner"},{"@type":"ListItem","position":4,"name":"C\u00f3mo desinstalar"}]}]}},"_links":{"self":[{"href":"https:\/\/onesafesoftware.com\/software\/es\/wp-json\/wp\/v2\/pages\/462"}],"collection":[{"href":"https:\/\/onesafesoftware.com\/software\/es\/wp-json\/wp\/v2\/pages"}],"about":[{"href":"https:\/\/onesafesoftware.com\/software\/es\/wp-json\/wp\/v2\/types\/page"}],"author":[{"embeddable":true,"href":"https:\/\/onesafesoftware.com\/software\/es\/wp-json\/wp\/v2\/users\/1"}],"replies":[{"embeddable":true,"href":"https:\/\/onesafesoftware.com\/software\/es\/wp-json\/wp\/v2\/comments?post=462"}],"version-history":[{"count":1,"href":"https:\/\/onesafesoftware.com\/software\/es\/wp-json\/wp\/v2\/pages\/462\/revisions"}],"predecessor-version":[{"id":463,"href":"https:\/\/onesafesoftware.com\/software\/es\/wp-json\/wp\/v2\/pages\/462\/revisions\/463"}],"up":[{"embeddable":true,"href":"https:\/\/onesafesoftware.com\/software\/es\/wp-json\/wp\/v2\/pages\/446"}],"wp:attachment":[{"href":"https:\/\/onesafesoftware.com\/software\/es\/wp-json\/wp\/v2\/media?parent=462"}],"curies":[{"name":"wp","href":"https:\/\/api.w.org\/{rel}","templated":true}]}}