{"id":460,"date":"2021-04-01T12:15:24","date_gmt":"2021-04-01T12:15:24","guid":{"rendered":"http:\/\/onesafesoftware.com\/software\/es\/?page_id=460"},"modified":"2021-04-06T09:53:26","modified_gmt":"2021-04-06T09:53:26","slug":"como-registrar-el-producto","status":"publish","type":"page","link":"https:\/\/onesafesoftware.com\/software\/es\/asistencia\/pc-cleaner\/como-registrar-el-producto","title":{"rendered":"C\u00f3mo registrar el producto"},"content":{"rendered":"<p>Para registrar PC Cleaner:<\/p>\n<ol>\n<li>Abra la ficha Configuraci\u00f3n y seleccione Registrar.<\/li>\n<li>Si no dispone de la clave de la licencia, haga clic en Activar ahora para ir a la p\u00e1gina Web y obtener la clave de la licencia.<\/li>\n<li>Cuando haya obtenido esta clave, escriba su nombre (o el de su empresa), introduzca la clave y haga clic en el bot\u00f3n Registrar.<\/li>\n<\/ol>\n<p>Si tiene alg\u00fan problema, p\u00f3ngase en contacto con el servicio t\u00e9cnico en<span>\u00a0<\/span><a href=\"mailto:support@onesafesoftware.com\">support@onesafesoftware.com<\/a><\/p>\n","protected":false},"excerpt":{"rendered":"<p>Para registrar PC Cleaner: Abra la ficha Configuraci\u00f3n y seleccione Registrar. Si no dispone de la clave de la licencia, haga clic en Activar ahora para ir a la p\u00e1gina Web y obtener la clave de la licencia. Cuando haya obtenido esta clave, escriba su nombre (o el de su empresa), introduzca la clave y [&hellip;]<\/p>\n","protected":false},"author":1,"featured_media":0,"parent":446,"menu_order":0,"comment_status":"closed","ping_status":"closed","template":"","meta":[],"acf":[],"yoast_head":"<!-- This site is optimized with the Yoast SEO plugin v17.7.1 - https:\/\/yoast.com\/wordpress\/plugins\/seo\/ -->\n<meta name=\"robots\" content=\"noindex, follow\" \/>\n<meta property=\"og:locale\" content=\"en_US\" \/>\n<meta property=\"og:type\" content=\"article\" \/>\n<meta property=\"og:title\" content=\"C\u00f3mo registrar el producto - OneSafe Software ES\" \/>\n<meta property=\"og:description\" content=\"Para registrar PC Cleaner: Abra la ficha Configuraci\u00f3n y seleccione Registrar. Si no dispone de la clave de la licencia, haga clic en Activar ahora para ir a la p\u00e1gina Web y obtener la clave de la licencia. Cuando haya obtenido esta clave, escriba su nombre (o el de su empresa), introduzca la clave y [&hellip;]\" \/>\n<meta property=\"og:url\" content=\"https:\/\/onesafesoftware.com\/software\/es\/asistencia\/pc-cleaner\/como-registrar-el-producto\" \/>\n<meta property=\"og:site_name\" content=\"OneSafe Software ES\" \/>\n<meta property=\"article:modified_time\" content=\"2021-04-06T09:53:26+00:00\" \/>\n<meta name=\"twitter:card\" content=\"summary_large_image\" \/>\n<meta name=\"twitter:label1\" content=\"Est. reading time\" \/>\n\t<meta name=\"twitter:data1\" content=\"1 minute\" \/>\n<script type=\"application\/ld+json\" class=\"yoast-schema-graph\">{\"@context\":\"https:\/\/schema.org\",\"@graph\":[{\"@type\":\"WebSite\",\"@id\":\"https:\/\/onesafesoftware.com\/software\/es\/#website\",\"url\":\"https:\/\/onesafesoftware.com\/software\/es\/\",\"name\":\"OneSafe Software ES\",\"description\":\"Just another OneSafe Software Sites site\",\"potentialAction\":[{\"@type\":\"SearchAction\",\"target\":{\"@type\":\"EntryPoint\",\"urlTemplate\":\"https:\/\/onesafesoftware.com\/software\/es\/?s={search_term_string}\"},\"query-input\":\"required name=search_term_string\"}],\"inLanguage\":\"en-US\"},{\"@type\":\"WebPage\",\"@id\":\"https:\/\/onesafesoftware.com\/software\/es\/asistencia\/pc-cleaner\/como-registrar-el-producto#webpage\",\"url\":\"https:\/\/onesafesoftware.com\/software\/es\/asistencia\/pc-cleaner\/como-registrar-el-producto\",\"name\":\"C\\u00f3mo registrar el producto - OneSafe Software ES\",\"isPartOf\":{\"@id\":\"https:\/\/onesafesoftware.com\/software\/es\/#website\"},\"datePublished\":\"2021-04-01T12:15:24+00:00\",\"dateModified\":\"2021-04-06T09:53:26+00:00\",\"breadcrumb\":{\"@id\":\"https:\/\/onesafesoftware.com\/software\/es\/asistencia\/pc-cleaner\/como-registrar-el-producto#breadcrumb\"},\"inLanguage\":\"en-US\",\"potentialAction\":[{\"@type\":\"ReadAction\",\"target\":[\"https:\/\/onesafesoftware.com\/software\/es\/asistencia\/pc-cleaner\/como-registrar-el-producto\"]}]},{\"@type\":\"BreadcrumbList\",\"@id\":\"https:\/\/onesafesoftware.com\/software\/es\/asistencia\/pc-cleaner\/como-registrar-el-producto#breadcrumb\",\"itemListElement\":[{\"@type\":\"ListItem\",\"position\":1,\"name\":\"Home\",\"item\":\"https:\/\/onesafesoftware.com\/software\/es\/\"},{\"@type\":\"ListItem\",\"position\":2,\"name\":\"Asistencia\",\"item\":\"https:\/\/onesafesoftware.com\/software\/es\/asistencia\"},{\"@type\":\"ListItem\",\"position\":3,\"name\":\"PC Cleaner\",\"item\":\"https:\/\/onesafesoftware.com\/software\/es\/asistencia\/pc-cleaner\"},{\"@type\":\"ListItem\",\"position\":4,\"name\":\"C\\u00f3mo registrar el producto\"}]}]}<\/script>\n<!-- \/ Yoast SEO plugin. -->","yoast_head_json":{"robots":{"index":"noindex","follow":"follow"},"og_locale":"en_US","og_type":"article","og_title":"C\u00f3mo registrar el producto - OneSafe Software ES","og_description":"Para registrar PC Cleaner: Abra la ficha Configuraci\u00f3n y seleccione Registrar. Si no dispone de la clave de la licencia, haga clic en Activar ahora para ir a la p\u00e1gina Web y obtener la clave de la licencia. Cuando haya obtenido esta clave, escriba su nombre (o el de su empresa), introduzca la clave y [&hellip;]","og_url":"https:\/\/onesafesoftware.com\/software\/es\/asistencia\/pc-cleaner\/como-registrar-el-producto","og_site_name":"OneSafe Software ES","article_modified_time":"2021-04-06T09:53:26+00:00","twitter_card":"summary_large_image","twitter_misc":{"Est. reading time":"1 minute"},"schema":{"@context":"https:\/\/schema.org","@graph":[{"@type":"WebSite","@id":"https:\/\/onesafesoftware.com\/software\/es\/#website","url":"https:\/\/onesafesoftware.com\/software\/es\/","name":"OneSafe Software ES","description":"Just another OneSafe Software Sites site","potentialAction":[{"@type":"SearchAction","target":{"@type":"EntryPoint","urlTemplate":"https:\/\/onesafesoftware.com\/software\/es\/?s={search_term_string}"},"query-input":"required name=search_term_string"}],"inLanguage":"en-US"},{"@type":"WebPage","@id":"https:\/\/onesafesoftware.com\/software\/es\/asistencia\/pc-cleaner\/como-registrar-el-producto#webpage","url":"https:\/\/onesafesoftware.com\/software\/es\/asistencia\/pc-cleaner\/como-registrar-el-producto","name":"C\u00f3mo registrar el producto - OneSafe Software ES","isPartOf":{"@id":"https:\/\/onesafesoftware.com\/software\/es\/#website"},"datePublished":"2021-04-01T12:15:24+00:00","dateModified":"2021-04-06T09:53:26+00:00","breadcrumb":{"@id":"https:\/\/onesafesoftware.com\/software\/es\/asistencia\/pc-cleaner\/como-registrar-el-producto#breadcrumb"},"inLanguage":"en-US","potentialAction":[{"@type":"ReadAction","target":["https:\/\/onesafesoftware.com\/software\/es\/asistencia\/pc-cleaner\/como-registrar-el-producto"]}]},{"@type":"BreadcrumbList","@id":"https:\/\/onesafesoftware.com\/software\/es\/asistencia\/pc-cleaner\/como-registrar-el-producto#breadcrumb","itemListElement":[{"@type":"ListItem","position":1,"name":"Home","item":"https:\/\/onesafesoftware.com\/software\/es\/"},{"@type":"ListItem","position":2,"name":"Asistencia","item":"https:\/\/onesafesoftware.com\/software\/es\/asistencia"},{"@type":"ListItem","position":3,"name":"PC Cleaner","item":"https:\/\/onesafesoftware.com\/software\/es\/asistencia\/pc-cleaner"},{"@type":"ListItem","position":4,"name":"C\u00f3mo registrar el producto"}]}]}},"_links":{"self":[{"href":"https:\/\/onesafesoftware.com\/software\/es\/wp-json\/wp\/v2\/pages\/460"}],"collection":[{"href":"https:\/\/onesafesoftware.com\/software\/es\/wp-json\/wp\/v2\/pages"}],"about":[{"href":"https:\/\/onesafesoftware.com\/software\/es\/wp-json\/wp\/v2\/types\/page"}],"author":[{"embeddable":true,"href":"https:\/\/onesafesoftware.com\/software\/es\/wp-json\/wp\/v2\/users\/1"}],"replies":[{"embeddable":true,"href":"https:\/\/onesafesoftware.com\/software\/es\/wp-json\/wp\/v2\/comments?post=460"}],"version-history":[{"count":1,"href":"https:\/\/onesafesoftware.com\/software\/es\/wp-json\/wp\/v2\/pages\/460\/revisions"}],"predecessor-version":[{"id":461,"href":"https:\/\/onesafesoftware.com\/software\/es\/wp-json\/wp\/v2\/pages\/460\/revisions\/461"}],"up":[{"embeddable":true,"href":"https:\/\/onesafesoftware.com\/software\/es\/wp-json\/wp\/v2\/pages\/446"}],"wp:attachment":[{"href":"https:\/\/onesafesoftware.com\/software\/es\/wp-json\/wp\/v2\/media?parent=460"}],"curies":[{"name":"wp","href":"https:\/\/api.w.org\/{rel}","templated":true}]}}