{"id":458,"date":"2021-04-01T12:14:50","date_gmt":"2021-04-01T12:14:50","guid":{"rendered":"http:\/\/onesafesoftware.com\/software\/es\/?page_id=458"},"modified":"2021-04-06T09:53:34","modified_gmt":"2021-04-06T09:53:34","slug":"configuracion","status":"publish","type":"page","link":"https:\/\/onesafesoftware.com\/software\/es\/asistencia\/pc-cleaner\/configuracion","title":{"rendered":"Configuraci\u00f3n"},"content":{"rendered":"<p><strong>Lista de exclusi\u00f3n<\/strong>: puede seleccionar determinadas claves del registro o archivos para que se excluyan en futuras exploraciones.<\/p>\n<p>Exclusi\u00f3n de claves del registro: le aconsejamos que tenga mucho cuidado al excluir rutas del registro. Si se han creado claves del registro no v\u00e1lidas bajo la ruta que haya excluido, PC Cleaner no podr\u00e1 realizar un seguimiento de dichos registros y, por lo tanto, no podr\u00e1 limpiar y optimizar por completo el registro.<\/p>\n<p>Exclusi\u00f3n de archivos: pueden existir determinados archivos que sepa que no desea eliminar y que prefiera no incluirlos en futuras exploraciones, por ejemplo, cookies que contengan credenciales de inicio de sesi\u00f3n que utilice de forma autom\u00e1tica al visitar una p\u00e1gina de confianza. Utilice la Lista de exclusi\u00f3n para seleccionar cualquier archivo que no desee incluir en el futuro. Si ya ha excluido determinados archivos durante una exploraci\u00f3n de privacidad, esos archivos se mostrar\u00e1n y podr\u00e1 a\u00f1adir o eliminar de dicha lista cualquier archivo que ya no desee excluir.<\/p>\n<p><strong>Registrar\/deshacer<\/strong>: cada vez que utilice PC Cleaner para eliminar los errores del registro o los archivos basura, se crear\u00e1 un archivo de registro. PC Cleaner guarda estos archivos de registro, de forma que siempre podr\u00e1 volver atr\u00e1s y restaurar los elementos eliminados, en caso de que tenga problemas. En esta pantalla, podr\u00e1 seleccionar la ubicaci\u00f3n donde desea almacenar estos archivos de registro; tambi\u00e9n podr\u00e1 deshacer cualquier cambio que haya realizado previamente el programa.<\/p>\n","protected":false},"excerpt":{"rendered":"<p>Lista de exclusi\u00f3n: puede seleccionar determinadas claves del registro o archivos para que se excluyan en futuras exploraciones. Exclusi\u00f3n de claves del registro: le aconsejamos que tenga mucho cuidado al excluir rutas del registro. Si se han creado claves del registro no v\u00e1lidas bajo la ruta que haya excluido, PC Cleaner no podr\u00e1 realizar un [&hellip;]<\/p>\n","protected":false},"author":1,"featured_media":0,"parent":446,"menu_order":0,"comment_status":"closed","ping_status":"closed","template":"","meta":[],"acf":[],"yoast_head":"<!-- This site is optimized with the Yoast SEO plugin v17.7.1 - https:\/\/yoast.com\/wordpress\/plugins\/seo\/ -->\n<meta name=\"robots\" content=\"noindex, follow\" \/>\n<meta property=\"og:locale\" content=\"en_US\" \/>\n<meta property=\"og:type\" content=\"article\" \/>\n<meta property=\"og:title\" content=\"Configuraci\u00f3n - OneSafe Software ES\" \/>\n<meta property=\"og:description\" content=\"Lista de exclusi\u00f3n: puede seleccionar determinadas claves del registro o archivos para que se excluyan en futuras exploraciones. Exclusi\u00f3n de claves del registro: le aconsejamos que tenga mucho cuidado al excluir rutas del registro. Si se han creado claves del registro no v\u00e1lidas bajo la ruta que haya excluido, PC Cleaner no podr\u00e1 realizar un [&hellip;]\" \/>\n<meta property=\"og:url\" content=\"https:\/\/onesafesoftware.com\/software\/es\/asistencia\/pc-cleaner\/configuracion\" \/>\n<meta property=\"og:site_name\" content=\"OneSafe Software ES\" \/>\n<meta property=\"article:modified_time\" content=\"2021-04-06T09:53:34+00:00\" \/>\n<meta name=\"twitter:card\" content=\"summary_large_image\" \/>\n<meta name=\"twitter:label1\" content=\"Est. reading time\" \/>\n\t<meta name=\"twitter:data1\" content=\"2 minutes\" \/>\n<script type=\"application\/ld+json\" class=\"yoast-schema-graph\">{\"@context\":\"https:\/\/schema.org\",\"@graph\":[{\"@type\":\"WebSite\",\"@id\":\"https:\/\/onesafesoftware.com\/software\/es\/#website\",\"url\":\"https:\/\/onesafesoftware.com\/software\/es\/\",\"name\":\"OneSafe Software ES\",\"description\":\"Just another OneSafe Software Sites site\",\"potentialAction\":[{\"@type\":\"SearchAction\",\"target\":{\"@type\":\"EntryPoint\",\"urlTemplate\":\"https:\/\/onesafesoftware.com\/software\/es\/?s={search_term_string}\"},\"query-input\":\"required name=search_term_string\"}],\"inLanguage\":\"en-US\"},{\"@type\":\"WebPage\",\"@id\":\"https:\/\/onesafesoftware.com\/software\/es\/asistencia\/pc-cleaner\/configuracion#webpage\",\"url\":\"https:\/\/onesafesoftware.com\/software\/es\/asistencia\/pc-cleaner\/configuracion\",\"name\":\"Configuraci\\u00f3n - OneSafe Software ES\",\"isPartOf\":{\"@id\":\"https:\/\/onesafesoftware.com\/software\/es\/#website\"},\"datePublished\":\"2021-04-01T12:14:50+00:00\",\"dateModified\":\"2021-04-06T09:53:34+00:00\",\"breadcrumb\":{\"@id\":\"https:\/\/onesafesoftware.com\/software\/es\/asistencia\/pc-cleaner\/configuracion#breadcrumb\"},\"inLanguage\":\"en-US\",\"potentialAction\":[{\"@type\":\"ReadAction\",\"target\":[\"https:\/\/onesafesoftware.com\/software\/es\/asistencia\/pc-cleaner\/configuracion\"]}]},{\"@type\":\"BreadcrumbList\",\"@id\":\"https:\/\/onesafesoftware.com\/software\/es\/asistencia\/pc-cleaner\/configuracion#breadcrumb\",\"itemListElement\":[{\"@type\":\"ListItem\",\"position\":1,\"name\":\"Home\",\"item\":\"https:\/\/onesafesoftware.com\/software\/es\/\"},{\"@type\":\"ListItem\",\"position\":2,\"name\":\"Asistencia\",\"item\":\"https:\/\/onesafesoftware.com\/software\/es\/asistencia\"},{\"@type\":\"ListItem\",\"position\":3,\"name\":\"PC Cleaner\",\"item\":\"https:\/\/onesafesoftware.com\/software\/es\/asistencia\/pc-cleaner\"},{\"@type\":\"ListItem\",\"position\":4,\"name\":\"Configuraci\\u00f3n\"}]}]}<\/script>\n<!-- \/ Yoast SEO plugin. -->","yoast_head_json":{"robots":{"index":"noindex","follow":"follow"},"og_locale":"en_US","og_type":"article","og_title":"Configuraci\u00f3n - OneSafe Software ES","og_description":"Lista de exclusi\u00f3n: puede seleccionar determinadas claves del registro o archivos para que se excluyan en futuras exploraciones. Exclusi\u00f3n de claves del registro: le aconsejamos que tenga mucho cuidado al excluir rutas del registro. Si se han creado claves del registro no v\u00e1lidas bajo la ruta que haya excluido, PC Cleaner no podr\u00e1 realizar un [&hellip;]","og_url":"https:\/\/onesafesoftware.com\/software\/es\/asistencia\/pc-cleaner\/configuracion","og_site_name":"OneSafe Software ES","article_modified_time":"2021-04-06T09:53:34+00:00","twitter_card":"summary_large_image","twitter_misc":{"Est. reading time":"2 minutes"},"schema":{"@context":"https:\/\/schema.org","@graph":[{"@type":"WebSite","@id":"https:\/\/onesafesoftware.com\/software\/es\/#website","url":"https:\/\/onesafesoftware.com\/software\/es\/","name":"OneSafe Software ES","description":"Just another OneSafe Software Sites site","potentialAction":[{"@type":"SearchAction","target":{"@type":"EntryPoint","urlTemplate":"https:\/\/onesafesoftware.com\/software\/es\/?s={search_term_string}"},"query-input":"required name=search_term_string"}],"inLanguage":"en-US"},{"@type":"WebPage","@id":"https:\/\/onesafesoftware.com\/software\/es\/asistencia\/pc-cleaner\/configuracion#webpage","url":"https:\/\/onesafesoftware.com\/software\/es\/asistencia\/pc-cleaner\/configuracion","name":"Configuraci\u00f3n - OneSafe Software ES","isPartOf":{"@id":"https:\/\/onesafesoftware.com\/software\/es\/#website"},"datePublished":"2021-04-01T12:14:50+00:00","dateModified":"2021-04-06T09:53:34+00:00","breadcrumb":{"@id":"https:\/\/onesafesoftware.com\/software\/es\/asistencia\/pc-cleaner\/configuracion#breadcrumb"},"inLanguage":"en-US","potentialAction":[{"@type":"ReadAction","target":["https:\/\/onesafesoftware.com\/software\/es\/asistencia\/pc-cleaner\/configuracion"]}]},{"@type":"BreadcrumbList","@id":"https:\/\/onesafesoftware.com\/software\/es\/asistencia\/pc-cleaner\/configuracion#breadcrumb","itemListElement":[{"@type":"ListItem","position":1,"name":"Home","item":"https:\/\/onesafesoftware.com\/software\/es\/"},{"@type":"ListItem","position":2,"name":"Asistencia","item":"https:\/\/onesafesoftware.com\/software\/es\/asistencia"},{"@type":"ListItem","position":3,"name":"PC Cleaner","item":"https:\/\/onesafesoftware.com\/software\/es\/asistencia\/pc-cleaner"},{"@type":"ListItem","position":4,"name":"Configuraci\u00f3n"}]}]}},"_links":{"self":[{"href":"https:\/\/onesafesoftware.com\/software\/es\/wp-json\/wp\/v2\/pages\/458"}],"collection":[{"href":"https:\/\/onesafesoftware.com\/software\/es\/wp-json\/wp\/v2\/pages"}],"about":[{"href":"https:\/\/onesafesoftware.com\/software\/es\/wp-json\/wp\/v2\/types\/page"}],"author":[{"embeddable":true,"href":"https:\/\/onesafesoftware.com\/software\/es\/wp-json\/wp\/v2\/users\/1"}],"replies":[{"embeddable":true,"href":"https:\/\/onesafesoftware.com\/software\/es\/wp-json\/wp\/v2\/comments?post=458"}],"version-history":[{"count":1,"href":"https:\/\/onesafesoftware.com\/software\/es\/wp-json\/wp\/v2\/pages\/458\/revisions"}],"predecessor-version":[{"id":459,"href":"https:\/\/onesafesoftware.com\/software\/es\/wp-json\/wp\/v2\/pages\/458\/revisions\/459"}],"up":[{"embeddable":true,"href":"https:\/\/onesafesoftware.com\/software\/es\/wp-json\/wp\/v2\/pages\/446"}],"wp:attachment":[{"href":"https:\/\/onesafesoftware.com\/software\/es\/wp-json\/wp\/v2\/media?parent=458"}],"curies":[{"name":"wp","href":"https:\/\/api.w.org\/{rel}","templated":true}]}}