{"id":456,"date":"2021-04-01T12:14:35","date_gmt":"2021-04-01T12:14:35","guid":{"rendered":"http:\/\/onesafesoftware.com\/software\/es\/?page_id=456"},"modified":"2021-04-06T09:54:15","modified_gmt":"2021-04-06T09:54:15","slug":"recuperar","status":"publish","type":"page","link":"https:\/\/onesafesoftware.com\/software\/es\/asistencia\/pc-cleaner\/recuperar","title":{"rendered":"Recuperar"},"content":{"rendered":"<p>Esta funci\u00f3n est\u00e1 disponible \u00fanicamente en PC Cleaner Platinum<\/p>\n<p>Utilice la exploraci\u00f3n de recuperaci\u00f3n para buscar en su ordenador, unidades externas o tarjetas de memoria archivos o fotograf\u00edas eliminados o que no encuentra. Algunos archivos podr\u00edan estar da\u00f1ados o haberse escrito sobre ellos. Aunque el proceso de recuperaci\u00f3n hace los m\u00e1ximos esfuerzos posibles para encontrar todos los archivos, no puede garantizarse que vayan a poder recuperarse todos los archivos.<\/p>\n<h3>Recupere cualquiera de los tipos de archivo siguientes:<\/h3>\n<h4>Documentos:<\/h4>\n<ul>\n<li>Documentos de Word<\/li>\n<li>Documentos de Excel<\/li>\n<li>Documentos de Powerpoint<\/li>\n<li>Documentos de texto<\/li>\n<li>Documentos PDF<\/li>\n<\/ul>\n<h4>Fotograf\u00edas\/im\u00e1genes:<\/h4>\n<ul>\n<li>JPG<\/li>\n<li>GIF<\/li>\n<li>PNG<\/li>\n<li>BMP<\/li>\n<li>ICO<\/li>\n<\/ul>\n<h4>Archivos comprimidos:<\/h4>\n<ul>\n<li>ZIP<\/li>\n<li>RAR<\/li>\n<li>7Z<\/li>\n<\/ul>\n<h3>Men\u00fa Recuperar<\/h3>\n<p>Seleccione la unidad que desee explorar en busca de archivos eliminados o que faltan. El ajuste predeterminado para la exploraci\u00f3n es la unidad C:. Si desea explorar una unidad externa o una tarjeta de memoria, solo tendr\u00e1 que conectar el dispositivo al PC y hacer clic en la flecha abajo para seleccionar dicha unidad.<\/p>\n<p>Seleccione el tipo de archivos que faltan que desea encontrar. De forma predeterminada est\u00e1n preseleccionadas las 4 categor\u00edas. Desactive la casilla de selecci\u00f3n que aparece junto a las categor\u00edas que desee excluir de la exploraci\u00f3n.<\/p>\n<p>Pulse \u201cIniciar exploraci\u00f3n\u201d para comenzar a buscar en su ordenador archivos que faltan o se han eliminado.<\/p>\n<p><strong>Buscando archivos recuperables<\/strong>: el proceso de b\u00fasqueda de archivos recuperables puede llevar varios minutos. La barra de progreso muestra el estado de la exploraci\u00f3n. Durante la exploraci\u00f3n se mostrar\u00e1 el n\u00famero de archivos que faltan encontrados.<\/p>\n<p><strong>Cancelar la exploraci\u00f3n<\/strong>: podr\u00e1 cancelar la exploraci\u00f3n mientras est\u00e1 en curso haciendo clic en el bot\u00f3n \u201cCancelar\u201d. Podr\u00e1 recuperar los archivos eliminados detectados por la exploraci\u00f3n antes de que se detuviera.<\/p>\n<h3>Recuperaci\u00f3n de archivos<\/h3>\n<p>Una vez completada la exploraci\u00f3n, los resultados se mostrar\u00e1n en la ventana Recuperaci\u00f3n de datos. Los archivos recuperados aparecen divididos en categor\u00edas.<\/p>\n<h3>Pasos para recuperar los archivos<\/h3>\n<ol>\n<li>Seleccione el grupo de archivos en el que est\u00e9 interesado<\/li>\n<li>Cuando seleccione uno de los grupos, en la parte derecha de la pantalla se mostrar\u00e1 informaci\u00f3n sobre los elementos de este grupo. Esta informaci\u00f3n incluye el nombre de archivo, la ruta, la fecha y el tama\u00f1o. Seleccione los archivos que desee recuperar.<\/li>\n<li>Haga clic en Vista previa para obtener una confirmaci\u00f3n visual de que se trata del archivo correcto. La vista previa no est\u00e1 disponible con todos los tipos de archivo.<\/li>\n<li>Haga clic en Recuperar para recuperar su archivo.<\/li>\n<\/ol>\n<p>Otras opciones de esta pantalla:<\/p>\n<p>Buscar: utilice el recuadro \u201cBuscar en\u201d para buscar un nombre de archivo determinado en los resultados. Introduzca el nombre del archivo que est\u00e1 buscando, o parte de \u00e9l, y haga clic en la lupa para iniciar la b\u00fasqueda.<\/p>\n<p><strong>Cancelar<\/strong>: cancela la selecci\u00f3n actual y le traslada de nuevo al men\u00fa Recuperar.<\/p>\n<p><strong>Seleccionar todo<\/strong>: selecciona todos los elementos de este grupo.<\/p>\n<p><strong>Deseleccionar todo<\/strong>: anula la selecci\u00f3n de todos los elementos de este grupo.<\/p>\n","protected":false},"excerpt":{"rendered":"<p>Esta funci\u00f3n est\u00e1 disponible \u00fanicamente en PC Cleaner Platinum Utilice la exploraci\u00f3n de recuperaci\u00f3n para buscar en su ordenador, unidades externas o tarjetas de memoria archivos o fotograf\u00edas eliminados o que no encuentra. Algunos archivos podr\u00edan estar da\u00f1ados o haberse escrito sobre ellos. Aunque el proceso de recuperaci\u00f3n hace los m\u00e1ximos esfuerzos posibles para encontrar [&hellip;]<\/p>\n","protected":false},"author":1,"featured_media":0,"parent":446,"menu_order":0,"comment_status":"closed","ping_status":"closed","template":"","meta":[],"acf":[],"yoast_head":"<!-- This site is optimized with the Yoast SEO plugin v17.7.1 - https:\/\/yoast.com\/wordpress\/plugins\/seo\/ -->\n<meta name=\"robots\" content=\"noindex, follow\" \/>\n<meta property=\"og:locale\" content=\"en_US\" \/>\n<meta property=\"og:type\" content=\"article\" \/>\n<meta property=\"og:title\" content=\"Recuperar - OneSafe Software ES\" \/>\n<meta property=\"og:description\" content=\"Esta funci\u00f3n est\u00e1 disponible \u00fanicamente en PC Cleaner Platinum Utilice la exploraci\u00f3n de recuperaci\u00f3n para buscar en su ordenador, unidades externas o tarjetas de memoria archivos o fotograf\u00edas eliminados o que no encuentra. Algunos archivos podr\u00edan estar da\u00f1ados o haberse escrito sobre ellos. Aunque el proceso de recuperaci\u00f3n hace los m\u00e1ximos esfuerzos posibles para encontrar [&hellip;]\" \/>\n<meta property=\"og:url\" content=\"https:\/\/onesafesoftware.com\/software\/es\/asistencia\/pc-cleaner\/recuperar\" \/>\n<meta property=\"og:site_name\" content=\"OneSafe Software ES\" \/>\n<meta property=\"article:modified_time\" content=\"2021-04-06T09:54:15+00:00\" \/>\n<meta name=\"twitter:card\" content=\"summary_large_image\" \/>\n<meta name=\"twitter:label1\" content=\"Est. reading time\" \/>\n\t<meta name=\"twitter:data1\" content=\"3 minutes\" \/>\n<script type=\"application\/ld+json\" class=\"yoast-schema-graph\">{\"@context\":\"https:\/\/schema.org\",\"@graph\":[{\"@type\":\"WebSite\",\"@id\":\"https:\/\/onesafesoftware.com\/software\/es\/#website\",\"url\":\"https:\/\/onesafesoftware.com\/software\/es\/\",\"name\":\"OneSafe Software ES\",\"description\":\"Just another OneSafe Software Sites site\",\"potentialAction\":[{\"@type\":\"SearchAction\",\"target\":{\"@type\":\"EntryPoint\",\"urlTemplate\":\"https:\/\/onesafesoftware.com\/software\/es\/?s={search_term_string}\"},\"query-input\":\"required name=search_term_string\"}],\"inLanguage\":\"en-US\"},{\"@type\":\"WebPage\",\"@id\":\"https:\/\/onesafesoftware.com\/software\/es\/asistencia\/pc-cleaner\/recuperar#webpage\",\"url\":\"https:\/\/onesafesoftware.com\/software\/es\/asistencia\/pc-cleaner\/recuperar\",\"name\":\"Recuperar - OneSafe Software ES\",\"isPartOf\":{\"@id\":\"https:\/\/onesafesoftware.com\/software\/es\/#website\"},\"datePublished\":\"2021-04-01T12:14:35+00:00\",\"dateModified\":\"2021-04-06T09:54:15+00:00\",\"breadcrumb\":{\"@id\":\"https:\/\/onesafesoftware.com\/software\/es\/asistencia\/pc-cleaner\/recuperar#breadcrumb\"},\"inLanguage\":\"en-US\",\"potentialAction\":[{\"@type\":\"ReadAction\",\"target\":[\"https:\/\/onesafesoftware.com\/software\/es\/asistencia\/pc-cleaner\/recuperar\"]}]},{\"@type\":\"BreadcrumbList\",\"@id\":\"https:\/\/onesafesoftware.com\/software\/es\/asistencia\/pc-cleaner\/recuperar#breadcrumb\",\"itemListElement\":[{\"@type\":\"ListItem\",\"position\":1,\"name\":\"Home\",\"item\":\"https:\/\/onesafesoftware.com\/software\/es\/\"},{\"@type\":\"ListItem\",\"position\":2,\"name\":\"Asistencia\",\"item\":\"https:\/\/onesafesoftware.com\/software\/es\/asistencia\"},{\"@type\":\"ListItem\",\"position\":3,\"name\":\"PC Cleaner\",\"item\":\"https:\/\/onesafesoftware.com\/software\/es\/asistencia\/pc-cleaner\"},{\"@type\":\"ListItem\",\"position\":4,\"name\":\"Recuperar\"}]}]}<\/script>\n<!-- \/ Yoast SEO plugin. -->","yoast_head_json":{"robots":{"index":"noindex","follow":"follow"},"og_locale":"en_US","og_type":"article","og_title":"Recuperar - OneSafe Software ES","og_description":"Esta funci\u00f3n est\u00e1 disponible \u00fanicamente en PC Cleaner Platinum Utilice la exploraci\u00f3n de recuperaci\u00f3n para buscar en su ordenador, unidades externas o tarjetas de memoria archivos o fotograf\u00edas eliminados o que no encuentra. Algunos archivos podr\u00edan estar da\u00f1ados o haberse escrito sobre ellos. Aunque el proceso de recuperaci\u00f3n hace los m\u00e1ximos esfuerzos posibles para encontrar [&hellip;]","og_url":"https:\/\/onesafesoftware.com\/software\/es\/asistencia\/pc-cleaner\/recuperar","og_site_name":"OneSafe Software ES","article_modified_time":"2021-04-06T09:54:15+00:00","twitter_card":"summary_large_image","twitter_misc":{"Est. reading time":"3 minutes"},"schema":{"@context":"https:\/\/schema.org","@graph":[{"@type":"WebSite","@id":"https:\/\/onesafesoftware.com\/software\/es\/#website","url":"https:\/\/onesafesoftware.com\/software\/es\/","name":"OneSafe Software ES","description":"Just another OneSafe Software Sites site","potentialAction":[{"@type":"SearchAction","target":{"@type":"EntryPoint","urlTemplate":"https:\/\/onesafesoftware.com\/software\/es\/?s={search_term_string}"},"query-input":"required name=search_term_string"}],"inLanguage":"en-US"},{"@type":"WebPage","@id":"https:\/\/onesafesoftware.com\/software\/es\/asistencia\/pc-cleaner\/recuperar#webpage","url":"https:\/\/onesafesoftware.com\/software\/es\/asistencia\/pc-cleaner\/recuperar","name":"Recuperar - OneSafe Software ES","isPartOf":{"@id":"https:\/\/onesafesoftware.com\/software\/es\/#website"},"datePublished":"2021-04-01T12:14:35+00:00","dateModified":"2021-04-06T09:54:15+00:00","breadcrumb":{"@id":"https:\/\/onesafesoftware.com\/software\/es\/asistencia\/pc-cleaner\/recuperar#breadcrumb"},"inLanguage":"en-US","potentialAction":[{"@type":"ReadAction","target":["https:\/\/onesafesoftware.com\/software\/es\/asistencia\/pc-cleaner\/recuperar"]}]},{"@type":"BreadcrumbList","@id":"https:\/\/onesafesoftware.com\/software\/es\/asistencia\/pc-cleaner\/recuperar#breadcrumb","itemListElement":[{"@type":"ListItem","position":1,"name":"Home","item":"https:\/\/onesafesoftware.com\/software\/es\/"},{"@type":"ListItem","position":2,"name":"Asistencia","item":"https:\/\/onesafesoftware.com\/software\/es\/asistencia"},{"@type":"ListItem","position":3,"name":"PC Cleaner","item":"https:\/\/onesafesoftware.com\/software\/es\/asistencia\/pc-cleaner"},{"@type":"ListItem","position":4,"name":"Recuperar"}]}]}},"_links":{"self":[{"href":"https:\/\/onesafesoftware.com\/software\/es\/wp-json\/wp\/v2\/pages\/456"}],"collection":[{"href":"https:\/\/onesafesoftware.com\/software\/es\/wp-json\/wp\/v2\/pages"}],"about":[{"href":"https:\/\/onesafesoftware.com\/software\/es\/wp-json\/wp\/v2\/types\/page"}],"author":[{"embeddable":true,"href":"https:\/\/onesafesoftware.com\/software\/es\/wp-json\/wp\/v2\/users\/1"}],"replies":[{"embeddable":true,"href":"https:\/\/onesafesoftware.com\/software\/es\/wp-json\/wp\/v2\/comments?post=456"}],"version-history":[{"count":1,"href":"https:\/\/onesafesoftware.com\/software\/es\/wp-json\/wp\/v2\/pages\/456\/revisions"}],"predecessor-version":[{"id":457,"href":"https:\/\/onesafesoftware.com\/software\/es\/wp-json\/wp\/v2\/pages\/456\/revisions\/457"}],"up":[{"embeddable":true,"href":"https:\/\/onesafesoftware.com\/software\/es\/wp-json\/wp\/v2\/pages\/446"}],"wp:attachment":[{"href":"https:\/\/onesafesoftware.com\/software\/es\/wp-json\/wp\/v2\/media?parent=456"}],"curies":[{"name":"wp","href":"https:\/\/api.w.org\/{rel}","templated":true}]}}