{"id":446,"date":"2021-04-01T12:13:17","date_gmt":"2021-04-01T12:13:17","guid":{"rendered":"http:\/\/onesafesoftware.com\/software\/es\/?page_id=446"},"modified":"2021-04-06T09:53:13","modified_gmt":"2021-04-06T09:53:13","slug":"pc-cleaner","status":"publish","type":"page","link":"https:\/\/onesafesoftware.com\/software\/es\/asistencia\/pc-cleaner","title":{"rendered":"PC Cleaner"},"content":{"rendered":"<p>Mantenga su ordenador como nuevo y proteja su privacidad con PC Cleaner. PC Cleaner es una herramienta simple y potente con varias funciones muy f\u00e1ciles de utilizar:<\/p>\n<ul>\n<li>Optimice autom\u00e1ticamente la configuraci\u00f3n del registro para evitar bloqueos y aumentar la velocidad del ordenador.<\/li>\n<li>Elimine los archivos de privacidad y los archivos temporales para proteger su privacidad.<\/li>\n<li>Elimine los archivos basura para liberar espacio en el disco y mejorar el rendimiento del ordenador.<\/li>\n<li>Elimine los accesos directos inv\u00e1lidos<\/li>\n<li>Afine diversos ajustes del sistema y de ventanas para obtener un rendimiento \u00f3ptimo<\/li>\n<li>Elimine programas innecesarios del inicio de Windows para aumentar la velocidad de inicio de Windows, liberar memoria y mejorar el rendimiento.<\/li>\n<li>Compruebe la configuraci\u00f3n de seguridad para asegurarse de que el PC se encuentra protegido de forma activa<\/li>\n<\/ul>\n<p>PC Cleaner es r\u00e1pido, f\u00e1cil y seguro. Este programa est\u00e1 dise\u00f1ado para que incluso los usuarios menos experimentados puedan mantengan sus ordenadores como nuevos.<\/p>\n<h2>Analizar el ordenador<\/h2>\n<p>En la pantalla Inicio, pulse el bot\u00f3n Iniciar an\u00e1lisis para explorar r\u00e1pidamente el ordenador.<\/p>\n<p><img loading=\"lazy\" class=\"alignnone size-full wp-image-260\" src=\"https:\/\/www.pchelpsoft.com\/es\/wp-content\/uploads\/sites\/4\/2021\/02\/startscan.jpg\" alt=\"\" width=\"248\" height=\"74\" \/><\/p>\n<p>Este an\u00e1lisis mostrar\u00e1 los<span>\u00a0<\/span><a href=\"\/software\/es\/asistencia\/pc-cleaner\/resultados-del-analisis\/\">Resultados del an\u00e1lisis<\/a><span>\u00a0<\/span>que le dar\u00e1n una visi\u00f3n general r\u00e1pida del estado de su ordenador.<\/p>\n","protected":false},"excerpt":{"rendered":"<p>Mantenga su ordenador como nuevo y proteja su privacidad con PC Cleaner. PC Cleaner es una herramienta simple y potente con varias funciones muy f\u00e1ciles de utilizar: Optimice autom\u00e1ticamente la configuraci\u00f3n del registro para evitar bloqueos y aumentar la velocidad del ordenador. Elimine los archivos de privacidad y los archivos temporales para proteger su privacidad. [&hellip;]<\/p>\n","protected":false},"author":1,"featured_media":0,"parent":442,"menu_order":0,"comment_status":"closed","ping_status":"closed","template":"","meta":[],"acf":[],"yoast_head":"<!-- This site is optimized with the Yoast SEO plugin v17.7.1 - https:\/\/yoast.com\/wordpress\/plugins\/seo\/ -->\n<meta name=\"robots\" content=\"noindex, follow\" \/>\n<meta property=\"og:locale\" content=\"en_US\" \/>\n<meta property=\"og:type\" content=\"article\" \/>\n<meta property=\"og:title\" content=\"PC Cleaner - OneSafe Software ES\" \/>\n<meta property=\"og:description\" content=\"Mantenga su ordenador como nuevo y proteja su privacidad con PC Cleaner. PC Cleaner es una herramienta simple y potente con varias funciones muy f\u00e1ciles de utilizar: Optimice autom\u00e1ticamente la configuraci\u00f3n del registro para evitar bloqueos y aumentar la velocidad del ordenador. Elimine los archivos de privacidad y los archivos temporales para proteger su privacidad. [&hellip;]\" \/>\n<meta property=\"og:url\" content=\"https:\/\/onesafesoftware.com\/software\/es\/asistencia\/pc-cleaner\" \/>\n<meta property=\"og:site_name\" content=\"OneSafe Software ES\" \/>\n<meta property=\"article:modified_time\" content=\"2021-04-06T09:53:13+00:00\" \/>\n<meta property=\"og:image\" content=\"https:\/\/www.pchelpsoft.com\/es\/wp-content\/uploads\/sites\/4\/2021\/02\/startscan.jpg\" \/>\n<meta name=\"twitter:card\" content=\"summary_large_image\" \/>\n<meta name=\"twitter:label1\" content=\"Est. reading time\" \/>\n\t<meta name=\"twitter:data1\" content=\"2 minutes\" \/>\n<script type=\"application\/ld+json\" class=\"yoast-schema-graph\">{\"@context\":\"https:\/\/schema.org\",\"@graph\":[{\"@type\":\"WebSite\",\"@id\":\"https:\/\/onesafesoftware.com\/software\/es\/#website\",\"url\":\"https:\/\/onesafesoftware.com\/software\/es\/\",\"name\":\"OneSafe Software ES\",\"description\":\"Just another OneSafe Software Sites site\",\"potentialAction\":[{\"@type\":\"SearchAction\",\"target\":{\"@type\":\"EntryPoint\",\"urlTemplate\":\"https:\/\/onesafesoftware.com\/software\/es\/?s={search_term_string}\"},\"query-input\":\"required name=search_term_string\"}],\"inLanguage\":\"en-US\"},{\"@type\":\"ImageObject\",\"@id\":\"https:\/\/onesafesoftware.com\/software\/es\/asistencia\/pc-cleaner#primaryimage\",\"inLanguage\":\"en-US\",\"url\":\"https:\/\/www.pchelpsoft.com\/es\/wp-content\/uploads\/sites\/4\/2021\/02\/startscan.jpg\",\"contentUrl\":\"https:\/\/www.pchelpsoft.com\/es\/wp-content\/uploads\/sites\/4\/2021\/02\/startscan.jpg\"},{\"@type\":\"WebPage\",\"@id\":\"https:\/\/onesafesoftware.com\/software\/es\/asistencia\/pc-cleaner#webpage\",\"url\":\"https:\/\/onesafesoftware.com\/software\/es\/asistencia\/pc-cleaner\",\"name\":\"PC Cleaner - OneSafe Software ES\",\"isPartOf\":{\"@id\":\"https:\/\/onesafesoftware.com\/software\/es\/#website\"},\"primaryImageOfPage\":{\"@id\":\"https:\/\/onesafesoftware.com\/software\/es\/asistencia\/pc-cleaner#primaryimage\"},\"datePublished\":\"2021-04-01T12:13:17+00:00\",\"dateModified\":\"2021-04-06T09:53:13+00:00\",\"breadcrumb\":{\"@id\":\"https:\/\/onesafesoftware.com\/software\/es\/asistencia\/pc-cleaner#breadcrumb\"},\"inLanguage\":\"en-US\",\"potentialAction\":[{\"@type\":\"ReadAction\",\"target\":[\"https:\/\/onesafesoftware.com\/software\/es\/asistencia\/pc-cleaner\"]}]},{\"@type\":\"BreadcrumbList\",\"@id\":\"https:\/\/onesafesoftware.com\/software\/es\/asistencia\/pc-cleaner#breadcrumb\",\"itemListElement\":[{\"@type\":\"ListItem\",\"position\":1,\"name\":\"Home\",\"item\":\"https:\/\/onesafesoftware.com\/software\/es\/\"},{\"@type\":\"ListItem\",\"position\":2,\"name\":\"Asistencia\",\"item\":\"https:\/\/onesafesoftware.com\/software\/es\/asistencia\"},{\"@type\":\"ListItem\",\"position\":3,\"name\":\"PC Cleaner\"}]}]}<\/script>\n<!-- \/ Yoast SEO plugin. -->","yoast_head_json":{"robots":{"index":"noindex","follow":"follow"},"og_locale":"en_US","og_type":"article","og_title":"PC Cleaner - OneSafe Software ES","og_description":"Mantenga su ordenador como nuevo y proteja su privacidad con PC Cleaner. PC Cleaner es una herramienta simple y potente con varias funciones muy f\u00e1ciles de utilizar: Optimice autom\u00e1ticamente la configuraci\u00f3n del registro para evitar bloqueos y aumentar la velocidad del ordenador. Elimine los archivos de privacidad y los archivos temporales para proteger su privacidad. [&hellip;]","og_url":"https:\/\/onesafesoftware.com\/software\/es\/asistencia\/pc-cleaner","og_site_name":"OneSafe Software ES","article_modified_time":"2021-04-06T09:53:13+00:00","og_image":[{"url":"https:\/\/www.pchelpsoft.com\/es\/wp-content\/uploads\/sites\/4\/2021\/02\/startscan.jpg"}],"twitter_card":"summary_large_image","twitter_misc":{"Est. reading time":"2 minutes"},"schema":{"@context":"https:\/\/schema.org","@graph":[{"@type":"WebSite","@id":"https:\/\/onesafesoftware.com\/software\/es\/#website","url":"https:\/\/onesafesoftware.com\/software\/es\/","name":"OneSafe Software ES","description":"Just another OneSafe Software Sites site","potentialAction":[{"@type":"SearchAction","target":{"@type":"EntryPoint","urlTemplate":"https:\/\/onesafesoftware.com\/software\/es\/?s={search_term_string}"},"query-input":"required name=search_term_string"}],"inLanguage":"en-US"},{"@type":"ImageObject","@id":"https:\/\/onesafesoftware.com\/software\/es\/asistencia\/pc-cleaner#primaryimage","inLanguage":"en-US","url":"https:\/\/www.pchelpsoft.com\/es\/wp-content\/uploads\/sites\/4\/2021\/02\/startscan.jpg","contentUrl":"https:\/\/www.pchelpsoft.com\/es\/wp-content\/uploads\/sites\/4\/2021\/02\/startscan.jpg"},{"@type":"WebPage","@id":"https:\/\/onesafesoftware.com\/software\/es\/asistencia\/pc-cleaner#webpage","url":"https:\/\/onesafesoftware.com\/software\/es\/asistencia\/pc-cleaner","name":"PC Cleaner - OneSafe Software ES","isPartOf":{"@id":"https:\/\/onesafesoftware.com\/software\/es\/#website"},"primaryImageOfPage":{"@id":"https:\/\/onesafesoftware.com\/software\/es\/asistencia\/pc-cleaner#primaryimage"},"datePublished":"2021-04-01T12:13:17+00:00","dateModified":"2021-04-06T09:53:13+00:00","breadcrumb":{"@id":"https:\/\/onesafesoftware.com\/software\/es\/asistencia\/pc-cleaner#breadcrumb"},"inLanguage":"en-US","potentialAction":[{"@type":"ReadAction","target":["https:\/\/onesafesoftware.com\/software\/es\/asistencia\/pc-cleaner"]}]},{"@type":"BreadcrumbList","@id":"https:\/\/onesafesoftware.com\/software\/es\/asistencia\/pc-cleaner#breadcrumb","itemListElement":[{"@type":"ListItem","position":1,"name":"Home","item":"https:\/\/onesafesoftware.com\/software\/es\/"},{"@type":"ListItem","position":2,"name":"Asistencia","item":"https:\/\/onesafesoftware.com\/software\/es\/asistencia"},{"@type":"ListItem","position":3,"name":"PC Cleaner"}]}]}},"_links":{"self":[{"href":"https:\/\/onesafesoftware.com\/software\/es\/wp-json\/wp\/v2\/pages\/446"}],"collection":[{"href":"https:\/\/onesafesoftware.com\/software\/es\/wp-json\/wp\/v2\/pages"}],"about":[{"href":"https:\/\/onesafesoftware.com\/software\/es\/wp-json\/wp\/v2\/types\/page"}],"author":[{"embeddable":true,"href":"https:\/\/onesafesoftware.com\/software\/es\/wp-json\/wp\/v2\/users\/1"}],"replies":[{"embeddable":true,"href":"https:\/\/onesafesoftware.com\/software\/es\/wp-json\/wp\/v2\/comments?post=446"}],"version-history":[{"count":2,"href":"https:\/\/onesafesoftware.com\/software\/es\/wp-json\/wp\/v2\/pages\/446\/revisions"}],"predecessor-version":[{"id":472,"href":"https:\/\/onesafesoftware.com\/software\/es\/wp-json\/wp\/v2\/pages\/446\/revisions\/472"}],"up":[{"embeddable":true,"href":"https:\/\/onesafesoftware.com\/software\/es\/wp-json\/wp\/v2\/pages\/442"}],"wp:attachment":[{"href":"https:\/\/onesafesoftware.com\/software\/es\/wp-json\/wp\/v2\/media?parent=446"}],"curies":[{"name":"wp","href":"https:\/\/api.w.org\/{rel}","templated":true}]}}