{"id":426,"date":"2019-07-09T13:17:05","date_gmt":"2019-07-09T13:17:05","guid":{"rendered":"http:\/\/onesafesoftware.com\/software\/es\/?page_id=426"},"modified":"2019-07-10T15:02:55","modified_gmt":"2019-07-10T15:02:55","slug":"uninstall","status":"publish","type":"page","link":"https:\/\/onesafesoftware.com\/software\/es\/uninstall","title":{"rendered":"Como desinstalar este programa"},"content":{"rendered":"<h2 class=\"title center lines\">C\u00f3mo eliminar f\u00e1cilmente OneSafe PC Cleaner<\/h2>\n<h4>Nuestro software est\u00e1 creado para cumplir todas las expectativas de nuestros clientes. No obstante, si no queda totalmente satisfecho con OneSafe PC Cleaner, siga las siguientes instrucciones para eliminarlo por completo de su ordenador.<\/h4>\n<p>&nbsp;<\/p>\n<h2 class=\"blue_bg\"><strong>WINDOWS 10<\/strong><\/h2>\n<p>Seleccione el bot\u00f3n\u00a0<img src=\"\/software\/fr\/wp-content\/uploads\/sites\/2\/2018\/05\/icon.png\" alt=\"\" \/>\u00a0Inicio y, a continuaci\u00f3n, <img loading=\"lazy\" src=\"\/software\/fr\/wp-content\/uploads\/sites\/2\/2018\/05\/icon-2.png\" alt=\"\" width=\"43\" height=\"36\" class=\"\" \/>\u00a0seleccione Configuraci\u00f3n y Aplicaciones.<\/p>\n<p>Elija el programa que desea eliminar y, a continuaci\u00f3n, seleccione Desinstalar.<\/p>\n<p><img src=\"\/software\/wp-content\/uploads\/2018\/06\/screen-EN.png\" alt=\"\" style=\"height: 435px; border: 1px solid;\" \/><\/p>\n<p>Siga las instrucciones que aparecen en la pantalla.<\/p>\n<h2 class=\"blue_bg\"><strong>WINDOWS 8<\/strong><\/h2>\n<p>Existen dos m\u00e9todos para eliminar OneSafe PC Cleaner en Windows 8:<\/p>\n<h2 class=\"blue_bg\"><strong>M\u00c9TODO <\/strong>N\u00b01<\/h2>\n<p>Haga clic con el bot\u00f3n derecho en OneSafe PC Cleaner en la p\u00e1gina de inicio. Aparecer\u00e1 una barra de herramientas en la parte inferior de la pantalla.<\/p>\n<p>Haga clic en &#8220;Desinstalar&#8221; y, a continuaci\u00f3n, en &#8220;Desinstalar&#8221; una vez m\u00e1s para confirmar que deseas eliminar OneSafe PC Cleaner.<\/p>\n<h2 class=\"blue_bg\"><strong>M\u00c9TODO <\/strong>N\u00b02<\/h2>\n<p>Dir\u00edjase a la pantalla de Inicio y escriba &#8220;Panel de control&#8221;. A continuaci\u00f3n, haga clic en el &#8220;Panel de control&#8221;.<\/p>\n<p>Seleccione &#8220;Desinstalar un programa&#8221;.<\/p>\n<p>A continuaci\u00f3n, seleccione OneSafe PC Cleaner para eliminarlo y haga clic en &#8220;Desinstalar&#8221;.<\/p>\n<h2><strong>Windows XP<\/strong><\/h2>\n<p>Haga clic en &#8220;Inicio&#8221; (parte inferior izquierda de la pantalla), vaya a &#8220;Configuraci\u00f3n&#8221;, haga clic &#8220;Panel de control&#8221; y, a continuaci\u00f3n, haga clic en:<\/p>\n<p><strong><i>\u00ab Agregar o eliminar programas \u00bb<\/i><\/strong><\/p>\n<p>Encuentre OneSafe PC Cleaner en la lista de programas y haga clic en &#8220;Eliminar&#8221;.<\/p>\n<h2><strong>Windows 7 y Windows Vista<\/strong><\/h2>\n<p>Haga clic en &#8220;Inicio&#8221; (parte inferior izquierda de la pantalla), vaya a &#8220;Configuraci\u00f3n&#8221;, haga clic &#8220;Panel de control&#8221; y, a continuaci\u00f3n, haga clic en:<\/p>\n<p><strong><i>Haga clic en &#8220;Inicio&#8221; (parte inferior izquierda de la pantalla), haga clic en &#8220;Panel de control&#8221; y, a continuaci\u00f3n, haga clic en &#8220;Programas y caracter\u00edsticas&#8221;.<\/i><\/strong><\/p>\n<p>Encuentre OneSafe PC Cleaner en la lista de programas y haga clic en &#8220;Desinstalar&#8221;.<\/p>\n<p><img src=\"\/software\/wp-content\/uploads\/2018\/06\/w7-EN.jpg\" alt=\"\" width=\"741\" class=\"alignnone size-full wp-image-267\" \/><\/p>\n","protected":false},"excerpt":{"rendered":"<p>C\u00f3mo eliminar f\u00e1cilmente OneSafe PC Cleaner Nuestro software est\u00e1 creado para cumplir todas las expectativas de nuestros clientes. No obstante, si no queda totalmente satisfecho con OneSafe PC Cleaner, siga las siguientes instrucciones para eliminarlo por completo de su ordenador. &nbsp; WINDOWS 10 Seleccione el bot\u00f3n\u00a0\u00a0Inicio y, a continuaci\u00f3n, \u00a0seleccione Configuraci\u00f3n y Aplicaciones. Elija el [&hellip;]<\/p>\n","protected":false},"author":2,"featured_media":0,"parent":0,"menu_order":0,"comment_status":"closed","ping_status":"closed","template":"","meta":[],"acf":[],"yoast_head":"<!-- This site is optimized with the Yoast SEO plugin v17.7.1 - https:\/\/yoast.com\/wordpress\/plugins\/seo\/ -->\n<meta name=\"robots\" content=\"index, follow, max-snippet:-1, max-image-preview:large, max-video-preview:-1\" \/>\n<link rel=\"canonical\" href=\"https:\/\/onesafesoftware.com\/software\/es\/uninstall\" \/>\n<meta property=\"og:locale\" content=\"en_US\" \/>\n<meta property=\"og:type\" content=\"article\" \/>\n<meta property=\"og:title\" content=\"Como desinstalar este programa - OneSafe Software ES\" \/>\n<meta property=\"og:description\" content=\"C\u00f3mo eliminar f\u00e1cilmente OneSafe PC Cleaner Nuestro software est\u00e1 creado para cumplir todas las expectativas de nuestros clientes. No obstante, si no queda totalmente satisfecho con OneSafe PC Cleaner, siga las siguientes instrucciones para eliminarlo por completo de su ordenador. &nbsp; WINDOWS 10 Seleccione el bot\u00f3n\u00a0\u00a0Inicio y, a continuaci\u00f3n, \u00a0seleccione Configuraci\u00f3n y Aplicaciones. Elija el [&hellip;]\" \/>\n<meta property=\"og:url\" content=\"https:\/\/onesafesoftware.com\/software\/es\/uninstall\" \/>\n<meta property=\"og:site_name\" content=\"OneSafe Software ES\" \/>\n<meta property=\"article:modified_time\" content=\"2019-07-10T15:02:55+00:00\" \/>\n<meta property=\"og:image\" content=\"https:\/\/onesafesoftware.com\/software\/fr\/wp-content\/uploads\/sites\/2\/2018\/05\/icon.png\" \/>\n<meta name=\"twitter:card\" content=\"summary_large_image\" \/>\n<meta name=\"twitter:label1\" content=\"Est. reading time\" \/>\n\t<meta name=\"twitter:data1\" content=\"2 minutes\" \/>\n<script type=\"application\/ld+json\" class=\"yoast-schema-graph\">{\"@context\":\"https:\/\/schema.org\",\"@graph\":[{\"@type\":\"WebSite\",\"@id\":\"https:\/\/onesafesoftware.com\/software\/es\/#website\",\"url\":\"https:\/\/onesafesoftware.com\/software\/es\/\",\"name\":\"OneSafe Software ES\",\"description\":\"Just another OneSafe Software Sites site\",\"potentialAction\":[{\"@type\":\"SearchAction\",\"target\":{\"@type\":\"EntryPoint\",\"urlTemplate\":\"https:\/\/onesafesoftware.com\/software\/es\/?s={search_term_string}\"},\"query-input\":\"required name=search_term_string\"}],\"inLanguage\":\"en-US\"},{\"@type\":\"ImageObject\",\"@id\":\"https:\/\/onesafesoftware.com\/software\/es\/uninstall#primaryimage\",\"inLanguage\":\"en-US\",\"url\":\"\/software\/fr\/wp-content\/uploads\/sites\/2\/2018\/05\/icon.png\",\"contentUrl\":\"\/software\/fr\/wp-content\/uploads\/sites\/2\/2018\/05\/icon.png\"},{\"@type\":\"WebPage\",\"@id\":\"https:\/\/onesafesoftware.com\/software\/es\/uninstall#webpage\",\"url\":\"https:\/\/onesafesoftware.com\/software\/es\/uninstall\",\"name\":\"Como desinstalar este programa - OneSafe Software ES\",\"isPartOf\":{\"@id\":\"https:\/\/onesafesoftware.com\/software\/es\/#website\"},\"primaryImageOfPage\":{\"@id\":\"https:\/\/onesafesoftware.com\/software\/es\/uninstall#primaryimage\"},\"datePublished\":\"2019-07-09T13:17:05+00:00\",\"dateModified\":\"2019-07-10T15:02:55+00:00\",\"breadcrumb\":{\"@id\":\"https:\/\/onesafesoftware.com\/software\/es\/uninstall#breadcrumb\"},\"inLanguage\":\"en-US\",\"potentialAction\":[{\"@type\":\"ReadAction\",\"target\":[\"https:\/\/onesafesoftware.com\/software\/es\/uninstall\"]}]},{\"@type\":\"BreadcrumbList\",\"@id\":\"https:\/\/onesafesoftware.com\/software\/es\/uninstall#breadcrumb\",\"itemListElement\":[{\"@type\":\"ListItem\",\"position\":1,\"name\":\"Home\",\"item\":\"https:\/\/onesafesoftware.com\/software\/es\/\"},{\"@type\":\"ListItem\",\"position\":2,\"name\":\"Como desinstalar este programa\"}]}]}<\/script>\n<!-- \/ Yoast SEO plugin. -->","yoast_head_json":{"robots":{"index":"index","follow":"follow","max-snippet":"max-snippet:-1","max-image-preview":"max-image-preview:large","max-video-preview":"max-video-preview:-1"},"canonical":"https:\/\/onesafesoftware.com\/software\/es\/uninstall","og_locale":"en_US","og_type":"article","og_title":"Como desinstalar este programa - OneSafe Software ES","og_description":"C\u00f3mo eliminar f\u00e1cilmente OneSafe PC Cleaner Nuestro software est\u00e1 creado para cumplir todas las expectativas de nuestros clientes. No obstante, si no queda totalmente satisfecho con OneSafe PC Cleaner, siga las siguientes instrucciones para eliminarlo por completo de su ordenador. &nbsp; WINDOWS 10 Seleccione el bot\u00f3n\u00a0\u00a0Inicio y, a continuaci\u00f3n, \u00a0seleccione Configuraci\u00f3n y Aplicaciones. Elija el [&hellip;]","og_url":"https:\/\/onesafesoftware.com\/software\/es\/uninstall","og_site_name":"OneSafe Software ES","article_modified_time":"2019-07-10T15:02:55+00:00","og_image":[{"url":"https:\/\/onesafesoftware.com\/software\/fr\/wp-content\/uploads\/sites\/2\/2018\/05\/icon.png"}],"twitter_card":"summary_large_image","twitter_misc":{"Est. reading time":"2 minutes"},"schema":{"@context":"https:\/\/schema.org","@graph":[{"@type":"WebSite","@id":"https:\/\/onesafesoftware.com\/software\/es\/#website","url":"https:\/\/onesafesoftware.com\/software\/es\/","name":"OneSafe Software ES","description":"Just another OneSafe Software Sites site","potentialAction":[{"@type":"SearchAction","target":{"@type":"EntryPoint","urlTemplate":"https:\/\/onesafesoftware.com\/software\/es\/?s={search_term_string}"},"query-input":"required name=search_term_string"}],"inLanguage":"en-US"},{"@type":"ImageObject","@id":"https:\/\/onesafesoftware.com\/software\/es\/uninstall#primaryimage","inLanguage":"en-US","url":"\/software\/fr\/wp-content\/uploads\/sites\/2\/2018\/05\/icon.png","contentUrl":"\/software\/fr\/wp-content\/uploads\/sites\/2\/2018\/05\/icon.png"},{"@type":"WebPage","@id":"https:\/\/onesafesoftware.com\/software\/es\/uninstall#webpage","url":"https:\/\/onesafesoftware.com\/software\/es\/uninstall","name":"Como desinstalar este programa - OneSafe Software ES","isPartOf":{"@id":"https:\/\/onesafesoftware.com\/software\/es\/#website"},"primaryImageOfPage":{"@id":"https:\/\/onesafesoftware.com\/software\/es\/uninstall#primaryimage"},"datePublished":"2019-07-09T13:17:05+00:00","dateModified":"2019-07-10T15:02:55+00:00","breadcrumb":{"@id":"https:\/\/onesafesoftware.com\/software\/es\/uninstall#breadcrumb"},"inLanguage":"en-US","potentialAction":[{"@type":"ReadAction","target":["https:\/\/onesafesoftware.com\/software\/es\/uninstall"]}]},{"@type":"BreadcrumbList","@id":"https:\/\/onesafesoftware.com\/software\/es\/uninstall#breadcrumb","itemListElement":[{"@type":"ListItem","position":1,"name":"Home","item":"https:\/\/onesafesoftware.com\/software\/es\/"},{"@type":"ListItem","position":2,"name":"Como desinstalar este programa"}]}]}},"_links":{"self":[{"href":"https:\/\/onesafesoftware.com\/software\/es\/wp-json\/wp\/v2\/pages\/426"}],"collection":[{"href":"https:\/\/onesafesoftware.com\/software\/es\/wp-json\/wp\/v2\/pages"}],"about":[{"href":"https:\/\/onesafesoftware.com\/software\/es\/wp-json\/wp\/v2\/types\/page"}],"author":[{"embeddable":true,"href":"https:\/\/onesafesoftware.com\/software\/es\/wp-json\/wp\/v2\/users\/2"}],"replies":[{"embeddable":true,"href":"https:\/\/onesafesoftware.com\/software\/es\/wp-json\/wp\/v2\/comments?post=426"}],"version-history":[{"count":5,"href":"https:\/\/onesafesoftware.com\/software\/es\/wp-json\/wp\/v2\/pages\/426\/revisions"}],"predecessor-version":[{"id":432,"href":"https:\/\/onesafesoftware.com\/software\/es\/wp-json\/wp\/v2\/pages\/426\/revisions\/432"}],"wp:attachment":[{"href":"https:\/\/onesafesoftware.com\/software\/es\/wp-json\/wp\/v2\/media?parent=426"}],"curies":[{"name":"wp","href":"https:\/\/api.w.org\/{rel}","templated":true}]}}