{"id":353,"date":"2017-12-18T13:50:15","date_gmt":"2017-12-18T13:50:15","guid":{"rendered":"http:\/\/onesafesoftware-test.com\/software\/de\/?page_id=353"},"modified":"2019-07-10T15:13:32","modified_gmt":"2019-07-10T15:13:32","slug":"uninstall","status":"publish","type":"page","link":"https:\/\/onesafesoftware.com\/software\/de\/uninstall","title":{"rendered":"Wie Sie Ihre Software deinstallieren"},"content":{"rendered":"<h2 class=\"title center lines\">So k\u00f6nnen Sie OneSafe PC Cleaner einfach l\u00f6schen<\/h2>\n<h4>Unsere Software ist so konzipiert, dass sie alle Erwartungen unserer Kunden erf\u00fcllt. Wenn Sie jedoch nicht vollst\u00e4ndig mit OneSafe PC Cleaner zufrieden sind, befolgen Sie bitte die folgenden Anweisungen, um es vollst\u00e4ndig von Ihrem Computer zu entfernen.<\/h4>\n<p>&nbsp;<\/p>\n<h2 class=\"blue_bg\"><strong>WINDOWS 10<\/strong><\/h2>\n<p>W\u00e4hlen Sie\u00a0<img loading=\"lazy\" src=\"\/software\/fr\/wp-content\/uploads\/sites\/2\/2018\/05\/icon-2.png\" alt=\"\" width=\"43\" height=\"36\" class=\"\" \/>\u00a0die Schaltfl\u00e4che \u201eStart\u201c und\u00a0<img src=\"\/software\/fr\/wp-content\/uploads\/sites\/2\/2018\/05\/icon.png\" alt=\"\" \/>\u00a0dann Einstellungen und Apps.<\/p>\n<p>W\u00e4hlen Sie das Programm, das Sie l\u00f6schen m\u00f6chten, und w\u00e4hlen Sie dann Deinstallieren.<\/p>\n<p><img src=\"\/software\/wp-content\/uploads\/2018\/06\/screen-EN.png\" alt=\"\" style=\"height: 575px; border: 1px solid;\" \/><\/p>\n<p>Folgen Sie den Anweisungen auf Ihrem Bildschirm.<\/p>\n<h2 class=\"blue_bg\"><strong>WINDOWS 8<\/strong><\/h2>\n<p>Es gibt zwei M\u00f6glichkeiten, OneSafe PC Cleaner unter Windows 8 zu entfernen:<\/p>\n<h2 class=\"blue_bg\">METHODE NR. 1<\/h2>\n<p>Klicken Sie mit der rechten Maustaste auf OneSafe PC Cleaner auf der Startseite. Am unteren Bildschirmrand erscheint eine Symbolleiste.<\/p>\n<p>Klicken Sie auf \u201eDeinstallieren\u201c und dann noch einmal auf \u201eDeinstallieren\u201c, um zu best\u00e4tigen, dass Sie OneSafe PC Cleaner l\u00f6schen m\u00f6chten.<\/p>\n<h2 class=\"blue_bg\">METHODE NR. 2<\/h2>\n<p>Navigieren Sie zum Startbildschirm und geben Sie \u201eSystemsteuerung\u201c ein. Klicken Sie dann auf \u201eSystemsteuerung\u201c.<\/p>\n<p>W\u00e4hlen Sie \u201eProgramm deinstallieren\u201c<\/p>\n<p>W\u00e4hlen Sie dann OneSafe PC Cleaner, um es zu entfernen, und klicken Sie auf \u201eDeinstallieren\u201c.<\/p>\n<h2><strong>Windows XP<\/strong><\/h2>\n<p>Klicken Sie auf \u201eStart\u201c (unten links auf Ihrem Bildschirm), navigieren Sie zu \u201eEinstellungen\u201c, klicken Sie dann auf \u201eSystemsteuerung\u201c und anschlie\u00dfend auf:<\/p>\n<p><i><strong>\u201eProgramme hinzuf\u00fcgen oder entfernen\u201c<\/strong><\/i><\/p>\n<p>Suchen Sie OneSafe PC Cleaner in der Liste der Programme und klicken Sie auf \u201eEntfernen\u201c.<\/p>\n<h2><strong>Windows 7 &amp; Windows Vista<\/strong><\/h2>\n<p>Klicken Sie auf \u201eStart\u201c (unten links auf Ihrem Bildschirm), navigieren Sie zu \u201eEinstellungen\u201c, klicken Sie dann auf \u201eSystemsteuerung\u201c und anschlie\u00dfend auf:<\/p>\n<p><strong><i>Klicken Sie auf \u201eStart\u201c (unten links auf Ihrem Bildschirm), dann auf \u201eSystemsteuerung\u201c und schlie\u00dflich auf \u201eProgramme und Funktionen\u201c.<\/i><\/strong><\/p>\n<p>Suchen Sie OneSafe PC Cleaner in der Liste der Programme und klicken Sie auf \u201eDeinstallieren\u201c.<\/p>\n<p><img src=\"\/software\/wp-content\/uploads\/2018\/06\/w7-EN.jpg\" alt=\"\" width=\"741\" class=\"alignnone size-full wp-image-267\" \/><\/p>\n","protected":false},"excerpt":{"rendered":"<p>So k\u00f6nnen Sie OneSafe PC Cleaner einfach l\u00f6schen Unsere Software ist so konzipiert, dass sie alle Erwartungen unserer Kunden erf\u00fcllt. Wenn Sie jedoch nicht vollst\u00e4ndig mit OneSafe PC Cleaner zufrieden sind, befolgen Sie bitte die folgenden Anweisungen, um es vollst\u00e4ndig von Ihrem Computer zu entfernen. &nbsp; WINDOWS 10 W\u00e4hlen Sie\u00a0\u00a0die Schaltfl\u00e4che \u201eStart\u201c und\u00a0\u00a0dann Einstellungen und [&hellip;]<\/p>\n","protected":false},"author":1,"featured_media":0,"parent":0,"menu_order":0,"comment_status":"closed","ping_status":"closed","template":"","meta":[],"acf":[],"yoast_head":"<!-- This site is optimized with the Yoast SEO plugin v17.7.1 - https:\/\/yoast.com\/wordpress\/plugins\/seo\/ -->\n<meta name=\"robots\" content=\"index, follow, max-snippet:-1, max-image-preview:large, max-video-preview:-1\" \/>\n<link rel=\"canonical\" href=\"https:\/\/onesafesoftware.com\/software\/de\/uninstall\" \/>\n<meta property=\"og:locale\" content=\"en_US\" \/>\n<meta property=\"og:type\" content=\"article\" \/>\n<meta property=\"og:title\" content=\"Wie Sie Ihre Software deinstallieren - OneSafe Software DE\" \/>\n<meta property=\"og:description\" content=\"So k\u00f6nnen Sie OneSafe PC Cleaner einfach l\u00f6schen Unsere Software ist so konzipiert, dass sie alle Erwartungen unserer Kunden erf\u00fcllt. Wenn Sie jedoch nicht vollst\u00e4ndig mit OneSafe PC Cleaner zufrieden sind, befolgen Sie bitte die folgenden Anweisungen, um es vollst\u00e4ndig von Ihrem Computer zu entfernen. &nbsp; WINDOWS 10 W\u00e4hlen Sie\u00a0\u00a0die Schaltfl\u00e4che \u201eStart\u201c und\u00a0\u00a0dann Einstellungen und [&hellip;]\" \/>\n<meta property=\"og:url\" content=\"https:\/\/onesafesoftware.com\/software\/de\/uninstall\" \/>\n<meta property=\"og:site_name\" content=\"OneSafe Software DE\" \/>\n<meta property=\"article:modified_time\" content=\"2019-07-10T15:13:32+00:00\" \/>\n<meta property=\"og:image\" content=\"https:\/\/onesafesoftware.com\/software\/fr\/wp-content\/uploads\/sites\/2\/2018\/05\/icon-2.png\" \/>\n<meta name=\"twitter:card\" content=\"summary_large_image\" \/>\n<meta name=\"twitter:label1\" content=\"Est. reading time\" \/>\n\t<meta name=\"twitter:data1\" content=\"1 minute\" \/>\n<script type=\"application\/ld+json\" class=\"yoast-schema-graph\">{\"@context\":\"https:\/\/schema.org\",\"@graph\":[{\"@type\":\"WebSite\",\"@id\":\"https:\/\/onesafesoftware.com\/software\/de\/#website\",\"url\":\"https:\/\/onesafesoftware.com\/software\/de\/\",\"name\":\"OneSafe Software DE\",\"description\":\"Just another OneSafe Software Sites site\",\"potentialAction\":[{\"@type\":\"SearchAction\",\"target\":{\"@type\":\"EntryPoint\",\"urlTemplate\":\"https:\/\/onesafesoftware.com\/software\/de\/?s={search_term_string}\"},\"query-input\":\"required name=search_term_string\"}],\"inLanguage\":\"en-US\"},{\"@type\":\"ImageObject\",\"@id\":\"https:\/\/onesafesoftware.com\/software\/de\/uninstall#primaryimage\",\"inLanguage\":\"en-US\",\"url\":\"\/software\/fr\/wp-content\/uploads\/sites\/2\/2018\/05\/icon-2.png\",\"contentUrl\":\"\/software\/fr\/wp-content\/uploads\/sites\/2\/2018\/05\/icon-2.png\"},{\"@type\":\"WebPage\",\"@id\":\"https:\/\/onesafesoftware.com\/software\/de\/uninstall#webpage\",\"url\":\"https:\/\/onesafesoftware.com\/software\/de\/uninstall\",\"name\":\"Wie Sie Ihre Software deinstallieren - OneSafe Software DE\",\"isPartOf\":{\"@id\":\"https:\/\/onesafesoftware.com\/software\/de\/#website\"},\"primaryImageOfPage\":{\"@id\":\"https:\/\/onesafesoftware.com\/software\/de\/uninstall#primaryimage\"},\"datePublished\":\"2017-12-18T13:50:15+00:00\",\"dateModified\":\"2019-07-10T15:13:32+00:00\",\"breadcrumb\":{\"@id\":\"https:\/\/onesafesoftware.com\/software\/de\/uninstall#breadcrumb\"},\"inLanguage\":\"en-US\",\"potentialAction\":[{\"@type\":\"ReadAction\",\"target\":[\"https:\/\/onesafesoftware.com\/software\/de\/uninstall\"]}]},{\"@type\":\"BreadcrumbList\",\"@id\":\"https:\/\/onesafesoftware.com\/software\/de\/uninstall#breadcrumb\",\"itemListElement\":[{\"@type\":\"ListItem\",\"position\":1,\"name\":\"Home\",\"item\":\"https:\/\/onesafesoftware.com\/software\/de\/\"},{\"@type\":\"ListItem\",\"position\":2,\"name\":\"Wie Sie Ihre Software deinstallieren\"}]}]}<\/script>\n<!-- \/ Yoast SEO plugin. -->","yoast_head_json":{"robots":{"index":"index","follow":"follow","max-snippet":"max-snippet:-1","max-image-preview":"max-image-preview:large","max-video-preview":"max-video-preview:-1"},"canonical":"https:\/\/onesafesoftware.com\/software\/de\/uninstall","og_locale":"en_US","og_type":"article","og_title":"Wie Sie Ihre Software deinstallieren - OneSafe Software DE","og_description":"So k\u00f6nnen Sie OneSafe PC Cleaner einfach l\u00f6schen Unsere Software ist so konzipiert, dass sie alle Erwartungen unserer Kunden erf\u00fcllt. Wenn Sie jedoch nicht vollst\u00e4ndig mit OneSafe PC Cleaner zufrieden sind, befolgen Sie bitte die folgenden Anweisungen, um es vollst\u00e4ndig von Ihrem Computer zu entfernen. &nbsp; WINDOWS 10 W\u00e4hlen Sie\u00a0\u00a0die Schaltfl\u00e4che \u201eStart\u201c und\u00a0\u00a0dann Einstellungen und [&hellip;]","og_url":"https:\/\/onesafesoftware.com\/software\/de\/uninstall","og_site_name":"OneSafe Software DE","article_modified_time":"2019-07-10T15:13:32+00:00","og_image":[{"url":"https:\/\/onesafesoftware.com\/software\/fr\/wp-content\/uploads\/sites\/2\/2018\/05\/icon-2.png"}],"twitter_card":"summary_large_image","twitter_misc":{"Est. reading time":"1 minute"},"schema":{"@context":"https:\/\/schema.org","@graph":[{"@type":"WebSite","@id":"https:\/\/onesafesoftware.com\/software\/de\/#website","url":"https:\/\/onesafesoftware.com\/software\/de\/","name":"OneSafe Software DE","description":"Just another OneSafe Software Sites site","potentialAction":[{"@type":"SearchAction","target":{"@type":"EntryPoint","urlTemplate":"https:\/\/onesafesoftware.com\/software\/de\/?s={search_term_string}"},"query-input":"required name=search_term_string"}],"inLanguage":"en-US"},{"@type":"ImageObject","@id":"https:\/\/onesafesoftware.com\/software\/de\/uninstall#primaryimage","inLanguage":"en-US","url":"\/software\/fr\/wp-content\/uploads\/sites\/2\/2018\/05\/icon-2.png","contentUrl":"\/software\/fr\/wp-content\/uploads\/sites\/2\/2018\/05\/icon-2.png"},{"@type":"WebPage","@id":"https:\/\/onesafesoftware.com\/software\/de\/uninstall#webpage","url":"https:\/\/onesafesoftware.com\/software\/de\/uninstall","name":"Wie Sie Ihre Software deinstallieren - OneSafe Software DE","isPartOf":{"@id":"https:\/\/onesafesoftware.com\/software\/de\/#website"},"primaryImageOfPage":{"@id":"https:\/\/onesafesoftware.com\/software\/de\/uninstall#primaryimage"},"datePublished":"2017-12-18T13:50:15+00:00","dateModified":"2019-07-10T15:13:32+00:00","breadcrumb":{"@id":"https:\/\/onesafesoftware.com\/software\/de\/uninstall#breadcrumb"},"inLanguage":"en-US","potentialAction":[{"@type":"ReadAction","target":["https:\/\/onesafesoftware.com\/software\/de\/uninstall"]}]},{"@type":"BreadcrumbList","@id":"https:\/\/onesafesoftware.com\/software\/de\/uninstall#breadcrumb","itemListElement":[{"@type":"ListItem","position":1,"name":"Home","item":"https:\/\/onesafesoftware.com\/software\/de\/"},{"@type":"ListItem","position":2,"name":"Wie Sie Ihre Software deinstallieren"}]}]}},"_links":{"self":[{"href":"https:\/\/onesafesoftware.com\/software\/de\/wp-json\/wp\/v2\/pages\/353"}],"collection":[{"href":"https:\/\/onesafesoftware.com\/software\/de\/wp-json\/wp\/v2\/pages"}],"about":[{"href":"https:\/\/onesafesoftware.com\/software\/de\/wp-json\/wp\/v2\/types\/page"}],"author":[{"embeddable":true,"href":"https:\/\/onesafesoftware.com\/software\/de\/wp-json\/wp\/v2\/users\/1"}],"replies":[{"embeddable":true,"href":"https:\/\/onesafesoftware.com\/software\/de\/wp-json\/wp\/v2\/comments?post=353"}],"version-history":[{"count":12,"href":"https:\/\/onesafesoftware.com\/software\/de\/wp-json\/wp\/v2\/pages\/353\/revisions"}],"predecessor-version":[{"id":488,"href":"https:\/\/onesafesoftware.com\/software\/de\/wp-json\/wp\/v2\/pages\/353\/revisions\/488"}],"wp:attachment":[{"href":"https:\/\/onesafesoftware.com\/software\/de\/wp-json\/wp\/v2\/media?parent=353"}],"curies":[{"name":"wp","href":"https:\/\/api.w.org\/{rel}","templated":true}]}}